{"id":4421,"date":"2023-01-18T17:37:31","date_gmt":"2023-01-18T15:37:31","guid":{"rendered":"https:\/\/dev.zezz.ee\/garden\/toode\/monarda-fishes\/"},"modified":"2026-03-03T16:30:11","modified_gmt":"2026-03-03T14:30:11","slug":"monarda-fishes","status":"publish","type":"product","link":"https:\/\/dev.garden.ee\/en\/product\/monarda-fishes\/","title":{"rendered":"Monarda &#8216;Fishes&#8217;"},"content":{"rendered":"<input class=\"fooboxshare_post_id\" type=\"hidden\" value=\"4421\"\/>","protected":false},"excerpt":{"rendered":"<p>Kaunil sordil on \u00f5rnroosad monardadele omased,\u00a0vahvalt puhvis \u00f5ied. N\u00e4rtsinud \u00f5isi tuleks j\u00e4rjepidevalt \u00e4ra noppida, siis on tagatud ka pikaajaline \u00f5itsemine suvest s\u00fcgiseni. Aedmonarda on kaunis massistutusena, sobib h\u00e4sti ka l\u00f5ikelilleks.\u00a0Omap\u00e4rase v\u00e4limusega \u00f5isi kannavad tugevad varred, mida \u00fcmbritseb bergamoti l\u00f5hnaline lehestik. Tegemist on sama \u00fcrdiga, mis annab omap\u00e4rase maitse ka Earl Gray teele. Tugev aromaatsus muudab taime heaks teematerjaliks. Taime \u00fcmber on pidevalt kosta suminat, sest \u00f5ite magus nektar ning taimest eralduv aromaatsus meelitab kohale erinevaid tolmeldajaid.<\/p>","protected":false},"featured_media":23046,"template":"","meta":[],"product_brand":[],"product_cat":[4415,4414,4413,6934,4401,22],"product_tag":[],"class_list":{"0":"post-4421","1":"product","2":"type-product","3":"status-publish","4":"has-post-thumbnail","6":"product_cat-lilleaed","7":"product_cat-lohnaaed","8":"product_cat-loikelilleaed","9":"product_cat-mesilassobralik-aed","10":"product_cat-pusikud","11":"product_cat-taimed","12":"pa_haiguskindlus-vaga-hea","13":"pa_lohn-lohnav","14":"pa_moodud-k-80-cm-l-40-cm","15":"pa_oie-varv-roosa","16":"pa_oitsemise-aeg-juuli-september","17":"pa_talvekindlus-vaga-hea","18":"pa_tsoon-3-9","19":"pa_variatsioon-suurem-pott","20":"pa_variatsioon-vaiksem-pott","22":"first","23":"instock","24":"purchasable","25":"product-type-variable"},"acf":[],"_links":{"self":[{"href":"https:\/\/dev.garden.ee\/en\/wp-json\/wp\/v2\/product\/4421","targetHints":{"allow":["GET"]}}],"collection":[{"href":"https:\/\/dev.garden.ee\/en\/wp-json\/wp\/v2\/product"}],"about":[{"href":"https:\/\/dev.garden.ee\/en\/wp-json\/wp\/v2\/types\/product"}],"wp:featuredmedia":[{"embeddable":true,"href":"https:\/\/dev.garden.ee\/en\/wp-json\/wp\/v2\/media\/23046"}],"wp:attachment":[{"href":"https:\/\/dev.garden.ee\/en\/wp-json\/wp\/v2\/media?parent=4421"}],"wp:term":[{"taxonomy":"product_brand","embeddable":true,"href":"https:\/\/dev.garden.ee\/en\/wp-json\/wp\/v2\/product_brand?post=4421"},{"taxonomy":"product_cat","embeddable":true,"href":"https:\/\/dev.garden.ee\/en\/wp-json\/wp\/v2\/product_cat?post=4421"},{"taxonomy":"product_tag","embeddable":true,"href":"https:\/\/dev.garden.ee\/en\/wp-json\/wp\/v2\/product_tag?post=4421"}],"curies":[{"name":"wp","href":"https:\/\/api.w.org\/{rel}","templated":true}]}}