{"id":4413,"date":"2023-01-18T17:37:25","date_gmt":"2023-01-18T15:37:25","guid":{"rendered":"https:\/\/dev.zezz.ee\/garden\/toode\/liriodendron-tulipifera\/"},"modified":"2023-03-21T11:06:08","modified_gmt":"2023-03-21T09:06:08","slug":"liriodendron-tulipifera","status":"publish","type":"product","link":"https:\/\/dev.garden.ee\/en\/product\/liriodendron-tulipifera\/","title":{"rendered":"Liriodendron tulipifera"},"content":{"rendered":"<input class=\"fooboxshare_post_id\" type=\"hidden\" value=\"4413\"\/>","protected":false},"excerpt":{"rendered":"<p>Suur ja kiirekasvuline puu v\u00e4ga dekoratiivsete tulbi\u00f5it meenutavate \u00f5itega. T\u00e4nu oma dekoratiivsusele on v\u00e4ga levinud Euroopa haljastuses. Lehestik tihe, sile, tugevate h\u00f5lmadega. 8-15 cm pikad lehed on s\u00fcgisel kollased. Kollakasoran\u017eid \u00f5ied on l\u00e4bim\u00f5\u00f5duga 5-6 cm. Kasvukoht: Vajab valgusk\u00fcllast, liivakat kuni rammusat, kuivemat pinnast.<\/p>\n<p><span style=\"color: #ff0000;\">\u00a0<\/span><\/p>\n<p><span style=\"color: #ff0000;\">\u00a0<\/span><\/p>","protected":false},"featured_media":4414,"template":"","meta":[],"product_brand":[],"product_cat":[4403,4406,4396,22],"product_tag":[],"class_list":{"0":"post-4413","1":"product","2":"type-product","3":"status-publish","4":"has-post-thumbnail","6":"product_cat-kodu","7":"product_cat-park","8":"product_cat-puud-ja-poosad","9":"product_cat-taimed","10":"pa_moodud-k-15-25-m-l-10-15","11":"pa_muugisuurus-erinevad-suurused","12":"pa_oie-varv-kollane","13":"pa_oitsemise-aeg-juuni","14":"pa_tsoon-z-4-9","15":"pa_variatsioon-puuvorm-h-175-200-cm","16":"pa_variatsioon-puuvorm-h-200-250-cm","17":"pa_variatsioon-puuvorm-h-250-300-cm","19":"first","20":"outofstock","21":"taxable","22":"shipping-taxable","23":"purchasable","24":"product-type-variable"},"acf":[],"_links":{"self":[{"href":"https:\/\/dev.garden.ee\/en\/wp-json\/wp\/v2\/product\/4413","targetHints":{"allow":["GET"]}}],"collection":[{"href":"https:\/\/dev.garden.ee\/en\/wp-json\/wp\/v2\/product"}],"about":[{"href":"https:\/\/dev.garden.ee\/en\/wp-json\/wp\/v2\/types\/product"}],"wp:featuredmedia":[{"embeddable":true,"href":"https:\/\/dev.garden.ee\/en\/wp-json\/wp\/v2\/media\/4414"}],"wp:attachment":[{"href":"https:\/\/dev.garden.ee\/en\/wp-json\/wp\/v2\/media?parent=4413"}],"wp:term":[{"taxonomy":"product_brand","embeddable":true,"href":"https:\/\/dev.garden.ee\/en\/wp-json\/wp\/v2\/product_brand?post=4413"},{"taxonomy":"product_cat","embeddable":true,"href":"https:\/\/dev.garden.ee\/en\/wp-json\/wp\/v2\/product_cat?post=4413"},{"taxonomy":"product_tag","embeddable":true,"href":"https:\/\/dev.garden.ee\/en\/wp-json\/wp\/v2\/product_tag?post=4413"}],"curies":[{"name":"wp","href":"https:\/\/api.w.org\/{rel}","templated":true}]}}