{"id":4405,"date":"2023-01-18T17:37:21","date_gmt":"2023-01-18T15:37:21","guid":{"rendered":"https:\/\/dev.zezz.ee\/garden\/toode\/mentha-spicata-moroccan\/"},"modified":"2026-03-02T21:15:26","modified_gmt":"2026-03-02T19:15:26","slug":"mentha-spicata-moroccan","status":"publish","type":"product","link":"https:\/\/dev.garden.ee\/en\/product\/mentha-spicata-moroccan\/","title":{"rendered":"Mentha spicata &#8216;Moroccan&#8217;"},"content":{"rendered":"<input class=\"fooboxshare_post_id\" type=\"hidden\" value=\"4405\"\/>","protected":false},"excerpt":{"rendered":"<p>Erkrohelisel lehestikul on fantastiliselt magus ning oman\u00e4oline m\u00fcndi aroom. Tee armastajate vaieldamatu lemmik just t\u00e4nu oma erilisele maitsele, mis on samaaegselt nii rahustav kui ka kosutav. Lisaks teele saab taime kasutada ka erinevate roogade maitsestamiseks. Lihtsasti kasvatatav p\u00fcsik on kiire kasvuga. Suve alguses \u00f5itsevad \u00f5isikud meelitavad aeda rohkelt erinevaid tolmeldajaid. Kuna m\u00fcndilistele kohaselt on ka antud sordi loomuses oma juurtega j\u00f5udsalt edasi levida, siis soovitus oleks m\u00fcnti eraldi potis kasvatada. Iga paari aasta tagant v\u00f5ib teda harvendada. M\u00fcndid on heaks leevendajaks nii m\u00f5negi haiguse puhul &#8211; kurguvalu, hinge\u00f5hu v\u00e4rskendamisel, \u00e4rritunud soole s\u00fcndroomi leevendamiseks, lisaks aitab p\u00e4rssida ka erinevat t\u00fc\u00fcpi bakterite kasvu, lehtede purustamisel vabanenud aroom aitab leevendada nt peavalu.<\/p>","protected":false},"featured_media":4406,"template":"","meta":[],"product_brand":[],"product_cat":[4401,4410,4411,4393,22],"product_tag":[],"class_list":{"0":"post-4405","1":"product","2":"type-product","3":"status-publish","4":"has-post-thumbnail","6":"product_cat-pusikud","7":"product_cat-tarbeaed","8":"product_cat-urdiaed","9":"product_cat-urdid","10":"product_cat-taimed","11":"pa_haiguskindlus-vaga-hea","12":"pa_lohn-tugev","13":"pa_moodud-k-50-cm-l-30-cm","14":"pa_oie-varv-lilla","15":"pa_oitsemise-aeg-juuni","16":"pa_talvekindlus-vaga-hea","17":"pa_tsoon-4-9","18":"pa_variatsioon-suurem-pott","19":"pa_variatsioon-suurem-pott-soodushind-50","20":"pa_variatsioon-vaiksem-pott","22":"first","23":"outofstock","24":"sale","25":"purchasable","26":"product-type-variable"},"acf":[],"_links":{"self":[{"href":"https:\/\/dev.garden.ee\/en\/wp-json\/wp\/v2\/product\/4405","targetHints":{"allow":["GET"]}}],"collection":[{"href":"https:\/\/dev.garden.ee\/en\/wp-json\/wp\/v2\/product"}],"about":[{"href":"https:\/\/dev.garden.ee\/en\/wp-json\/wp\/v2\/types\/product"}],"wp:featuredmedia":[{"embeddable":true,"href":"https:\/\/dev.garden.ee\/en\/wp-json\/wp\/v2\/media\/4406"}],"wp:attachment":[{"href":"https:\/\/dev.garden.ee\/en\/wp-json\/wp\/v2\/media?parent=4405"}],"wp:term":[{"taxonomy":"product_brand","embeddable":true,"href":"https:\/\/dev.garden.ee\/en\/wp-json\/wp\/v2\/product_brand?post=4405"},{"taxonomy":"product_cat","embeddable":true,"href":"https:\/\/dev.garden.ee\/en\/wp-json\/wp\/v2\/product_cat?post=4405"},{"taxonomy":"product_tag","embeddable":true,"href":"https:\/\/dev.garden.ee\/en\/wp-json\/wp\/v2\/product_tag?post=4405"}],"curies":[{"name":"wp","href":"https:\/\/api.w.org\/{rel}","templated":true}]}}