{"id":4380,"date":"2023-01-18T17:37:04","date_gmt":"2023-01-18T15:37:04","guid":{"rendered":"https:\/\/dev.zezz.ee\/garden\/toode\/delphinium-x-belladonna-cliveden-beauty\/"},"modified":"2026-02-20T20:07:02","modified_gmt":"2026-02-20T18:07:02","slug":"delphinium-x-belladonna-cliveden-beauty","status":"publish","type":"product","link":"https:\/\/dev.garden.ee\/en\/product\/delphinium-x-belladonna-cliveden-beauty\/","title":{"rendered":"Delphinium x belladonna &#8216;Cliveden Beauty&#8217;"},"content":{"rendered":"<input class=\"fooboxshare_post_id\" type=\"hidden\" value=\"4380\"\/>","protected":false},"excerpt":{"rendered":"<p>Kuigi siniste toonidega kukekannuseid on veel, ei saa \u00fckski neist ligil\u00e4hedale &#8216;Cliveden Beauty&#8217; helendavale toonile. \u00d5itel on helesinised kroonlehed ning valge s\u00fcdamik.\u00a0Pika tipuga \u00f5ied meenutavad oma kujult tillukesi p\u00e4kapikum\u00fctsikesi, mis koos moodustavad k\u00fcllaltki vaba vormiga \u00f5isikuid. Sobivad nii soolotaimena, taustaks p\u00fcsikupeenrasse kui ka massistutuseks. Pikaks \u00f5itsemiseks l\u00f5ika n\u00e4rtsinud \u00f5ievarred maha. \u00dcldjuhul ei vaja toestamist. Kuid kui taimeala paikneb avatumal alal, siis v\u00f5ib toestust\u00a0 vaja minna. Sobib ideaalselt l\u00f5ikelilleks. Hea vastupidavusega haigustele, samuti hea talvekindlusega, taludes kuni -30\u00b0C. Taim on m\u00fcrgine.<\/p>","protected":false},"featured_media":4381,"template":"","meta":[],"product_brand":[],"product_cat":[4415,4413,4401,22],"product_tag":[],"class_list":{"0":"post-4380","1":"product","2":"type-product","3":"status-publish","4":"has-post-thumbnail","6":"product_cat-lilleaed","7":"product_cat-loikelilleaed","8":"product_cat-pusikud","9":"product_cat-taimed","10":"pa_haiguskindlus-vaga-hea","11":"pa_kasvukorgus-90-cm","12":"pa_laius-30-cm","13":"pa_lisainfo-murgine","14":"pa_lisainfo-vajab-tuulte-eest-varju","15":"pa_oie-varv-sinine","16":"pa_oitsemise-aeg-juuli-september","17":"pa_talvekindlus-vaga-hea","18":"pa_tingimused-hea-drenaaz","19":"pa_tingimused-niiske","20":"pa_tingimused-viljakas","21":"pa_tsoon-4-9","22":"pa_valguse-tingimused-paike","23":"pa_valguse-tingimused-poolvari","24":"pa_variatsioon-suurem-pott","25":"pa_variatsioon-vaiksem-pott","27":"first","28":"instock","29":"purchasable","30":"product-type-variable"},"acf":[],"_links":{"self":[{"href":"https:\/\/dev.garden.ee\/en\/wp-json\/wp\/v2\/product\/4380","targetHints":{"allow":["GET"]}}],"collection":[{"href":"https:\/\/dev.garden.ee\/en\/wp-json\/wp\/v2\/product"}],"about":[{"href":"https:\/\/dev.garden.ee\/en\/wp-json\/wp\/v2\/types\/product"}],"wp:featuredmedia":[{"embeddable":true,"href":"https:\/\/dev.garden.ee\/en\/wp-json\/wp\/v2\/media\/4381"}],"wp:attachment":[{"href":"https:\/\/dev.garden.ee\/en\/wp-json\/wp\/v2\/media?parent=4380"}],"wp:term":[{"taxonomy":"product_brand","embeddable":true,"href":"https:\/\/dev.garden.ee\/en\/wp-json\/wp\/v2\/product_brand?post=4380"},{"taxonomy":"product_cat","embeddable":true,"href":"https:\/\/dev.garden.ee\/en\/wp-json\/wp\/v2\/product_cat?post=4380"},{"taxonomy":"product_tag","embeddable":true,"href":"https:\/\/dev.garden.ee\/en\/wp-json\/wp\/v2\/product_tag?post=4380"}],"curies":[{"name":"wp","href":"https:\/\/api.w.org\/{rel}","templated":true}]}}