{"id":4358,"date":"2023-01-18T17:36:50","date_gmt":"2023-01-18T15:36:50","guid":{"rendered":"https:\/\/dev.zezz.ee\/garden\/toode\/lilium-strawberry-event\/"},"modified":"2026-01-15T21:28:07","modified_gmt":"2026-01-15T19:28:07","slug":"lilium-strawberry-event","status":"publish","type":"product","link":"https:\/\/dev.garden.ee\/en\/product\/lilium-strawberry-event\/","title":{"rendered":"Lilium &#8216;Strawberry Event&#8217;"},"content":{"rendered":"<input class=\"fooboxshare_post_id\" type=\"hidden\" value=\"4358\"\/>","protected":false},"excerpt":{"rendered":"<p>S\u00e4ravad \u00f5ied on tumepunaste kroonlehetedega, mis s\u00fcdamiku \u00fcmbert kaunilt t\u00e4hnilised. Tolmukad oran\u017ei ja purpursega. Aasia liilia suured l\u00f5hnatud \u00f5ied on kaunilt k\u00fcljele vaatavad.<\/p>","protected":false},"featured_media":4359,"template":"","meta":[],"product_brand":[],"product_cat":[4403,4415,4413,4401,4391,22],"product_tag":[9450,9417],"class_list":{"0":"post-4358","1":"product","2":"type-product","3":"status-publish","4":"has-post-thumbnail","6":"product_cat-kodu","7":"product_cat-lilleaed","8":"product_cat-loikelilleaed","9":"product_cat-pusikud","10":"product_cat-sibullilled","11":"product_cat-taimed","12":"product_tag-aasia-liilia","13":"product_tag-soodushind-50","14":"pa_haiguskindlus-vaga-hea","15":"pa_lohn-lohnatu","16":"pa_moodud-k-120-cm","17":"pa_oie-varv-punane","18":"pa_oitsemise-aeg-juuni","19":"pa_talvekindlus-vaga-hea","20":"pa_variatsioon-sibul-ainult-kevadel","21":"pa_variatsioon-suurem-pott","23":"first","24":"instock","25":"sale","26":"taxable","27":"shipping-taxable","28":"purchasable","29":"product-type-variable"},"acf":[],"_links":{"self":[{"href":"https:\/\/dev.garden.ee\/en\/wp-json\/wp\/v2\/product\/4358","targetHints":{"allow":["GET"]}}],"collection":[{"href":"https:\/\/dev.garden.ee\/en\/wp-json\/wp\/v2\/product"}],"about":[{"href":"https:\/\/dev.garden.ee\/en\/wp-json\/wp\/v2\/types\/product"}],"wp:featuredmedia":[{"embeddable":true,"href":"https:\/\/dev.garden.ee\/en\/wp-json\/wp\/v2\/media\/4359"}],"wp:attachment":[{"href":"https:\/\/dev.garden.ee\/en\/wp-json\/wp\/v2\/media?parent=4358"}],"wp:term":[{"taxonomy":"product_brand","embeddable":true,"href":"https:\/\/dev.garden.ee\/en\/wp-json\/wp\/v2\/product_brand?post=4358"},{"taxonomy":"product_cat","embeddable":true,"href":"https:\/\/dev.garden.ee\/en\/wp-json\/wp\/v2\/product_cat?post=4358"},{"taxonomy":"product_tag","embeddable":true,"href":"https:\/\/dev.garden.ee\/en\/wp-json\/wp\/v2\/product_tag?post=4358"}],"curies":[{"name":"wp","href":"https:\/\/api.w.org\/{rel}","templated":true}]}}