{"id":4354,"date":"2023-01-18T17:36:47","date_gmt":"2023-01-18T15:36:47","guid":{"rendered":"https:\/\/dev.zezz.ee\/garden\/toode\/lilium-tribal-kiss\/"},"modified":"2026-01-16T10:16:43","modified_gmt":"2026-01-16T08:16:43","slug":"lilium-tribal-kiss","status":"publish","type":"product","link":"https:\/\/dev.garden.ee\/en\/product\/lilium-tribal-kiss\/","title":{"rendered":"Lilium &#8216;Tribal Kiss&#8217;"},"content":{"rendered":"<input class=\"fooboxshare_post_id\" type=\"hidden\" value=\"4354\"\/>","protected":false},"excerpt":{"rendered":"<p>V\u00e4ga usaldusv\u00e4\u00e4rne sort. Aasia liiliad on varasemate \u00f5itsejate seas. Tugevate \u00f5ievartega liilia, sametiste, valgete \u00f5itega, mil keskmes veinipunaste tr\u00e4psulised laigud.\u00a0Suured kuni 12 cm \u00f5ied ei l\u00f5hna. Sibul 14cm +<\/p>","protected":false},"featured_media":4355,"template":"","meta":[],"product_brand":[],"product_cat":[4403,4415,4413,4401,4391,22],"product_tag":[9450,9417],"class_list":{"0":"post-4354","1":"product","2":"type-product","3":"status-publish","4":"has-post-thumbnail","6":"product_cat-kodu","7":"product_cat-lilleaed","8":"product_cat-loikelilleaed","9":"product_cat-pusikud","10":"product_cat-sibullilled","11":"product_cat-taimed","12":"product_tag-aasia-liilia","13":"product_tag-soodushind-50","14":"pa_haiguskindlus-vaga-hea","15":"pa_lohn-lohnatu","16":"pa_moodud-k-90-100-cm","17":"pa_oie-varv-valge","18":"pa_oitsemise-aeg-juuni","19":"pa_talvekindlus-vaga-hea","20":"pa_variatsioon-sibul-ainult-kevadel","21":"pa_variatsioon-suurem-pott","23":"first","24":"instock","25":"sale","26":"taxable","27":"shipping-taxable","28":"purchasable","29":"product-type-variable"},"acf":[],"_links":{"self":[{"href":"https:\/\/dev.garden.ee\/en\/wp-json\/wp\/v2\/product\/4354","targetHints":{"allow":["GET"]}}],"collection":[{"href":"https:\/\/dev.garden.ee\/en\/wp-json\/wp\/v2\/product"}],"about":[{"href":"https:\/\/dev.garden.ee\/en\/wp-json\/wp\/v2\/types\/product"}],"wp:featuredmedia":[{"embeddable":true,"href":"https:\/\/dev.garden.ee\/en\/wp-json\/wp\/v2\/media\/4355"}],"wp:attachment":[{"href":"https:\/\/dev.garden.ee\/en\/wp-json\/wp\/v2\/media?parent=4354"}],"wp:term":[{"taxonomy":"product_brand","embeddable":true,"href":"https:\/\/dev.garden.ee\/en\/wp-json\/wp\/v2\/product_brand?post=4354"},{"taxonomy":"product_cat","embeddable":true,"href":"https:\/\/dev.garden.ee\/en\/wp-json\/wp\/v2\/product_cat?post=4354"},{"taxonomy":"product_tag","embeddable":true,"href":"https:\/\/dev.garden.ee\/en\/wp-json\/wp\/v2\/product_tag?post=4354"}],"curies":[{"name":"wp","href":"https:\/\/api.w.org\/{rel}","templated":true}]}}