{"id":4334,"date":"2023-01-18T17:36:37","date_gmt":"2023-01-18T15:36:37","guid":{"rendered":"https:\/\/dev.zezz.ee\/garden\/toode\/lilium-eastern-moon\/"},"modified":"2026-01-15T20:14:11","modified_gmt":"2026-01-15T18:14:11","slug":"lilium-eastern-moon","status":"publish","type":"product","link":"https:\/\/dev.garden.ee\/en\/product\/lilium-eastern-moon\/","title":{"rendered":"Lilium &#8216;Eastern Moon&#8217;"},"content":{"rendered":"<input class=\"fooboxshare_post_id\" type=\"hidden\" value=\"4334\"\/>","protected":false},"excerpt":{"rendered":"<p>Pika\u00f5ieline trompetliilia sort. V\u00f5imsatele pikkadele vartele ilmuvad suured (kuni 20 cm) valged, \u00f5rna roosa varjundiga \u00f5ied. Kroonlehed on v\u00e4ljapoole kaardus, s\u00fcdamiku \u00fcmbritsev osa on kergelt kollane, tolmukad v\u00e4ljendusrikkalt suured. Sibul 20cm +.<\/p>","protected":false},"featured_media":4335,"template":"","meta":[],"product_brand":[],"product_cat":[4403,4415,4414,4413,4401,4391,22],"product_tag":[9417,9451],"class_list":{"0":"post-4334","1":"product","2":"type-product","3":"status-publish","4":"has-post-thumbnail","6":"product_cat-kodu","7":"product_cat-lilleaed","8":"product_cat-lohnaaed","9":"product_cat-loikelilleaed","10":"product_cat-pusikud","11":"product_cat-sibullilled","12":"product_cat-taimed","13":"product_tag-soodushind-50","14":"product_tag-trompetliilia","15":"pa_lohn-lohnav","16":"pa_moodud-k-200-cm","17":"pa_oie-varv-valge","18":"pa_oitsemise-aeg-juuni-juuli","19":"pa_talvekindlus-vaga-hea","20":"pa_variatsioon-sibul-ainult-kevadel","21":"pa_variatsioon-suurem-pott","23":"first","24":"instock","25":"sale","26":"taxable","27":"shipping-taxable","28":"purchasable","29":"product-type-variable"},"acf":[],"_links":{"self":[{"href":"https:\/\/dev.garden.ee\/en\/wp-json\/wp\/v2\/product\/4334","targetHints":{"allow":["GET"]}}],"collection":[{"href":"https:\/\/dev.garden.ee\/en\/wp-json\/wp\/v2\/product"}],"about":[{"href":"https:\/\/dev.garden.ee\/en\/wp-json\/wp\/v2\/types\/product"}],"wp:featuredmedia":[{"embeddable":true,"href":"https:\/\/dev.garden.ee\/en\/wp-json\/wp\/v2\/media\/4335"}],"wp:attachment":[{"href":"https:\/\/dev.garden.ee\/en\/wp-json\/wp\/v2\/media?parent=4334"}],"wp:term":[{"taxonomy":"product_brand","embeddable":true,"href":"https:\/\/dev.garden.ee\/en\/wp-json\/wp\/v2\/product_brand?post=4334"},{"taxonomy":"product_cat","embeddable":true,"href":"https:\/\/dev.garden.ee\/en\/wp-json\/wp\/v2\/product_cat?post=4334"},{"taxonomy":"product_tag","embeddable":true,"href":"https:\/\/dev.garden.ee\/en\/wp-json\/wp\/v2\/product_tag?post=4334"}],"curies":[{"name":"wp","href":"https:\/\/api.w.org\/{rel}","templated":true}]}}