{"id":4330,"date":"2023-01-18T17:36:34","date_gmt":"2023-01-18T15:36:34","guid":{"rendered":"https:\/\/dev.zezz.ee\/garden\/toode\/lilium-chocolate-event\/"},"modified":"2026-01-15T20:10:07","modified_gmt":"2026-01-15T18:10:07","slug":"lilium-chocolate-event","status":"publish","type":"product","link":"https:\/\/dev.garden.ee\/en\/product\/lilium-chocolate-event\/","title":{"rendered":"Lilium &#8216;Chocolate Event&#8217;"},"content":{"rendered":"<input class=\"fooboxshare_post_id\" type=\"hidden\" value=\"4330\"\/>","protected":false},"excerpt":{"rendered":"<p>Huvitava v\u00e4rvi- ja mustrikombinatsiooniga aasia h\u00fcbriid. Harvaesinev purpurse j\u00e4relvarjundiga pruunikas seguneb omap\u00e4rasel kombel aprikoosikarva bee\u017eiga. Tolmukad erkoran\u017eid. Suured kuni 12 cm \u00f5ied on l\u00f5hnatud.<\/p>","protected":false},"featured_media":4331,"template":"","meta":[],"product_brand":[],"product_cat":[4403,4415,4413,4401,4391,22],"product_tag":[9450,9626],"class_list":{"0":"post-4330","1":"product","2":"type-product","3":"status-publish","4":"has-post-thumbnail","6":"product_cat-kodu","7":"product_cat-lilleaed","8":"product_cat-loikelilleaed","9":"product_cat-pusikud","10":"product_cat-sibullilled","11":"product_cat-taimed","12":"product_tag-aasia-liilia","13":"product_tag-soodushind-70","14":"pa_lohn-lohnatu","15":"pa_moodud-k-120-cm","16":"pa_oie-varv-purpurne","17":"pa_oitsemise-aeg-juuni","18":"pa_talvekindlus-hea","19":"pa_variatsioon-sibul-ainult-kevadel","20":"pa_variatsioon-suurem-pott","22":"first","23":"instock","24":"sale","25":"taxable","26":"shipping-taxable","27":"purchasable","28":"product-type-variable"},"acf":[],"_links":{"self":[{"href":"https:\/\/dev.garden.ee\/en\/wp-json\/wp\/v2\/product\/4330","targetHints":{"allow":["GET"]}}],"collection":[{"href":"https:\/\/dev.garden.ee\/en\/wp-json\/wp\/v2\/product"}],"about":[{"href":"https:\/\/dev.garden.ee\/en\/wp-json\/wp\/v2\/types\/product"}],"wp:featuredmedia":[{"embeddable":true,"href":"https:\/\/dev.garden.ee\/en\/wp-json\/wp\/v2\/media\/4331"}],"wp:attachment":[{"href":"https:\/\/dev.garden.ee\/en\/wp-json\/wp\/v2\/media?parent=4330"}],"wp:term":[{"taxonomy":"product_brand","embeddable":true,"href":"https:\/\/dev.garden.ee\/en\/wp-json\/wp\/v2\/product_brand?post=4330"},{"taxonomy":"product_cat","embeddable":true,"href":"https:\/\/dev.garden.ee\/en\/wp-json\/wp\/v2\/product_cat?post=4330"},{"taxonomy":"product_tag","embeddable":true,"href":"https:\/\/dev.garden.ee\/en\/wp-json\/wp\/v2\/product_tag?post=4330"}],"curies":[{"name":"wp","href":"https:\/\/api.w.org\/{rel}","templated":true}]}}