{"id":4112,"date":"2023-01-18T17:33:48","date_gmt":"2023-01-18T15:33:48","guid":{"rendered":"https:\/\/dev.zezz.ee\/garden\/toode\/calluna-vulgaris-spring-torch\/"},"modified":"2023-03-08T16:00:06","modified_gmt":"2023-03-08T14:00:06","slug":"calluna-vulgaris-spring-torch","status":"publish","type":"product","link":"https:\/\/dev.garden.ee\/en\/product\/calluna-vulgaris-spring-torch\/","title":{"rendered":"Calluna vulgaris &#8216;Spring Torch&#8217;"},"content":{"rendered":"<input class=\"fooboxshare_post_id\" type=\"hidden\" value=\"4112\"\/>","protected":false},"excerpt":{"rendered":"<p>Kanarbiku puhul on tegemist madalakasvulise v\u00f5i k\u00e4\u00e4bus igihalja p\u00f5\u00f5saga, mille varred on kaetud pisikeste, \u00fcksteist katvate lehtedega. Pisikestest \u00f5itest moodustuvad varte tippudes pikad \u00f5isikud. Lisaks kaunile lillale \u00f5isikule on antud sordi puhul t\u00e4helepanuv\u00e4\u00e4riv ka tema kevadised noored v\u00f5rsed. Kollased, roosad ning punakad h\u00f5\u00f5guvad kasvud ongi suuresti inspiratsiooniks sordi nime valiku juures. Antud sordi puhul on p\u00f5nev v\u00e4rvielamus on garanteeritud veelgi pikemalt kui tavap\u00e4raste kanarbike puhul. Kui suveks v\u00e4rvuvad kasvud tumerohelisteks, siis k\u00fclmade ilmade tulekul lisandub lehestikku taas p\u00f5nevaid pronksjaid ning purpurseid toone. Pisem p\u00fcstise kasvuga, puhmjas taim on suurep\u00e4rane pinnakatja.<\/p>\n<p>&nbsp;<\/p>","protected":false},"featured_media":4113,"template":"","meta":[],"product_brand":[],"product_cat":[4403,6934,4406,9200,4396,4412,22],"product_tag":[],"class_list":{"0":"post-4112","1":"product","2":"type-product","3":"status-publish","4":"has-post-thumbnail","6":"product_cat-kodu","7":"product_cat-mesilassobralik-aed","8":"product_cat-park","9":"product_cat-pinnakatjad","10":"product_cat-puud-ja-poosad","11":"product_cat-varjuaed","12":"product_cat-taimed","13":"pa_moodud-k-25-cm-l-35-cm","14":"pa_oie-varv-lilla","15":"pa_oitsemise-aeg-august-september","16":"pa_tsoon-999","17":"pa_variatsioon-suurem-pott","18":"pa_variatsioon-vaiksem-pott","20":"first","21":"outofstock","22":"purchasable","23":"product-type-variable"},"acf":[],"_links":{"self":[{"href":"https:\/\/dev.garden.ee\/en\/wp-json\/wp\/v2\/product\/4112","targetHints":{"allow":["GET"]}}],"collection":[{"href":"https:\/\/dev.garden.ee\/en\/wp-json\/wp\/v2\/product"}],"about":[{"href":"https:\/\/dev.garden.ee\/en\/wp-json\/wp\/v2\/types\/product"}],"wp:featuredmedia":[{"embeddable":true,"href":"https:\/\/dev.garden.ee\/en\/wp-json\/wp\/v2\/media\/4113"}],"wp:attachment":[{"href":"https:\/\/dev.garden.ee\/en\/wp-json\/wp\/v2\/media?parent=4112"}],"wp:term":[{"taxonomy":"product_brand","embeddable":true,"href":"https:\/\/dev.garden.ee\/en\/wp-json\/wp\/v2\/product_brand?post=4112"},{"taxonomy":"product_cat","embeddable":true,"href":"https:\/\/dev.garden.ee\/en\/wp-json\/wp\/v2\/product_cat?post=4112"},{"taxonomy":"product_tag","embeddable":true,"href":"https:\/\/dev.garden.ee\/en\/wp-json\/wp\/v2\/product_tag?post=4112"}],"curies":[{"name":"wp","href":"https:\/\/api.w.org\/{rel}","templated":true}]}}