{"id":4109,"date":"2023-01-18T17:33:46","date_gmt":"2023-01-18T15:33:46","guid":{"rendered":"https:\/\/dev.zezz.ee\/garden\/toode\/polemonium-yezoense-bressingham-purple\/"},"modified":"2026-03-06T16:48:24","modified_gmt":"2026-03-06T14:48:24","slug":"polemonium-yezoense-bressingham-purple","status":"publish","type":"product","link":"https:\/\/dev.garden.ee\/en\/product\/polemonium-yezoense-bressingham-purple\/","title":{"rendered":"Polemonium yezoense &#8216;Bressingham Purple&#8217;"},"content":{"rendered":"<input class=\"fooboxshare_post_id\" type=\"hidden\" value=\"4109\"\/>","protected":false},"excerpt":{"rendered":"<p>Suurep\u00e4rane inglise sort moodustab madala tumerohelise lehepuhma. Kitsal s\u00f5najalalist meenutaval lehestikul on kevadeti ning s\u00fcgiseti sees ka purpurseid toone. Suve alguses \u00f5itsevad sinised \u00f5ied, mis k\u00f5rguvad tumepunaste varte tipus. Kompaktse vormi t\u00f5ttu on hea \u00e4\u00e4ristustaim, kiviktaimlasse, taimekasti. Parim kui oleks p\u00e4rastl\u00f5unane vari.\u00a0\u00d5itseb enam kui neli n\u00e4dalat ning \u00f5ied on suurep\u00e4rased l\u00f5ikelilled.<\/p>","protected":false},"featured_media":4110,"template":"","meta":[],"product_brand":[],"product_cat":[4413,4406,4401,4412,22],"product_tag":[],"class_list":{"0":"post-4109","1":"product","2":"type-product","3":"status-publish","4":"has-post-thumbnail","6":"product_cat-loikelilleaed","7":"product_cat-park","8":"product_cat-pusikud","9":"product_cat-varjuaed","10":"product_cat-taimed","11":"pa_haiguskindlus-vaga-hea","12":"pa_moodud-k-50-cm-l-25-45-cm","13":"pa_oie-varv-sinine","14":"pa_oitsemise-aeg-juuni-juuli","15":"pa_talvekindlus-vaga-hea","16":"pa_tsoon-4-9","17":"pa_variatsioon-suurem-pott","18":"pa_variatsioon-vaiksem-pott","20":"first","21":"outofstock","22":"purchasable","23":"product-type-variable"},"acf":[],"_links":{"self":[{"href":"https:\/\/dev.garden.ee\/en\/wp-json\/wp\/v2\/product\/4109","targetHints":{"allow":["GET"]}}],"collection":[{"href":"https:\/\/dev.garden.ee\/en\/wp-json\/wp\/v2\/product"}],"about":[{"href":"https:\/\/dev.garden.ee\/en\/wp-json\/wp\/v2\/types\/product"}],"wp:featuredmedia":[{"embeddable":true,"href":"https:\/\/dev.garden.ee\/en\/wp-json\/wp\/v2\/media\/4110"}],"wp:attachment":[{"href":"https:\/\/dev.garden.ee\/en\/wp-json\/wp\/v2\/media?parent=4109"}],"wp:term":[{"taxonomy":"product_brand","embeddable":true,"href":"https:\/\/dev.garden.ee\/en\/wp-json\/wp\/v2\/product_brand?post=4109"},{"taxonomy":"product_cat","embeddable":true,"href":"https:\/\/dev.garden.ee\/en\/wp-json\/wp\/v2\/product_cat?post=4109"},{"taxonomy":"product_tag","embeddable":true,"href":"https:\/\/dev.garden.ee\/en\/wp-json\/wp\/v2\/product_tag?post=4109"}],"curies":[{"name":"wp","href":"https:\/\/api.w.org\/{rel}","templated":true}]}}