{"id":4098,"date":"2023-01-18T17:33:38","date_gmt":"2023-01-18T15:33:38","guid":{"rendered":"https:\/\/dev.zezz.ee\/garden\/toode\/molinia-caerulea-moorflamme\/"},"modified":"2026-03-03T13:36:21","modified_gmt":"2026-03-03T11:36:21","slug":"molinia-caerulea-moorflamme","status":"publish","type":"product","link":"https:\/\/dev.garden.ee\/en\/product\/molinia-caerulea-moorflamme\/","title":{"rendered":"Molinia caerulea &#8216;Moorflamme&#8217;"},"content":{"rendered":"<input class=\"fooboxshare_post_id\" type=\"hidden\" value=\"4098\"\/>","protected":false},"excerpt":{"rendered":"<p>Atraktiivselt kaarduv k\u00f5rreline moodustab u. poole meetri k\u00f5rguse koheva lehestiku puhma, millest k\u00f5rguvad v\u00e4lja \u00f5isikuvarred, mis loovad k\u00f5rgema \u00f5hulise lehviku. S\u00fcgisel v\u00e4rvub lehestik erekuldkollaseks. Purpursed \u00f5ied muutuvad s\u00fcgise tuleku h\u00f5bedasteks. Suurep\u00e4rane suurematesse taimealadesse massina, taimekastidesse, puistutesse.<\/p>","protected":false},"featured_media":4099,"template":"","meta":[],"product_brand":[],"product_cat":[4407,4400,4415,4401,22],"product_tag":[],"class_list":{"0":"post-4098","1":"product","2":"type-product","3":"status-publish","4":"has-post-thumbnail","6":"product_cat-aasad","7":"product_cat-korrelised","8":"product_cat-lilleaed","9":"product_cat-pusikud","10":"product_cat-taimed","11":"pa_haiguskindlus-vaga-hea","12":"pa_moodud-k-90-cm-l-50-cm","13":"pa_oie-varv-purpurne","14":"pa_oitsemise-aeg-august-september","15":"pa_talvekindlus-vaga-hea","16":"pa_tsoon-4-9","17":"pa_variatsioon-suurem-pott","18":"pa_variatsioon-vaiksem-pott","20":"first","21":"outofstock","22":"purchasable","23":"product-type-variable"},"acf":[],"_links":{"self":[{"href":"https:\/\/dev.garden.ee\/en\/wp-json\/wp\/v2\/product\/4098","targetHints":{"allow":["GET"]}}],"collection":[{"href":"https:\/\/dev.garden.ee\/en\/wp-json\/wp\/v2\/product"}],"about":[{"href":"https:\/\/dev.garden.ee\/en\/wp-json\/wp\/v2\/types\/product"}],"wp:featuredmedia":[{"embeddable":true,"href":"https:\/\/dev.garden.ee\/en\/wp-json\/wp\/v2\/media\/4099"}],"wp:attachment":[{"href":"https:\/\/dev.garden.ee\/en\/wp-json\/wp\/v2\/media?parent=4098"}],"wp:term":[{"taxonomy":"product_brand","embeddable":true,"href":"https:\/\/dev.garden.ee\/en\/wp-json\/wp\/v2\/product_brand?post=4098"},{"taxonomy":"product_cat","embeddable":true,"href":"https:\/\/dev.garden.ee\/en\/wp-json\/wp\/v2\/product_cat?post=4098"},{"taxonomy":"product_tag","embeddable":true,"href":"https:\/\/dev.garden.ee\/en\/wp-json\/wp\/v2\/product_tag?post=4098"}],"curies":[{"name":"wp","href":"https:\/\/api.w.org\/{rel}","templated":true}]}}