{"id":4095,"date":"2023-01-18T17:33:35","date_gmt":"2023-01-18T15:33:35","guid":{"rendered":"https:\/\/dev.zezz.ee\/garden\/toode\/juncus-effusus-spiralis\/"},"modified":"2026-02-28T21:00:48","modified_gmt":"2026-02-28T19:00:48","slug":"juncus-effusus-spiralis","status":"publish","type":"product","link":"https:\/\/dev.garden.ee\/en\/product\/juncus-effusus-spiralis\/","title":{"rendered":"Juncus effusus &#8216;Spiralis&#8217;"},"content":{"rendered":"<input class=\"fooboxshare_post_id\" type=\"hidden\" value=\"4095\"\/>","protected":false},"excerpt":{"rendered":"<p>Humoorikalt on teda nimetatud\u00a0ka n\u00f6 halva soengu p\u00e4eva taimeks. Tumeroheline, \u00fcmar v\u00e4\u00e4ndunud, pentsikult spiraalne lehestik meenutab erinevas suunas turritavaid korgitsere. Eemalt vaadatuna paistab terav, tugev, kuid tegelikult on k\u00e4ega katsudes hoopis pehme. \u00d5ied paiknevad h\u00f5redates \u00f5isikutes. Peamiselt veekogusse, m\u00e4rgaladele, kalda \u00e4\u00e4rde sobilik taim, kuid kui hoida potti pidevalt niiskes, siis on suurep\u00e4rane ka potitaimena. Madalad puhmad aitavad vee\u00e4\u00e4rde tuua vertikaalset aktsenti. Taim levib risoomide ning seemnetega. Kui soovitakse taime kasvu piirata, siis tuleks ta vette istutada spetsiaalse potiga, mis tema liigset edasikasvu m\u00f5neti pidurdaks. S\u00fcgisel t\u00f5mbub lehestik kollaseks ning talvel p\u00e4ris pruuniks. Erkroheline noor lehestik t\u00e4rkab taas kevadel.\u00a0Aitab niisketel kallastel peatada pinnase erosiooni.<\/p>\n<p>Hooldus: Varakevadel tuleks lehestik maha l\u00f5igata. Jagamist tuleks teha varasuvel.<\/p>","protected":false},"featured_media":4096,"template":"","meta":[],"product_brand":[],"product_cat":[4401,4409,4392,22],"product_tag":[],"class_list":{"0":"post-4095","1":"product","2":"type-product","3":"status-publish","4":"has-post-thumbnail","6":"product_cat-pusikud","7":"product_cat-tiigiaed","8":"product_cat-tiigitaimed","9":"product_cat-taimed","10":"pa_haiguskindlus-vaga-hea","11":"pa_moodud-k-35-cm-l-35-cm","12":"pa_oie-varv-pruun","13":"pa_oitsemise-aeg-juuli-august","14":"pa_tsoon-4-9","15":"pa_variatsioon-suurem-pott","16":"pa_variatsioon-vaiksem-pott","18":"first","19":"outofstock","20":"purchasable","21":"product-type-variable"},"acf":[],"_links":{"self":[{"href":"https:\/\/dev.garden.ee\/en\/wp-json\/wp\/v2\/product\/4095","targetHints":{"allow":["GET"]}}],"collection":[{"href":"https:\/\/dev.garden.ee\/en\/wp-json\/wp\/v2\/product"}],"about":[{"href":"https:\/\/dev.garden.ee\/en\/wp-json\/wp\/v2\/types\/product"}],"wp:featuredmedia":[{"embeddable":true,"href":"https:\/\/dev.garden.ee\/en\/wp-json\/wp\/v2\/media\/4096"}],"wp:attachment":[{"href":"https:\/\/dev.garden.ee\/en\/wp-json\/wp\/v2\/media?parent=4095"}],"wp:term":[{"taxonomy":"product_brand","embeddable":true,"href":"https:\/\/dev.garden.ee\/en\/wp-json\/wp\/v2\/product_brand?post=4095"},{"taxonomy":"product_cat","embeddable":true,"href":"https:\/\/dev.garden.ee\/en\/wp-json\/wp\/v2\/product_cat?post=4095"},{"taxonomy":"product_tag","embeddable":true,"href":"https:\/\/dev.garden.ee\/en\/wp-json\/wp\/v2\/product_tag?post=4095"}],"curies":[{"name":"wp","href":"https:\/\/api.w.org\/{rel}","templated":true}]}}