{"id":4092,"date":"2023-01-18T17:33:32","date_gmt":"2023-01-18T15:33:32","guid":{"rendered":"https:\/\/dev.zezz.ee\/garden\/toode\/helianthus-atrorubens\/"},"modified":"2026-02-24T19:51:41","modified_gmt":"2026-02-24T17:51:41","slug":"helianthus-atrorubens","status":"publish","type":"product","link":"https:\/\/dev.garden.ee\/en\/product\/helianthus-atrorubens\/","title":{"rendered":"Helianthus atrorubens"},"content":{"rendered":"<input class=\"fooboxshare_post_id\" type=\"hidden\" value=\"4092\"\/>","protected":false},"excerpt":{"rendered":"<p>Kuldkollased kroonlehed \u00fcmbritsevad pruunikat s\u00fcdameketast. 9cm l\u00e4bim\u00f5\u00f5duga \u00f5ite s\u00fcdamik on tavap\u00e4rasest tumedam ning pakub p\u00f5nevust ka peale \u00f5itsemist. Lisaks kaunitele \u00f5itele on taimel ka v\u00e4ga muljetavaldav k\u00f5rgus.\u00a0Tumerohelised sakilise \u00e4\u00e4rega lehed on kaetud tiheda karvaga. \u00d5ievarred on tumepurpursed.\u00a0V\u00e4ga j\u00f5ulise kasvuga, seega istutades tuleks talle valida m\u00f5nus koht, kus ta saaks tulevikus veidi laiutada. Selleks, et liigset edasikasvu pisut piirata tuleks talle k\u00f5rvale istutada teine j\u00f5ulise kasvuga taim, mis hoiaks teda soovitud kohas. Kreeka keelest t\u00f5lgituna t\u00e4hendab taime nimi p\u00e4ikeselille.<\/p>","protected":false},"featured_media":4093,"template":"","meta":[],"product_brand":[],"product_cat":[4415,4401,22],"product_tag":[],"class_list":{"0":"post-4092","1":"product","2":"type-product","3":"status-publish","4":"has-post-thumbnail","6":"product_cat-lilleaed","7":"product_cat-pusikud","8":"product_cat-taimed","9":"pa_haiguskindlus-vaga-hea","10":"pa_lohn-lohnatu","11":"pa_moodud-k-15-m-l-80-cm","12":"pa_oie-varv-kollane","13":"pa_oitsemise-aeg-juuli-oktoober","14":"pa_talvekindlus-vaga-hea","15":"pa_tsoon-3-9","16":"pa_variatsioon-suurem-pott","17":"pa_variatsioon-suurem-pott-soodushind-50","18":"pa_variatsioon-vaiksem-pott","20":"first","21":"instock","22":"sale","23":"purchasable","24":"product-type-variable"},"acf":[],"_links":{"self":[{"href":"https:\/\/dev.garden.ee\/en\/wp-json\/wp\/v2\/product\/4092","targetHints":{"allow":["GET"]}}],"collection":[{"href":"https:\/\/dev.garden.ee\/en\/wp-json\/wp\/v2\/product"}],"about":[{"href":"https:\/\/dev.garden.ee\/en\/wp-json\/wp\/v2\/types\/product"}],"wp:featuredmedia":[{"embeddable":true,"href":"https:\/\/dev.garden.ee\/en\/wp-json\/wp\/v2\/media\/4093"}],"wp:attachment":[{"href":"https:\/\/dev.garden.ee\/en\/wp-json\/wp\/v2\/media?parent=4092"}],"wp:term":[{"taxonomy":"product_brand","embeddable":true,"href":"https:\/\/dev.garden.ee\/en\/wp-json\/wp\/v2\/product_brand?post=4092"},{"taxonomy":"product_cat","embeddable":true,"href":"https:\/\/dev.garden.ee\/en\/wp-json\/wp\/v2\/product_cat?post=4092"},{"taxonomy":"product_tag","embeddable":true,"href":"https:\/\/dev.garden.ee\/en\/wp-json\/wp\/v2\/product_tag?post=4092"}],"curies":[{"name":"wp","href":"https:\/\/api.w.org\/{rel}","templated":true}]}}