{"id":4011,"date":"2023-01-18T17:32:36","date_gmt":"2023-01-18T15:32:36","guid":{"rendered":"https:\/\/dev.zezz.ee\/garden\/toode\/gillenia-trifoliata\/"},"modified":"2026-02-24T15:17:27","modified_gmt":"2026-02-24T13:17:27","slug":"gillenia-trifoliata","status":"publish","type":"product","link":"https:\/\/dev.garden.ee\/en\/product\/gillenia-trifoliata\/","title":{"rendered":"Gillenia trifoliata"},"content":{"rendered":"<input class=\"fooboxshare_post_id\" type=\"hidden\" value=\"4011\"\/>","protected":false},"excerpt":{"rendered":"<p>Roos\u00f5ieliste sugukonda kuuluv p\u00fcsik, kelle p\u00e4riskodu on P\u00f5hja-Ameerikas, iidsetest indiaanlaste elupaikadest. P\u00f5neva v\u00e4limusega taim &#8211; punakat tooni varred, mis on \u00fcmbritsetud m\u00e4nnasjalt asetsevate lehtedega, tipnevad valgete t\u00e4htjate \u00f5itega, millel kontrastsed punakad tolmukad. Haigusvaba roheline lehestik muutub s\u00fcgise tulekul tumepronksjalt punakaks. P\u00f5nevust tekitavad seemnepead p\u00fcsivad taimel ka talveperioodil. Taim on atraktiivne ka p\u00e4rast \u00f5itsemist. Suurep\u00e4rane l\u00f5ikelilleks, lilleseadetesse, lillekimpudesse. V\u00f5imeline kohanema poolvarjus ning ka puu juurtel. Graatsiline ja \u00f5rnuke v\u00e4limus peidab aga tugevat, kohanemisv\u00f5imelist ja suhteliselt v\u00e4hen\u00f5ulike kasvutingimustega leppivat taime, ka vihm ei riku ta kaunist v\u00e4limust. Keskp\u00e4evase p\u00e4ikese eest s\u00fcdasuvel v\u00f5iks olla k\u00fcll kasvukoht varjus. Kauniks \u00f5itsemiseks eelistab rammusamat, vett l\u00e4bilaskvat mulda. T\u00f5eline s\u00e4ra tuleb v\u00e4lja, kui kasvatada taime massina. Aeg-ajalt tuleks kontrollida, et kiriteod ei ole taime kahjustanud. Taimel on v\u00e4idetavalt ka ravivad omadused.<\/p>","protected":false},"featured_media":25527,"template":"","meta":[],"product_brand":[],"product_cat":[4415,4413,4406,4401,4412,22],"product_tag":[],"class_list":{"0":"post-4011","1":"product","2":"type-product","3":"status-publish","4":"has-post-thumbnail","6":"product_cat-lilleaed","7":"product_cat-loikelilleaed","8":"product_cat-park","9":"product_cat-pusikud","10":"product_cat-varjuaed","11":"product_cat-taimed","12":"pa_haiguskindlus-vaga-hea","13":"pa_moodud-k-80-cm-l-80-cm","14":"pa_oie-varv-valge","15":"pa_oitsemise-aeg-mai-juuni","16":"pa_talvekindlus-vaga-hea","17":"pa_tsoon-4-8","18":"pa_variatsioon-suurem-pott","19":"pa_variatsioon-vaiksem-pott","21":"first","22":"instock","23":"purchasable","24":"product-type-variable"},"acf":[],"_links":{"self":[{"href":"https:\/\/dev.garden.ee\/en\/wp-json\/wp\/v2\/product\/4011","targetHints":{"allow":["GET"]}}],"collection":[{"href":"https:\/\/dev.garden.ee\/en\/wp-json\/wp\/v2\/product"}],"about":[{"href":"https:\/\/dev.garden.ee\/en\/wp-json\/wp\/v2\/types\/product"}],"wp:featuredmedia":[{"embeddable":true,"href":"https:\/\/dev.garden.ee\/en\/wp-json\/wp\/v2\/media\/25527"}],"wp:attachment":[{"href":"https:\/\/dev.garden.ee\/en\/wp-json\/wp\/v2\/media?parent=4011"}],"wp:term":[{"taxonomy":"product_brand","embeddable":true,"href":"https:\/\/dev.garden.ee\/en\/wp-json\/wp\/v2\/product_brand?post=4011"},{"taxonomy":"product_cat","embeddable":true,"href":"https:\/\/dev.garden.ee\/en\/wp-json\/wp\/v2\/product_cat?post=4011"},{"taxonomy":"product_tag","embeddable":true,"href":"https:\/\/dev.garden.ee\/en\/wp-json\/wp\/v2\/product_tag?post=4011"}],"curies":[{"name":"wp","href":"https:\/\/api.w.org\/{rel}","templated":true}]}}