{"id":4006,"date":"2023-01-18T17:32:31","date_gmt":"2023-01-18T15:32:31","guid":{"rendered":"https:\/\/dev.zezz.ee\/garden\/toode\/acer-japonicum-aconitifolium\/"},"modified":"2023-04-18T15:25:13","modified_gmt":"2023-04-18T12:25:13","slug":"acer-japonicum-aconitifolium","status":"publish","type":"product","link":"https:\/\/dev.garden.ee\/en\/product\/acer-japonicum-aconitifolium\/","title":{"rendered":"Acer japonicum &#8216;Aconitifolium&#8217;"},"content":{"rendered":"<input class=\"fooboxshare_post_id\" type=\"hidden\" value=\"4006\"\/>","protected":false},"excerpt":{"rendered":"<p>Omap\u00e4rase v\u00e4limusega vahtral on v\u00e4ga s\u00fcgavalt l\u00f5hestunud sakilise \u00e4\u00e4rega lehed. Kultivari nimetus &#8216;Aconitifolium&#8217; viitab sarnasusele\u00a0<em>Aconitum<\/em>i lehestikuga. Puu muudavad eriliselt atraktiivseks tema karmiinpunane s\u00fcgisv\u00e4rvus ning kevadel rohked \u00f5itsevad punakad \u00f5ied. T\u00e4nu kohevale ning laiuvale olemusele\u00a0v\u00f5ib teda kasvatada nii v\u00e4ikese puu kui ka mitmevarrelise p\u00f5\u00f5sana. Tegemist on v\u00e4ga k\u00fclmakindla sordiga.<\/p>","protected":false},"featured_media":4007,"template":"","meta":[],"product_brand":[],"product_cat":[4403,4406,4396,4408,4412,22],"product_tag":[],"class_list":{"0":"post-4006","1":"product","2":"type-product","3":"status-publish","4":"has-post-thumbnail","6":"product_cat-kodu","7":"product_cat-park","8":"product_cat-puud-ja-poosad","9":"product_cat-vaike-aed","10":"product_cat-varjuaed","11":"product_cat-taimed","12":"pa_moodud-k-2-3-m-l-2-3-m","13":"pa_oitsemise-aeg-aprill","14":"pa_tsoon-5-7","15":"pa_variatsioon-puu-h-80-100-cm","17":"first","18":"instock","19":"taxable","20":"shipping-taxable","21":"purchasable","22":"product-type-variable"},"acf":[],"_links":{"self":[{"href":"https:\/\/dev.garden.ee\/en\/wp-json\/wp\/v2\/product\/4006","targetHints":{"allow":["GET"]}}],"collection":[{"href":"https:\/\/dev.garden.ee\/en\/wp-json\/wp\/v2\/product"}],"about":[{"href":"https:\/\/dev.garden.ee\/en\/wp-json\/wp\/v2\/types\/product"}],"wp:featuredmedia":[{"embeddable":true,"href":"https:\/\/dev.garden.ee\/en\/wp-json\/wp\/v2\/media\/4007"}],"wp:attachment":[{"href":"https:\/\/dev.garden.ee\/en\/wp-json\/wp\/v2\/media?parent=4006"}],"wp:term":[{"taxonomy":"product_brand","embeddable":true,"href":"https:\/\/dev.garden.ee\/en\/wp-json\/wp\/v2\/product_brand?post=4006"},{"taxonomy":"product_cat","embeddable":true,"href":"https:\/\/dev.garden.ee\/en\/wp-json\/wp\/v2\/product_cat?post=4006"},{"taxonomy":"product_tag","embeddable":true,"href":"https:\/\/dev.garden.ee\/en\/wp-json\/wp\/v2\/product_tag?post=4006"}],"curies":[{"name":"wp","href":"https:\/\/api.w.org\/{rel}","templated":true}]}}