{"id":4001,"date":"2023-01-18T17:32:28","date_gmt":"2023-01-18T15:32:28","guid":{"rendered":"https:\/\/dev.zezz.ee\/garden\/toode\/bordeaux\/"},"modified":"2026-02-01T15:45:07","modified_gmt":"2026-02-01T13:45:07","slug":"bordeaux","status":"publish","type":"product","link":"https:\/\/dev.garden.ee\/en\/product\/bordeaux\/","title":{"rendered":"Bordeaux\u00ae"},"content":{"rendered":"<input class=\"fooboxshare_post_id\" type=\"hidden\" value=\"4001\"\/>","protected":false},"excerpt":{"rendered":"<p>Veinipunaste suurte (10cm) t\u00e4idetud \u00f5itega rikkalik \u00f5itseja. Kausja kuni lamedavormiga \u00f5itel on t\u00e4ielikult avanenud \u00f5ie s\u00fcdamikus n\u00e4ha seal paiknevad kollased tolmukad. Avanenud \u00f5itest avaldub aprikoosi, nelgi, rohelise \u00f5una ning tee aromaatsust. \u00d5isi jagub terveks hooajaks.<\/p>\n<p>Rahvusvahelistel roosiv\u00f5istlustel on sorti p\u00e4rjatud nii kuld- kui h\u00f5bemedalitega.<\/p>\n<p><span style=\"color: #ff0000;\">P2 POTI ETTETELLIMINE, V\u00c4LJASTAMINE APRILLI TEISEST POOLEST<\/span><\/p>","protected":false},"featured_media":4002,"template":"","meta":[],"product_brand":[],"product_cat":[4415,4414,4416,4402,22],"product_tag":[],"class_list":{"0":"post-4001","1":"product","2":"type-product","3":"status-publish","4":"has-post-thumbnail","6":"product_cat-lilleaed","7":"product_cat-lohnaaed","8":"product_cat-roosiaed","9":"product_cat-roosid","10":"product_cat-taimed","11":"pa_aretus-w-kordes-sohne","12":"pa_avalikustamisaasta-saksamaa-2014","13":"pa_haiguskindlus-vaga-hea","14":"pa_kasvukorgus-50-80-cm","15":"pa_laius-50-cm","16":"pa_lohn-keskmine","17":"pa_oie-suurus-suur","18":"pa_oie-varv-punane","19":"pa_oietuup-taidisois","20":"pa_oitsemine-korduvalt-oitsev","21":"pa_sort-floribund-ehk-paljuoieline-roos","22":"pa_taimede-arvestus-ruutmeetri-4-5","23":"pa_talvekindlus-vaga-hea","24":"pa_variatsioon-potis-2l-kevadel","25":"pa_variatsioon-potis-4-6l","27":"first","28":"outofstock","29":"purchasable","30":"product-type-variable"},"acf":[],"_links":{"self":[{"href":"https:\/\/dev.garden.ee\/en\/wp-json\/wp\/v2\/product\/4001","targetHints":{"allow":["GET"]}}],"collection":[{"href":"https:\/\/dev.garden.ee\/en\/wp-json\/wp\/v2\/product"}],"about":[{"href":"https:\/\/dev.garden.ee\/en\/wp-json\/wp\/v2\/types\/product"}],"wp:featuredmedia":[{"embeddable":true,"href":"https:\/\/dev.garden.ee\/en\/wp-json\/wp\/v2\/media\/4002"}],"wp:attachment":[{"href":"https:\/\/dev.garden.ee\/en\/wp-json\/wp\/v2\/media?parent=4001"}],"wp:term":[{"taxonomy":"product_brand","embeddable":true,"href":"https:\/\/dev.garden.ee\/en\/wp-json\/wp\/v2\/product_brand?post=4001"},{"taxonomy":"product_cat","embeddable":true,"href":"https:\/\/dev.garden.ee\/en\/wp-json\/wp\/v2\/product_cat?post=4001"},{"taxonomy":"product_tag","embeddable":true,"href":"https:\/\/dev.garden.ee\/en\/wp-json\/wp\/v2\/product_tag?post=4001"}],"curies":[{"name":"wp","href":"https:\/\/api.w.org\/{rel}","templated":true}]}}