{"id":3997,"date":"2023-01-18T17:32:25","date_gmt":"2023-01-18T15:32:25","guid":{"rendered":"https:\/\/dev.zezz.ee\/garden\/toode\/geranium-psilostemon\/"},"modified":"2026-02-24T12:50:45","modified_gmt":"2026-02-24T10:50:45","slug":"geranium-psilostemon","status":"publish","type":"product","link":"https:\/\/dev.garden.ee\/en\/product\/geranium-psilostemon\/","title":{"rendered":"Geranium psilostemon"},"content":{"rendered":"<input class=\"fooboxshare_post_id\" type=\"hidden\" value=\"3997\"\/>","protected":false},"excerpt":{"rendered":"<p>K\u00f5rgema kasvuga p\u00fcsik. Puhmas on kohev, lehestik terve ja tumeroheline. S\u00fcgisel atraktiivse\u00a0punase varjundi omandava lehestikuga taim pakub ka huvitavat suvist \u00f5ieilu. Tumeda s\u00fcdamikuga ereroosad \u00f5ied on vaatepilt, mida nautida p\u00e4iksek\u00fcllases aias, p\u00fcsikupeenras v\u00f5i istutusalal, kus on ka natuke varjulisem. Kestva ilu eesm\u00e4rgil tuleks n\u00e4rtsinud \u00f5ied \u00e4ra noppida. Taime saab jagada nii s\u00fcgisel kui kevadel.\u00a0RHSi poolt p\u00e4rjatud Award of Garden Meritiga.<\/p>","protected":false},"featured_media":3998,"template":"","meta":[],"product_brand":[],"product_cat":[4415,9200,4401,22],"product_tag":[9209],"class_list":{"0":"post-3997","1":"product","2":"type-product","3":"status-publish","4":"has-post-thumbnail","6":"product_cat-lilleaed","7":"product_cat-pinnakatjad","8":"product_cat-pusikud","9":"product_cat-taimed","10":"product_tag-rhs-award-of-garden-merit","11":"pa_haiguskindlus-vaga-hea","12":"pa_moodud-k-70-100-cm-l-90-cm","13":"pa_oie-varv-roosa","14":"pa_oitsemise-aeg-juuni-august","15":"pa_talvekindlus-vaga-hea","16":"pa_tsoon-z-4-9","17":"pa_variatsioon-suurem-pott","18":"pa_variatsioon-vaiksem-pott","20":"first","21":"instock","22":"purchasable","23":"product-type-variable"},"acf":[],"_links":{"self":[{"href":"https:\/\/dev.garden.ee\/en\/wp-json\/wp\/v2\/product\/3997","targetHints":{"allow":["GET"]}}],"collection":[{"href":"https:\/\/dev.garden.ee\/en\/wp-json\/wp\/v2\/product"}],"about":[{"href":"https:\/\/dev.garden.ee\/en\/wp-json\/wp\/v2\/types\/product"}],"wp:featuredmedia":[{"embeddable":true,"href":"https:\/\/dev.garden.ee\/en\/wp-json\/wp\/v2\/media\/3998"}],"wp:attachment":[{"href":"https:\/\/dev.garden.ee\/en\/wp-json\/wp\/v2\/media?parent=3997"}],"wp:term":[{"taxonomy":"product_brand","embeddable":true,"href":"https:\/\/dev.garden.ee\/en\/wp-json\/wp\/v2\/product_brand?post=3997"},{"taxonomy":"product_cat","embeddable":true,"href":"https:\/\/dev.garden.ee\/en\/wp-json\/wp\/v2\/product_cat?post=3997"},{"taxonomy":"product_tag","embeddable":true,"href":"https:\/\/dev.garden.ee\/en\/wp-json\/wp\/v2\/product_tag?post=3997"}],"curies":[{"name":"wp","href":"https:\/\/api.w.org\/{rel}","templated":true}]}}