{"id":3985,"date":"2023-01-18T17:32:17","date_gmt":"2023-01-18T15:32:17","guid":{"rendered":"https:\/\/dev.zezz.ee\/garden\/toode\/geranium-sanguineum-var-striatum\/"},"modified":"2026-02-24T13:21:18","modified_gmt":"2026-02-24T11:21:18","slug":"geranium-sanguineum-var-striatum","status":"publish","type":"product","link":"https:\/\/dev.garden.ee\/en\/product\/geranium-sanguineum-var-striatum\/","title":{"rendered":"Geranium sanguineum var. striatum"},"content":{"rendered":"<input class=\"fooboxshare_post_id\" type=\"hidden\" value=\"3985\"\/>","protected":false},"excerpt":{"rendered":"<p>Madala sordi tumeroheline lehestik on jagune, kauni tekstuuriga. Lehestiku seest piilub v\u00e4lja rohkelt \u00f5rnroosasid, veinpunaste veenidega \u00f5isi. Sobib h\u00e4sti n\u00e4iteks peenra\u00e4\u00e4ristusse v\u00f5i kiviktaimlasse. Taim on oman\u00e4oline ka s\u00fcgisel, kui lehestik omandab pronksjaspunase v\u00e4rvuse. Jagada saab kevadel v\u00f5i s\u00fcgisel. \u00dcks parimaid valikuid madalate massistutuste tarvis, kuna ei ole kasvutingimuste suhtes liialt n\u00f5udlik ning suudab k\u00fcllaltki kiirelt luua kauni pinnasekatte n\u00e4iteks jalgteede \u00e4\u00e4ristuseks. V\u00f5ib istutada kiviktaimlasse, alpi-aeda, ka konteinerisse. Kasvuks vajab p\u00e4ikeselist v\u00f5i poolvarjulist paika aias. RHSi poolt on taimele omistatud Award of Garden Merit.<\/p>","protected":false},"featured_media":3986,"template":"","meta":[],"product_brand":[],"product_cat":[4415,9200,4401,22],"product_tag":[9209],"class_list":{"0":"post-3985","1":"product","2":"type-product","3":"status-publish","4":"has-post-thumbnail","6":"product_cat-lilleaed","7":"product_cat-pinnakatjad","8":"product_cat-pusikud","9":"product_cat-taimed","10":"product_tag-rhs-award-of-garden-merit","11":"pa_haiguskindlus-hea","12":"pa_moodud-k-10-cm-l-30-cm","13":"pa_oie-varv-valge","14":"pa_oitsemise-aeg-juuni-august","15":"pa_talvekindlus-vaga-hea","16":"pa_tsoon-z-3-9","17":"pa_variatsioon-suurem-pott","18":"pa_variatsioon-vaiksem-pott","20":"first","21":"onbackorder","22":"purchasable","23":"product-type-variable"},"acf":[],"_links":{"self":[{"href":"https:\/\/dev.garden.ee\/en\/wp-json\/wp\/v2\/product\/3985","targetHints":{"allow":["GET"]}}],"collection":[{"href":"https:\/\/dev.garden.ee\/en\/wp-json\/wp\/v2\/product"}],"about":[{"href":"https:\/\/dev.garden.ee\/en\/wp-json\/wp\/v2\/types\/product"}],"wp:featuredmedia":[{"embeddable":true,"href":"https:\/\/dev.garden.ee\/en\/wp-json\/wp\/v2\/media\/3986"}],"wp:attachment":[{"href":"https:\/\/dev.garden.ee\/en\/wp-json\/wp\/v2\/media?parent=3985"}],"wp:term":[{"taxonomy":"product_brand","embeddable":true,"href":"https:\/\/dev.garden.ee\/en\/wp-json\/wp\/v2\/product_brand?post=3985"},{"taxonomy":"product_cat","embeddable":true,"href":"https:\/\/dev.garden.ee\/en\/wp-json\/wp\/v2\/product_cat?post=3985"},{"taxonomy":"product_tag","embeddable":true,"href":"https:\/\/dev.garden.ee\/en\/wp-json\/wp\/v2\/product_tag?post=3985"}],"curies":[{"name":"wp","href":"https:\/\/api.w.org\/{rel}","templated":true}]}}