{"id":3977,"date":"2023-01-18T17:32:13","date_gmt":"2023-01-18T15:32:13","guid":{"rendered":"https:\/\/dev.zezz.ee\/garden\/toode\/geum-rivale\/"},"modified":"2026-02-24T14:33:00","modified_gmt":"2026-02-24T12:33:00","slug":"geum-rivale","status":"publish","type":"product","link":"https:\/\/dev.garden.ee\/en\/product\/geum-rivale\/","title":{"rendered":"Geum rivale"},"content":{"rendered":"<input class=\"fooboxshare_post_id\" type=\"hidden\" value=\"3977\"\/>","protected":false},"excerpt":{"rendered":"<p>Longus kellukesi meenutavate \u00f5itega p\u00fcsik. \u00d5ie moodustavad viis heleroosat kroonlehte, mida katavad tumepurpursed tupplehed. Hiljem valmivad \u00f5itest takjasarnased seemnetupsud. V\u00e4rvuselt tumedad ning karvased varred on praktiliselt lehitud, suurem osa lehestikust on endale paiga leidnud hoopis varrejaluses.\u00a0Kuna taimele meeldib niiskem kasvukeskkond, sobib ta kasvama ka n\u00e4iteks veekogude l\u00e4hedusse.\u00a0Kuivatatud v\u00f5i v\u00e4rskete juurte keedisest on v\u00f5imalik valmistada \u0161okolaadisarnast maitsvat jooki. Samas v\u00f5ib taime kasutada ka toidu maitsestamisel. Ojam\u00f5\u00f5l on tuntust kogunud ka oma mitmete tervistavate omaduste t\u00f5ttu, ta on v\u00e4ga hea meetaim. Kena kasvama loodusaeda, niidule, \u00fcrdiaeda, sobib ka p\u00fcsilillede hulka.<\/p>","protected":false},"featured_media":3978,"template":"","meta":[],"product_brand":[],"product_cat":[4415,6934,4401,4409,4392,4411,4393,22],"product_tag":[],"class_list":{"0":"post-3977","1":"product","2":"type-product","3":"status-publish","4":"has-post-thumbnail","6":"product_cat-lilleaed","7":"product_cat-mesilassobralik-aed","8":"product_cat-pusikud","9":"product_cat-tiigiaed","10":"product_cat-tiigitaimed","11":"product_cat-urdiaed","12":"product_cat-urdid","13":"product_cat-taimed","14":"pa_haiguskindlus-vaga-hea","15":"pa_moodud-k-40-cm-l-30-cm","16":"pa_oie-varv-purpurne","17":"pa_oitsemise-aeg-mai-juuni","18":"pa_talvekindlus-vaga-hea","19":"pa_tsoon-3-7","20":"pa_variatsioon-suurem-pott","21":"pa_variatsioon-vaiksem-pott","23":"first","24":"instock","25":"purchasable","26":"product-type-variable"},"acf":[],"_links":{"self":[{"href":"https:\/\/dev.garden.ee\/en\/wp-json\/wp\/v2\/product\/3977","targetHints":{"allow":["GET"]}}],"collection":[{"href":"https:\/\/dev.garden.ee\/en\/wp-json\/wp\/v2\/product"}],"about":[{"href":"https:\/\/dev.garden.ee\/en\/wp-json\/wp\/v2\/types\/product"}],"wp:featuredmedia":[{"embeddable":true,"href":"https:\/\/dev.garden.ee\/en\/wp-json\/wp\/v2\/media\/3978"}],"wp:attachment":[{"href":"https:\/\/dev.garden.ee\/en\/wp-json\/wp\/v2\/media?parent=3977"}],"wp:term":[{"taxonomy":"product_brand","embeddable":true,"href":"https:\/\/dev.garden.ee\/en\/wp-json\/wp\/v2\/product_brand?post=3977"},{"taxonomy":"product_cat","embeddable":true,"href":"https:\/\/dev.garden.ee\/en\/wp-json\/wp\/v2\/product_cat?post=3977"},{"taxonomy":"product_tag","embeddable":true,"href":"https:\/\/dev.garden.ee\/en\/wp-json\/wp\/v2\/product_tag?post=3977"}],"curies":[{"name":"wp","href":"https:\/\/api.w.org\/{rel}","templated":true}]}}