{"id":3945,"date":"2023-01-18T17:31:53","date_gmt":"2023-01-18T15:31:53","guid":{"rendered":"https:\/\/dev.zezz.ee\/garden\/toode\/gaillardia-x-grandiflora-amber-wheels\/"},"modified":"2026-02-24T10:22:38","modified_gmt":"2026-02-24T08:22:38","slug":"gaillardia-x-grandiflora-amber-wheels","status":"publish","type":"product","link":"https:\/\/dev.garden.ee\/en\/product\/gaillardia-x-grandiflora-amber-wheels\/","title":{"rendered":"Gaillardia x grandiflora &#8216;Amber Wheels&#8217;"},"content":{"rendered":"<input class=\"fooboxshare_post_id\" type=\"hidden\" value=\"3945\"\/>","protected":false},"excerpt":{"rendered":"<p>Suured merevaigukollased \u00f5ied, keskelt indiaanipunase silmaga ja\u00a0\u00e4\u00e4rtest kroogitud kroonlehtedega. Rohked \u00f5ied pakuvad silmailu kogu pika \u00f5itsemisperioodi v\u00e4ltel- alates juunist, kuni septembrini v\u00e4lja. Taim on puhmja, kompaktse vormiga. K\u00f5ige efektsem tulemus, kui istutada suuremate gruppidena. V\u00f5ib kasvatada ka \u00fcksikult v\u00f5i r\u00fchmadena p\u00fcsikupeenras, v\u00f5i hoopis konteineris. Tegemist on v\u00e4ga kergesti hooldatava taimega. Tunneb h\u00e4sti end ka linnahaljastuses, \u00f5hu saastatus teda ei h\u00e4iri. Kasvukoht olgu p\u00e4ikeseline, pigem viletsama mullaga\u00a0ja mitte liiga niiske. Taime juurestik v\u00f5ib talvel l\u00e4bi j\u00e4\u00e4tudes hukkuda. K\u00f5rgem ja kuivemapoolsem kasvukoht on soovitav. Liblikate ja mesilaste lemmik.<\/p>","protected":false},"featured_media":3946,"template":"","meta":[],"product_brand":[],"product_cat":[9637,4415,9702,4413,6934,4401,4408,22],"product_tag":[],"class_list":{"0":"post-3945","1":"product","2":"type-product","3":"status-publish","4":"has-post-thumbnail","6":"product_cat-istutuskast","7":"product_cat-lilleaed","8":"product_cat-linnaaed","9":"product_cat-loikelilleaed","10":"product_cat-mesilassobralik-aed","11":"product_cat-pusikud","12":"product_cat-vaike-aed","13":"product_cat-taimed","14":"pa_haiguskindlus-hea","15":"pa_lisainfo-janese-kahjustustele-vastupidav","16":"pa_lisainfo-mesilaste-lemmik","17":"pa_lisainfo-sobilik-istutuskasti-jaoks","18":"pa_moodud-k-90-cm-l-60-cm","19":"pa_oie-varv-kollane","20":"pa_oitsemise-aeg-juuni-september","21":"pa_talvekindlus-vaga-hea","22":"pa_tsoon-z-3-9","23":"pa_variatsioon-suurem-pott","24":"pa_variatsioon-vaiksem-pott","26":"first","27":"instock","28":"purchasable","29":"product-type-variable"},"acf":[],"_links":{"self":[{"href":"https:\/\/dev.garden.ee\/en\/wp-json\/wp\/v2\/product\/3945","targetHints":{"allow":["GET"]}}],"collection":[{"href":"https:\/\/dev.garden.ee\/en\/wp-json\/wp\/v2\/product"}],"about":[{"href":"https:\/\/dev.garden.ee\/en\/wp-json\/wp\/v2\/types\/product"}],"wp:featuredmedia":[{"embeddable":true,"href":"https:\/\/dev.garden.ee\/en\/wp-json\/wp\/v2\/media\/3946"}],"wp:attachment":[{"href":"https:\/\/dev.garden.ee\/en\/wp-json\/wp\/v2\/media?parent=3945"}],"wp:term":[{"taxonomy":"product_brand","embeddable":true,"href":"https:\/\/dev.garden.ee\/en\/wp-json\/wp\/v2\/product_brand?post=3945"},{"taxonomy":"product_cat","embeddable":true,"href":"https:\/\/dev.garden.ee\/en\/wp-json\/wp\/v2\/product_cat?post=3945"},{"taxonomy":"product_tag","embeddable":true,"href":"https:\/\/dev.garden.ee\/en\/wp-json\/wp\/v2\/product_tag?post=3945"}],"curies":[{"name":"wp","href":"https:\/\/api.w.org\/{rel}","templated":true}]}}