{"id":3924,"date":"2023-01-18T17:31:43","date_gmt":"2023-01-18T15:31:43","guid":{"rendered":"https:\/\/dev.zezz.ee\/garden\/toode\/galium-odoratum\/"},"modified":"2026-02-24T10:37:52","modified_gmt":"2026-02-24T08:37:52","slug":"galium-odoratum","status":"publish","type":"product","link":"https:\/\/dev.garden.ee\/en\/product\/galium-odoratum\/","title":{"rendered":"Galium odoratum"},"content":{"rendered":"<input class=\"fooboxshare_post_id\" type=\"hidden\" value=\"3924\"\/>","protected":false},"excerpt":{"rendered":"<p>Pikaealine, \u00fchtset vaipa moodustav pinnakattetaim on sobilik pigem varjulisemasse aianurka v\u00f5i varjulisele istutusalale. Armastab niiskemst pinnast. Kevadel ilmuvad rohked, pisikesed, valged,\u00a0nelja kroonlehega \u00f5ied. Taime varred ja lehestik on rohtsed. Niigi aromaatne lehestik eritab v\u00e4rskelt niidetuna veelgi tugevamat l\u00f5hna. Lehestiku aromaatsus suureneb ka kuivatamisel, seet\u00f5ttu on v\u00e4ga populaarne tuua madara lehestikuga t\u00e4idetud kotikesi tuppa. Taim on t\u00e4nu\u00a0oma k\u00f5rgele aromaatsusele kasutust leidnud ka parf\u00fc\u00fcmit\u00f6\u00f6stuses. Lehti saab kasutada n\u00e4iteks tee\u00a0v\u00f5i pun\u0161i maitsestamisel. Suures koguses on veidi m\u00fcrgine.<\/p>","protected":false},"featured_media":3925,"template":"","meta":[],"product_brand":[],"product_cat":[4406,9200,4401,4412,22],"product_tag":[],"class_list":{"0":"post-3924","1":"product","2":"type-product","3":"status-publish","4":"has-post-thumbnail","6":"product_cat-park","7":"product_cat-pinnakatjad","8":"product_cat-pusikud","9":"product_cat-varjuaed","10":"product_cat-taimed","11":"pa_haiguskindlus-vaga-hea","12":"pa_lisainfo-hea-pinnakatja","13":"pa_lisainfo-murgine","14":"pa_lisainfo-sobib-osalise-varjuga-kasvualale","15":"pa_moodud-k-25-cm-l-30-cm","16":"pa_oie-varv-valge","17":"pa_oitsemise-aeg-mai-juuni","18":"pa_talvekindlus-vaga-hea","19":"pa_tsoon-z-3-9","20":"pa_variatsioon-suurem-pott","21":"pa_variatsioon-vaiksem-pott","23":"first","24":"instock","25":"purchasable","26":"product-type-variable"},"acf":[],"_links":{"self":[{"href":"https:\/\/dev.garden.ee\/en\/wp-json\/wp\/v2\/product\/3924","targetHints":{"allow":["GET"]}}],"collection":[{"href":"https:\/\/dev.garden.ee\/en\/wp-json\/wp\/v2\/product"}],"about":[{"href":"https:\/\/dev.garden.ee\/en\/wp-json\/wp\/v2\/types\/product"}],"wp:featuredmedia":[{"embeddable":true,"href":"https:\/\/dev.garden.ee\/en\/wp-json\/wp\/v2\/media\/3925"}],"wp:attachment":[{"href":"https:\/\/dev.garden.ee\/en\/wp-json\/wp\/v2\/media?parent=3924"}],"wp:term":[{"taxonomy":"product_brand","embeddable":true,"href":"https:\/\/dev.garden.ee\/en\/wp-json\/wp\/v2\/product_brand?post=3924"},{"taxonomy":"product_cat","embeddable":true,"href":"https:\/\/dev.garden.ee\/en\/wp-json\/wp\/v2\/product_cat?post=3924"},{"taxonomy":"product_tag","embeddable":true,"href":"https:\/\/dev.garden.ee\/en\/wp-json\/wp\/v2\/product_tag?post=3924"}],"curies":[{"name":"wp","href":"https:\/\/api.w.org\/{rel}","templated":true}]}}