{"id":3912,"date":"2023-01-18T17:31:36","date_gmt":"2023-01-18T15:31:36","guid":{"rendered":"https:\/\/dev.zezz.ee\/garden\/toode\/geranium-cinereum-ballerina\/"},"modified":"2026-02-24T12:05:52","modified_gmt":"2026-02-24T10:05:52","slug":"geranium-cinereum-ballerina","status":"publish","type":"product","link":"https:\/\/dev.garden.ee\/en\/product\/geranium-cinereum-ballerina\/","title":{"rendered":"Geranium cinereum &#8216;Ballerina&#8217;"},"content":{"rendered":"<input class=\"fooboxshare_post_id\" type=\"hidden\" value=\"3912\"\/>","protected":false},"excerpt":{"rendered":"<p>Hallikasrohelised lehed moodustavad omap\u00e4rase ja toreda puhmiku, mis alates varasuvest kattub roosade \u00f5itega ja hoiab end \u00f5ites kuni septembrini. \u00d5itel on veinipunased s\u00fcdamikud, kroonlehtedel sama v\u00e4rvi soonestik. Lihtne kasvatada, vajab t\u00e4isp\u00e4ikeselist kasvukohta ja suhteliselt hea drenaa\u017eiga mulda. Suurep\u00e4rane kiviktaimla taim. Kui taime peale \u00f5itsemist tagasi l\u00f5igata, v\u00f5ib \u00e4rgitada korduv\u00f5itsemisele. Kui on vaja kiirekasvulist pinnakatjat, siis on see taim just \u00f5ige valik.<\/p>","protected":false},"featured_media":3913,"template":"","meta":[],"product_brand":[],"product_cat":[4415,9200,4401,22],"product_tag":[],"class_list":{"0":"post-3912","1":"product","2":"type-product","3":"status-publish","4":"has-post-thumbnail","6":"product_cat-lilleaed","7":"product_cat-pinnakatjad","8":"product_cat-pusikud","9":"product_cat-taimed","10":"pa_haiguskindlus-hea","11":"pa_moodud-k-10-cm-l-30-cm","12":"pa_oie-varv-roosa","13":"pa_oitsemise-aeg-mai-juuli","14":"pa_talvekindlus-vaga-hea","15":"pa_tsoon-z-3-9","16":"pa_variatsioon-suurem-pott","17":"pa_variatsioon-vaiksem-pott","19":"first","20":"onbackorder","21":"purchasable","22":"product-type-variable"},"acf":[],"_links":{"self":[{"href":"https:\/\/dev.garden.ee\/en\/wp-json\/wp\/v2\/product\/3912","targetHints":{"allow":["GET"]}}],"collection":[{"href":"https:\/\/dev.garden.ee\/en\/wp-json\/wp\/v2\/product"}],"about":[{"href":"https:\/\/dev.garden.ee\/en\/wp-json\/wp\/v2\/types\/product"}],"wp:featuredmedia":[{"embeddable":true,"href":"https:\/\/dev.garden.ee\/en\/wp-json\/wp\/v2\/media\/3913"}],"wp:attachment":[{"href":"https:\/\/dev.garden.ee\/en\/wp-json\/wp\/v2\/media?parent=3912"}],"wp:term":[{"taxonomy":"product_brand","embeddable":true,"href":"https:\/\/dev.garden.ee\/en\/wp-json\/wp\/v2\/product_brand?post=3912"},{"taxonomy":"product_cat","embeddable":true,"href":"https:\/\/dev.garden.ee\/en\/wp-json\/wp\/v2\/product_cat?post=3912"},{"taxonomy":"product_tag","embeddable":true,"href":"https:\/\/dev.garden.ee\/en\/wp-json\/wp\/v2\/product_tag?post=3912"}],"curies":[{"name":"wp","href":"https:\/\/api.w.org\/{rel}","templated":true}]}}