{"id":3878,"date":"2023-01-18T17:31:15","date_gmt":"2023-01-18T15:31:15","guid":{"rendered":"https:\/\/dev.zezz.ee\/garden\/toode\/primula-beesiana\/"},"modified":"2026-03-07T11:48:15","modified_gmt":"2026-03-07T09:48:15","slug":"primula-beesiana","status":"publish","type":"product","link":"https:\/\/dev.garden.ee\/en\/product\/primula-beesiana\/","title":{"rendered":"Primula beesiana"},"content":{"rendered":"<input class=\"fooboxshare_post_id\" type=\"hidden\" value=\"3878\"\/>","protected":false},"excerpt":{"rendered":"<p>Leitud metsikuna kasvamas Hiina m\u00e4gistel niidun\u00f5lvadel. Taime \u00f5ievarred on pikad- kuni 60 cm! \u00d5isikud paiknevad taimel korrustena. Tumeroosasid \u00f5iekorruseid v\u00f5ib olla koguni 8. Kasvades massina loob t\u00f5eliselt imetabase vaatem\u00e4ngu. Suurep\u00e4rane valik niiskesse piirkonda, kaldapealsetele v\u00f5i veesilma \u00e4\u00e4rde. V\u00e4ga kena terviku toob esile maadligi hoidev h\u00f5beroheline lehestik. Taim on pikaealine, aga teda saab ka kergesti paljundada seemnetega. V\u00e4ga vastupidav ja t\u00e4nuv\u00e4\u00e4rne \u00f5itseja. P\u00e4ikeselises, kuid niiske pinnaga mullas tunneb end samuti v\u00e4ga h\u00e4sti. Suvisel kuival ajal vajab kindlasti p\u00f5hjalikku kastmist.\u00a0Auhinnatud Award of Garden Merit&#8217;i ga.<\/p>\n<p>Kaaslastena sobivad nt\u00a0<em>Lythrum salicaria<\/em> &#8216;Blush&#8217;,\u00a0Trollius chinensis \u2018Golden Queen&#8217;<em>.<\/em><\/p>","protected":false},"featured_media":25946,"template":"","meta":[],"product_brand":[],"product_cat":[4406,4401,4409,4392,4412,22],"product_tag":[9209],"class_list":{"0":"post-3878","1":"product","2":"type-product","3":"status-publish","4":"has-post-thumbnail","6":"product_cat-park","7":"product_cat-pusikud","8":"product_cat-tiigiaed","9":"product_cat-tiigitaimed","10":"product_cat-varjuaed","11":"product_cat-taimed","12":"product_tag-rhs-award-of-garden-merit","13":"pa_haiguskindlus-vaga-hea","14":"pa_moodud-k-50-60-cm-l-55-60-cm","15":"pa_oie-varv-roosa","16":"pa_oitsemise-aeg-juuni-juuli","17":"pa_talvekindlus-vaga-hea","18":"pa_tsoon-z-4-9","19":"pa_variatsioon-suurem-pott","20":"pa_variatsioon-vaiksem-pott","22":"first","23":"outofstock","24":"purchasable","25":"product-type-variable"},"acf":[],"_links":{"self":[{"href":"https:\/\/dev.garden.ee\/en\/wp-json\/wp\/v2\/product\/3878","targetHints":{"allow":["GET"]}}],"collection":[{"href":"https:\/\/dev.garden.ee\/en\/wp-json\/wp\/v2\/product"}],"about":[{"href":"https:\/\/dev.garden.ee\/en\/wp-json\/wp\/v2\/types\/product"}],"wp:featuredmedia":[{"embeddable":true,"href":"https:\/\/dev.garden.ee\/en\/wp-json\/wp\/v2\/media\/25946"}],"wp:attachment":[{"href":"https:\/\/dev.garden.ee\/en\/wp-json\/wp\/v2\/media?parent=3878"}],"wp:term":[{"taxonomy":"product_brand","embeddable":true,"href":"https:\/\/dev.garden.ee\/en\/wp-json\/wp\/v2\/product_brand?post=3878"},{"taxonomy":"product_cat","embeddable":true,"href":"https:\/\/dev.garden.ee\/en\/wp-json\/wp\/v2\/product_cat?post=3878"},{"taxonomy":"product_tag","embeddable":true,"href":"https:\/\/dev.garden.ee\/en\/wp-json\/wp\/v2\/product_tag?post=3878"}],"curies":[{"name":"wp","href":"https:\/\/api.w.org\/{rel}","templated":true}]}}