{"id":3847,"date":"2023-01-18T17:30:53","date_gmt":"2023-01-18T15:30:53","guid":{"rendered":"https:\/\/dev.zezz.ee\/garden\/toode\/lavandula-angustifolia-imperial-gem\/"},"modified":"2026-03-01T14:11:46","modified_gmt":"2026-03-01T12:11:46","slug":"lavandula-angustifolia-imperial-gem","status":"publish","type":"product","link":"https:\/\/dev.garden.ee\/en\/product\/lavandula-angustifolia-imperial-gem\/","title":{"rendered":"Lavandula angustifolia &#8216;Imperial Gem&#8217;"},"content":{"rendered":"<input class=\"fooboxshare_post_id\" type=\"hidden\" value=\"3847\"\/>","protected":false},"excerpt":{"rendered":"<p>Tumelillade \u00f5itega, rikkalikult \u00f5itsev sort, kompaktse kasvuga. \u00d5isikud ilmuvad suve teises pooles. Nii lehestik kui ka \u00f5ied on v\u00e4ga aromaatsed. Seet\u00f5ttu on t\u00e4hklavendlitele omaselt ka antud taim v\u00e4ga populaarne parf\u00fc\u00fcmit\u00f6\u00f6stuses. Koit\u00f5rjena v\u00f5ib kasutada taime meeldivalt aromaatseid kuivatatud lehti ning \u00f5isi. Samuti kuluvad noored v\u00f5rsed \u00e4ra toidu maitsestamisel.\u00a0Iga 3 aasta tagant tuleks taime veidi tagasi l\u00f5igata, et s\u00e4ilitada tema kompaktne vorm.\u00a0RHSi poolt on taimele omistatud Award of Garden Merit.<\/p>\n<p>Lavendlid armastavad kuivemat pinnast ja head drenaa\u017ei. V\u00e4ga hea valik taluaeda massistutamiseks, asendamatu iludus \u00fcrdiaias. Ka p\u00fcsikute ja rooside klassikaline kaaslane ning suurep\u00e4rane bord\u00fc\u00fcrideks.\u00a0Lumevaesel talvel on talvekate soovitav.<\/p>","protected":false},"featured_media":3848,"template":"","meta":[],"product_brand":[],"product_cat":[4415,4414,4413,6934,4401,4410,4393,22],"product_tag":[9209],"class_list":{"0":"post-3847","1":"product","2":"type-product","3":"status-publish","4":"has-post-thumbnail","6":"product_cat-lilleaed","7":"product_cat-lohnaaed","8":"product_cat-loikelilleaed","9":"product_cat-mesilassobralik-aed","10":"product_cat-pusikud","11":"product_cat-tarbeaed","12":"product_cat-urdid","13":"product_cat-taimed","14":"product_tag-rhs-award-of-garden-merit","15":"pa_haiguskindlus-vaga-hea","16":"pa_lisainfo-mesilaste-lemmik","17":"pa_lisainfo-pilgupuudja","18":"pa_lisainfo-sobib-lohnaaeda","19":"pa_lisainfo-talub-pouda","20":"pa_lohn-lohnav","21":"pa_moodud-k-50-60-cm-l-45-cm","22":"pa_oie-varv-lilla","23":"pa_oitsemise-aeg-juuli-august","24":"pa_talvekindlus-hea","25":"pa_tsoon-z-5-9","26":"pa_variatsioon-suurem-pott","27":"pa_variatsioon-vaiksem-pott","29":"first","30":"outofstock","31":"purchasable","32":"product-type-variable"},"acf":[],"_links":{"self":[{"href":"https:\/\/dev.garden.ee\/en\/wp-json\/wp\/v2\/product\/3847","targetHints":{"allow":["GET"]}}],"collection":[{"href":"https:\/\/dev.garden.ee\/en\/wp-json\/wp\/v2\/product"}],"about":[{"href":"https:\/\/dev.garden.ee\/en\/wp-json\/wp\/v2\/types\/product"}],"wp:featuredmedia":[{"embeddable":true,"href":"https:\/\/dev.garden.ee\/en\/wp-json\/wp\/v2\/media\/3848"}],"wp:attachment":[{"href":"https:\/\/dev.garden.ee\/en\/wp-json\/wp\/v2\/media?parent=3847"}],"wp:term":[{"taxonomy":"product_brand","embeddable":true,"href":"https:\/\/dev.garden.ee\/en\/wp-json\/wp\/v2\/product_brand?post=3847"},{"taxonomy":"product_cat","embeddable":true,"href":"https:\/\/dev.garden.ee\/en\/wp-json\/wp\/v2\/product_cat?post=3847"},{"taxonomy":"product_tag","embeddable":true,"href":"https:\/\/dev.garden.ee\/en\/wp-json\/wp\/v2\/product_tag?post=3847"}],"curies":[{"name":"wp","href":"https:\/\/api.w.org\/{rel}","templated":true}]}}