{"id":3837,"date":"2023-01-18T17:30:47","date_gmt":"2023-01-18T15:30:47","guid":{"rendered":"https:\/\/dev.zezz.ee\/garden\/toode\/filipendula-rubra-venusta\/"},"modified":"2026-02-24T00:49:49","modified_gmt":"2026-02-23T22:49:49","slug":"filipendula-rubra-venusta","status":"publish","type":"product","link":"https:\/\/dev.garden.ee\/en\/product\/filipendula-rubra-venusta\/","title":{"rendered":"Filipendula rubra &#8216;Venusta&#8217;"},"content":{"rendered":"<input class=\"fooboxshare_post_id\" type=\"hidden\" value=\"3837\"\/>","protected":false},"excerpt":{"rendered":"<p>Julge v\u00e4limusega ja p\u00fcstise kasvuga taim. Suvel avanevad tumeda lehestiku taustal suured, kohevad ja s\u00fcgavroosad \u00f5itekobarad, mis meenutavad lapsep\u00f5lvest tuntud suhkruvati maiust. Eriti kaunilt m\u00f5jub rohke\u00f5ieline p\u00fcsik just veekogu \u00e4\u00e4res. Uhke ja edev ka soolotaimena. Kaunis lisand suvistele lillekimpudele, hea l\u00f5ikelill. Taimed p\u00fcsivad tervena ja v\u00e4rskena kogu suve. Kuumal perioodil ei tohi lasta juurestikul l\u00e4bi kuivada. Kasvukoht v\u00f5iks olla niiske, isegi m\u00e4rg. Taim kasvab suhteliselt suureks, ta on ka paras laiutaja ja\u00a0seep\u00e4rast oleks vaja leida talle p\u00e4ikesek\u00fcllane ja piisava ruumiga kasvukoht.<\/p>","protected":false},"featured_media":22994,"template":"","meta":[],"product_brand":[],"product_cat":[4406,4401,4409,4392,22],"product_tag":[],"class_list":{"0":"post-3837","1":"product","2":"type-product","3":"status-publish","4":"has-post-thumbnail","6":"product_cat-park","7":"product_cat-pusikud","8":"product_cat-tiigiaed","9":"product_cat-tiigitaimed","10":"product_cat-taimed","11":"pa_haiguskindlus-vaga-hea","12":"pa_kasvukorgus-150-cm","13":"pa_laius-100-cm","14":"pa_lisainfo-kaldataim","15":"pa_lisainfo-pilgupuudja","16":"pa_lisainfo-sobib-loikelilleks","17":"pa_oie-varv-roosa","18":"pa_oitsemise-aeg-juuli-august","19":"pa_talvekindlus-vaga-hea","20":"pa_tingimused-marg","21":"pa_tingimused-niiske","22":"pa_tsoon-3-8","23":"pa_valguse-tingimused-paike","24":"pa_valguse-tingimused-poolvari","25":"pa_variatsioon-suurem-pott","26":"pa_variatsioon-vaiksem-pott","28":"first","29":"instock","30":"purchasable","31":"product-type-variable"},"acf":[],"_links":{"self":[{"href":"https:\/\/dev.garden.ee\/en\/wp-json\/wp\/v2\/product\/3837","targetHints":{"allow":["GET"]}}],"collection":[{"href":"https:\/\/dev.garden.ee\/en\/wp-json\/wp\/v2\/product"}],"about":[{"href":"https:\/\/dev.garden.ee\/en\/wp-json\/wp\/v2\/types\/product"}],"wp:featuredmedia":[{"embeddable":true,"href":"https:\/\/dev.garden.ee\/en\/wp-json\/wp\/v2\/media\/22994"}],"wp:attachment":[{"href":"https:\/\/dev.garden.ee\/en\/wp-json\/wp\/v2\/media?parent=3837"}],"wp:term":[{"taxonomy":"product_brand","embeddable":true,"href":"https:\/\/dev.garden.ee\/en\/wp-json\/wp\/v2\/product_brand?post=3837"},{"taxonomy":"product_cat","embeddable":true,"href":"https:\/\/dev.garden.ee\/en\/wp-json\/wp\/v2\/product_cat?post=3837"},{"taxonomy":"product_tag","embeddable":true,"href":"https:\/\/dev.garden.ee\/en\/wp-json\/wp\/v2\/product_tag?post=3837"}],"curies":[{"name":"wp","href":"https:\/\/api.w.org\/{rel}","templated":true}]}}