{"id":3819,"date":"2023-01-18T17:30:35","date_gmt":"2023-01-18T15:30:35","guid":{"rendered":"https:\/\/dev.zezz.ee\/garden\/toode\/festuca-gautieri\/"},"modified":"2026-02-24T00:30:29","modified_gmt":"2026-02-23T22:30:29","slug":"festuca-gautieri","status":"publish","type":"product","link":"https:\/\/dev.garden.ee\/en\/product\/festuca-gautieri\/","title":{"rendered":"Festuca gautieri"},"content":{"rendered":"<input class=\"fooboxshare_post_id\" type=\"hidden\" value=\"3819\"\/>","protected":false},"excerpt":{"rendered":"<p>Toreda madala m\u00fctsina kasvav pikaealine p\u00fcsik, kes moodustab tihedaid padjandeid. Taim on niiskuspelglik. Kasvupinnas olgu kuiv v\u00f5i kuivemapoolne. P\u00e4ikesek\u00fcllane kasvukoht on talle parim, kuid talub ka osalist varju.\u00a0Kevadel tuleks koltunud lehepuhmikud tagasi l\u00f5igata, puhmas puhastada vanast prahist. Heaks naabriks kassisabad ja kadakkaer, kes samuti taluvad kuiva kasvukohta. Uhke soolotaimena, kuid veel kaunim r\u00fchmataimena.<\/p>","protected":false},"featured_media":3820,"template":"","meta":[],"product_brand":[],"product_cat":[4407,4400,4415,9200,4401,22],"product_tag":[],"class_list":{"0":"post-3819","1":"product","2":"type-product","3":"status-publish","4":"has-post-thumbnail","6":"product_cat-aasad","7":"product_cat-korrelised","8":"product_cat-lilleaed","9":"product_cat-pinnakatjad","10":"product_cat-pusikud","11":"product_cat-taimed","12":"pa_haiguskindlus-hea","13":"pa_kasvukorgus-15-cm","14":"pa_laius-15-20-cm","15":"pa_lisainfo-hea-pinnakatja","16":"pa_lisainfo-sobib-osalise-varjuga-kasvualale","17":"pa_oie-varv-beez","18":"pa_oitsemise-aeg-mai-juuni","19":"pa_talvekindlus-vaga-hea","20":"pa_tingimused-hea-drenaaz","21":"pa_tingimused-kuiv","22":"pa_tsoon-4-10","23":"pa_valguse-tingimused-kerge-vari","24":"pa_valguse-tingimused-paike","25":"pa_variatsioon-suurem-pott","26":"pa_variatsioon-vaiksem-pott","28":"first","29":"instock","30":"purchasable","31":"product-type-variable"},"acf":[],"_links":{"self":[{"href":"https:\/\/dev.garden.ee\/en\/wp-json\/wp\/v2\/product\/3819","targetHints":{"allow":["GET"]}}],"collection":[{"href":"https:\/\/dev.garden.ee\/en\/wp-json\/wp\/v2\/product"}],"about":[{"href":"https:\/\/dev.garden.ee\/en\/wp-json\/wp\/v2\/types\/product"}],"wp:featuredmedia":[{"embeddable":true,"href":"https:\/\/dev.garden.ee\/en\/wp-json\/wp\/v2\/media\/3820"}],"wp:attachment":[{"href":"https:\/\/dev.garden.ee\/en\/wp-json\/wp\/v2\/media?parent=3819"}],"wp:term":[{"taxonomy":"product_brand","embeddable":true,"href":"https:\/\/dev.garden.ee\/en\/wp-json\/wp\/v2\/product_brand?post=3819"},{"taxonomy":"product_cat","embeddable":true,"href":"https:\/\/dev.garden.ee\/en\/wp-json\/wp\/v2\/product_cat?post=3819"},{"taxonomy":"product_tag","embeddable":true,"href":"https:\/\/dev.garden.ee\/en\/wp-json\/wp\/v2\/product_tag?post=3819"}],"curies":[{"name":"wp","href":"https:\/\/api.w.org\/{rel}","templated":true}]}}