{"id":3796,"date":"2023-01-18T17:30:20","date_gmt":"2023-01-18T15:30:20","guid":{"rendered":"https:\/\/dev.zezz.ee\/garden\/toode\/panicum-virgatum-heavy-metal\/"},"modified":"2026-03-05T12:29:04","modified_gmt":"2026-03-05T10:29:04","slug":"panicum-virgatum-heavy-metal","status":"publish","type":"product","link":"https:\/\/dev.garden.ee\/en\/product\/panicum-virgatum-heavy-metal\/","title":{"rendered":"Panicum virgatum &#8216;Heavy Metal&#8217;"},"content":{"rendered":"<input class=\"fooboxshare_post_id\" type=\"hidden\" value=\"3796\"\/>","protected":false},"excerpt":{"rendered":"<p>Harilikult vitshirsid kasvavad suhteliselt k\u00f5rgeks ja tikuvad murduma v\u00f5i lonti vajuma, kuid seda sorti iseloomustab just tema p\u00fcstine, tugev kasv ja ta on teistest natuke madalam, aga ka tihedam. Moodustab kauni sini-rohelise puhma, mis muutub s\u00fcgisel kollaseks. Purpursed \u00f5iep\u00e4hikud suve teisel poolel. Istutada p\u00e4ikeselismasse kohta, sest sooja k\u00e4es tunneb taim end eriliselt h\u00e4sti. Kui vitshirssi kasutada bord\u00fc\u00fcrina, v\u00f5iks taimede vaheline istutuskaugus olla v\u00e4hemalt 70 cm, taim vajab kasvamiseks ruumi.\u00a0Hooldus: Varakevadel tuleks taime 2\/3 osas maha l\u00f5igata.<\/p>\n<p>Kaaslastena sobivad nt\u00a0Achillea &#8216;Coronation Gold&#8217;, erinevad heleniumid<em>.<\/em><\/p>","protected":false},"featured_media":3797,"template":"","meta":[],"product_brand":[],"product_cat":[4407,4400,4415,4401,22],"product_tag":[],"class_list":{"0":"post-3796","1":"product","2":"type-product","3":"status-publish","4":"has-post-thumbnail","6":"product_cat-aasad","7":"product_cat-korrelised","8":"product_cat-lilleaed","9":"product_cat-pusikud","10":"product_cat-taimed","11":"pa_haiguskindlus-hea","12":"pa_moodud-k-11-m-l-60-cm","13":"pa_oie-varv-purpurne","14":"pa_oitsemise-aeg-august-oktoober","15":"pa_talvekindlus-vaga-hea","16":"pa_tsoon-z-4-9","17":"pa_variatsioon-suurem-pott","18":"pa_variatsioon-vaiksem-pott","20":"first","21":"outofstock","22":"purchasable","23":"product-type-variable"},"acf":[],"_links":{"self":[{"href":"https:\/\/dev.garden.ee\/en\/wp-json\/wp\/v2\/product\/3796","targetHints":{"allow":["GET"]}}],"collection":[{"href":"https:\/\/dev.garden.ee\/en\/wp-json\/wp\/v2\/product"}],"about":[{"href":"https:\/\/dev.garden.ee\/en\/wp-json\/wp\/v2\/types\/product"}],"wp:featuredmedia":[{"embeddable":true,"href":"https:\/\/dev.garden.ee\/en\/wp-json\/wp\/v2\/media\/3797"}],"wp:attachment":[{"href":"https:\/\/dev.garden.ee\/en\/wp-json\/wp\/v2\/media?parent=3796"}],"wp:term":[{"taxonomy":"product_brand","embeddable":true,"href":"https:\/\/dev.garden.ee\/en\/wp-json\/wp\/v2\/product_brand?post=3796"},{"taxonomy":"product_cat","embeddable":true,"href":"https:\/\/dev.garden.ee\/en\/wp-json\/wp\/v2\/product_cat?post=3796"},{"taxonomy":"product_tag","embeddable":true,"href":"https:\/\/dev.garden.ee\/en\/wp-json\/wp\/v2\/product_tag?post=3796"}],"curies":[{"name":"wp","href":"https:\/\/api.w.org\/{rel}","templated":true}]}}