{"id":3783,"date":"2023-01-18T17:30:12","date_gmt":"2023-01-18T15:30:12","guid":{"rendered":"https:\/\/dev.zezz.ee\/garden\/toode\/panicum-virgatum-shenandoah\/"},"modified":"2026-03-05T12:33:04","modified_gmt":"2026-03-05T10:33:04","slug":"panicum-virgatum-shenandoah","status":"publish","type":"product","link":"https:\/\/dev.garden.ee\/en\/product\/panicum-virgatum-shenandoah\/","title":{"rendered":"Panicum virgatum &#8216;Shenandoah&#8217;"},"content":{"rendered":"<input class=\"fooboxshare_post_id\" type=\"hidden\" value=\"3783\"\/>","protected":false},"excerpt":{"rendered":"<p>Kiirekasvuline k\u00f5rreline, millel kevadiste roheliste lehtede otsad muutuvad atraktiivselt punasteks. Suve jooksul toimub v\u00e4rvimuutus \u00fcle lehestiku ning s\u00fcgiseks on taimel kaunis burgundiapunane lehestik. Suveperioodil kaunistavad taime \u00f5hulised punakasroosad \u00f5ied. K\u00f5rrelist sobib kasutada nii massistutuseks kui konteineritesse, peenra tagumisse ossa bord\u00fc\u00fcrina, kuid ka \u00fcksikuna on taim v\u00e4ga veetlev. Selle kauni k\u00f5rrelise \u00f5iepead sobivad kuivatatult ideaalselt kuivseadetesse, samuti v\u00e4rskena lisandiks lillekimpudele. Varakevadel l\u00f5ika kuivanud maapealne osa maha. Vastupidav igasugustes oludes, ka tugevad tuuled ei murra teda.<\/p>","protected":false},"featured_media":3784,"template":"","meta":[],"product_brand":[],"product_cat":[4407,4400,4415,4401,22],"product_tag":[],"class_list":{"0":"post-3783","1":"product","2":"type-product","3":"status-publish","4":"has-post-thumbnail","6":"product_cat-aasad","7":"product_cat-korrelised","8":"product_cat-lilleaed","9":"product_cat-pusikud","10":"product_cat-taimed","11":"pa_haiguskindlus-hea","12":"pa_moodud-k-1-m-60-cm","13":"pa_oie-varv-roosa","14":"pa_oitsemise-aeg-august-oktoober","15":"pa_talvekindlus-vaga-hea","16":"pa_tsoon-z-5-9","17":"pa_variatsioon-suurem-pott","18":"pa_variatsioon-vaiksem-pott","20":"first","21":"outofstock","22":"purchasable","23":"product-type-variable"},"acf":[],"_links":{"self":[{"href":"https:\/\/dev.garden.ee\/en\/wp-json\/wp\/v2\/product\/3783","targetHints":{"allow":["GET"]}}],"collection":[{"href":"https:\/\/dev.garden.ee\/en\/wp-json\/wp\/v2\/product"}],"about":[{"href":"https:\/\/dev.garden.ee\/en\/wp-json\/wp\/v2\/types\/product"}],"wp:featuredmedia":[{"embeddable":true,"href":"https:\/\/dev.garden.ee\/en\/wp-json\/wp\/v2\/media\/3784"}],"wp:attachment":[{"href":"https:\/\/dev.garden.ee\/en\/wp-json\/wp\/v2\/media?parent=3783"}],"wp:term":[{"taxonomy":"product_brand","embeddable":true,"href":"https:\/\/dev.garden.ee\/en\/wp-json\/wp\/v2\/product_brand?post=3783"},{"taxonomy":"product_cat","embeddable":true,"href":"https:\/\/dev.garden.ee\/en\/wp-json\/wp\/v2\/product_cat?post=3783"},{"taxonomy":"product_tag","embeddable":true,"href":"https:\/\/dev.garden.ee\/en\/wp-json\/wp\/v2\/product_tag?post=3783"}],"curies":[{"name":"wp","href":"https:\/\/api.w.org\/{rel}","templated":true}]}}