{"id":3775,"date":"2023-01-18T17:29:59","date_gmt":"2023-01-18T15:29:59","guid":{"rendered":"https:\/\/dev.zezz.ee\/garden\/toode\/papaver-orientale-royal-wedding\/"},"modified":"2026-03-05T12:56:47","modified_gmt":"2026-03-05T10:56:47","slug":"papaver-orientale-royal-wedding","status":"publish","type":"product","link":"https:\/\/dev.garden.ee\/en\/product\/papaver-orientale-royal-wedding\/","title":{"rendered":"Papaver orientale &#8216;Royal Wedding&#8217;"},"content":{"rendered":"<input class=\"fooboxshare_post_id\" type=\"hidden\" value=\"3775\"\/>","protected":false},"excerpt":{"rendered":"<p>P\u00fcstine p\u00fcsik, l\u00f5histunud hallikasroheliste lehtede ja v\u00e4ga suurte valgete, paberjate, lehvikukujuliste \u00f5itega, mille s\u00fcdamik on purpurjas-must. V\u00e4ga atraktiivne pilgup\u00fc\u00fcdja.\u00a0Unimagun \u00f5itseb suve esimese pooles ning tema lehestik kuivab peale seda. Istuta ta peenra keskossa, kus teised taimed t\u00e4idavad ta t\u00fchimiku suve teises pooles.\u00a0Unimagun alustab taas v\u00e4rske kasvuga tavaliselt suve l\u00f5pus.\u00a0Hooldus: L\u00f5ika taim maha, kui lehed hakkavad n\u00e4rbuma.<\/p>\n<p>Kaaslastena sobivad nt\u00a0p\u00e4evak\u00fcbarad,\u00a0<em>Perovskia<\/em>\u00a0&#8216;Blue Spire&#8217;,\u00a0<em>Papaver orientale<\/em> &#8216;Pinnacle&#8217;\u00a0<em>.<\/em><\/p>","protected":false},"featured_media":3776,"template":"","meta":[],"product_brand":[],"product_cat":[4407,4415,4401,22],"product_tag":[],"class_list":{"0":"post-3775","1":"product","2":"type-product","3":"status-publish","4":"has-post-thumbnail","6":"product_cat-aasad","7":"product_cat-lilleaed","8":"product_cat-pusikud","9":"product_cat-taimed","10":"pa_haiguskindlus-vaga-hea","11":"pa_moodud-k-60-70-cm-l-60-cm","12":"pa_oie-varv-valge","13":"pa_oitsemise-aeg-juuni-juuli","14":"pa_talvekindlus-hea","15":"pa_tsoon-2-9","16":"pa_variatsioon-suurem-pott","17":"pa_variatsioon-vaiksem-pott","19":"first","20":"outofstock","21":"purchasable","22":"product-type-variable"},"acf":[],"_links":{"self":[{"href":"https:\/\/dev.garden.ee\/en\/wp-json\/wp\/v2\/product\/3775","targetHints":{"allow":["GET"]}}],"collection":[{"href":"https:\/\/dev.garden.ee\/en\/wp-json\/wp\/v2\/product"}],"about":[{"href":"https:\/\/dev.garden.ee\/en\/wp-json\/wp\/v2\/types\/product"}],"wp:featuredmedia":[{"embeddable":true,"href":"https:\/\/dev.garden.ee\/en\/wp-json\/wp\/v2\/media\/3776"}],"wp:attachment":[{"href":"https:\/\/dev.garden.ee\/en\/wp-json\/wp\/v2\/media?parent=3775"}],"wp:term":[{"taxonomy":"product_brand","embeddable":true,"href":"https:\/\/dev.garden.ee\/en\/wp-json\/wp\/v2\/product_brand?post=3775"},{"taxonomy":"product_cat","embeddable":true,"href":"https:\/\/dev.garden.ee\/en\/wp-json\/wp\/v2\/product_cat?post=3775"},{"taxonomy":"product_tag","embeddable":true,"href":"https:\/\/dev.garden.ee\/en\/wp-json\/wp\/v2\/product_tag?post=3775"}],"curies":[{"name":"wp","href":"https:\/\/api.w.org\/{rel}","templated":true}]}}