{"id":3772,"date":"2023-01-18T17:29:57","date_gmt":"2023-01-18T15:29:57","guid":{"rendered":"https:\/\/dev.zezz.ee\/garden\/toode\/papaver-orientale-pattys-plum\/"},"modified":"2026-03-05T12:41:38","modified_gmt":"2026-03-05T10:41:38","slug":"papaver-orientale-pattys-plum","status":"publish","type":"product","link":"https:\/\/dev.garden.ee\/en\/product\/papaver-orientale-pattys-plum\/","title":{"rendered":"Papaver orientale &#8216;Patty&#8217;s Plum&#8217;"},"content":{"rendered":"<input class=\"fooboxshare_post_id\" type=\"hidden\" value=\"3772\"\/>","protected":false},"excerpt":{"rendered":"<p>Suure\u00f5ieline, kergelt m\u00e4nguliselt lendlevate kroonlehtedega moon. Kohati lausa satsilise olemusega ploomipunased \u00f5ied on meeldivalt toretseva sordi ehteks. Tegemist on vastupandamatu, erilist v\u00e4rvi mooniga.\u00a0P\u00e4rast \u00f5itsemist tuleks aga lehestik maha l\u00f5igata. Parima koosluse saab, kui hajutada moon p\u00fcsikute segapeenrasse, kus oleks taimi, mis peale tema \u00f5itsemist v\u00f5taks \u00f5ieilu jagamise teatepulga endale. Muidu j\u00e4\u00e4b p\u00e4rast taime \u00f5itsemist ja pealsete mahal\u00f5ikamist peenrasse t\u00fchimik. Mooni kupardel ei tasuks lasta valmida, sest kui seemned valminud, teeb ta edukalt isek\u00fclvi, kuid uued taimed tulevad oran\u017eide \u00f5itega nagu tavalisel moonil. Seega kaotab niimoodi taim oma sordiomadused. Taime saab paljundada jagamise teel. Valige kasvamiseks talle hea kindel p\u00e4ikesek\u00fcllane paik peenras, kuna talle eriti ei meeldi \u00fcmberistutamine ega juurte l\u00f5hkumine.<\/p>","protected":false},"featured_media":3773,"template":"","meta":[],"product_brand":[],"product_cat":[4407,4415,4401,22],"product_tag":[],"class_list":{"0":"post-3772","1":"product","2":"type-product","3":"status-publish","4":"has-post-thumbnail","6":"product_cat-aasad","7":"product_cat-lilleaed","8":"product_cat-pusikud","9":"product_cat-taimed","10":"pa_haiguskindlus-vaga-hea","11":"pa_moodud-k-80-cm-l-60-70-cm","12":"pa_oie-varv-purpurne","13":"pa_oitsemise-aeg-juuni-juuli","14":"pa_talvekindlus-vaga-hea","15":"pa_tsoon-2-9","16":"pa_variatsioon-suurem-pott","17":"pa_variatsioon-vaiksem-pott","19":"first","20":"outofstock","21":"purchasable","22":"product-type-variable"},"acf":[],"_links":{"self":[{"href":"https:\/\/dev.garden.ee\/en\/wp-json\/wp\/v2\/product\/3772","targetHints":{"allow":["GET"]}}],"collection":[{"href":"https:\/\/dev.garden.ee\/en\/wp-json\/wp\/v2\/product"}],"about":[{"href":"https:\/\/dev.garden.ee\/en\/wp-json\/wp\/v2\/types\/product"}],"wp:featuredmedia":[{"embeddable":true,"href":"https:\/\/dev.garden.ee\/en\/wp-json\/wp\/v2\/media\/3773"}],"wp:attachment":[{"href":"https:\/\/dev.garden.ee\/en\/wp-json\/wp\/v2\/media?parent=3772"}],"wp:term":[{"taxonomy":"product_brand","embeddable":true,"href":"https:\/\/dev.garden.ee\/en\/wp-json\/wp\/v2\/product_brand?post=3772"},{"taxonomy":"product_cat","embeddable":true,"href":"https:\/\/dev.garden.ee\/en\/wp-json\/wp\/v2\/product_cat?post=3772"},{"taxonomy":"product_tag","embeddable":true,"href":"https:\/\/dev.garden.ee\/en\/wp-json\/wp\/v2\/product_tag?post=3772"}],"curies":[{"name":"wp","href":"https:\/\/api.w.org\/{rel}","templated":true}]}}