{"id":3766,"date":"2023-01-18T17:29:54","date_gmt":"2023-01-18T15:29:54","guid":{"rendered":"https:\/\/dev.zezz.ee\/garden\/toode\/roseromantic\/"},"modified":"2026-02-09T11:25:24","modified_gmt":"2026-02-09T09:25:24","slug":"roseromantic","status":"publish","type":"product","link":"https:\/\/dev.garden.ee\/en\/product\/roseromantic\/","title":{"rendered":"Roseromantic\u00ae"},"content":{"rendered":"<input class=\"fooboxshare_post_id\" type=\"hidden\" value=\"3766\"\/>","protected":false},"excerpt":{"rendered":"<p>Kreemja ning l\u00f5heroosavarjundiga kroonlehed \u00fcmbritsevad kollaste tolmukatega \u00f5ies\u00fcdamikku, moodustades v\u00f5luva v\u00e4rvigamma. Puhmja p\u00fcstise vormiga p\u00f5\u00f5sal on l\u00e4ikiv ning \u00fclimalt terve lehestik. P\u00f5\u00f5sas on massiliselt kaetud poolt\u00e4idetud ilmastikukindlate 7-8cm l\u00e4bim\u00f5\u00f5duga \u00f5itega.<\/p>\n<p>Sobib kasutamiseks poolvarjus, mesilaste karjamaal, pottides.<\/p>\n<p>Auhinnad rahvusvahelistel roosiv\u00f5istlustel, sealhulgas kuldmedalitega.<\/p>","protected":false},"featured_media":3767,"template":"","meta":[],"product_brand":[],"product_cat":[9637,9702,6934,9550,4416,4402,22],"product_tag":[],"class_list":{"0":"post-3766","1":"product","2":"type-product","3":"status-publish","4":"has-post-thumbnail","6":"product_cat-istutuskast","7":"product_cat-linnaaed","8":"product_cat-mesilassobralik-aed","9":"product_cat-rodu-ja-terrass","10":"product_cat-roosiaed","11":"product_cat-roosid","12":"product_cat-taimed","13":"pa_aretus-w-kordes-sohne","14":"pa_avalikustamisaasta-saksamaa-2014","15":"pa_haiguskindlus-vaga-hea","16":"pa_kasvukorgus-40-60-cm","17":"pa_laius-50-cm","18":"pa_lisainfo-mesilaste-lemmik","19":"pa_lisainfo-sobilik-istutuskasti-jaoks","20":"pa_lohn-orn","21":"pa_oie-suurus-keskmine","22":"pa_oie-varv-kreemjas","23":"pa_oie-varv-loheroosa","24":"pa_oietuup-pooltaidisois","25":"pa_oitsemine-korduvalt-oitsev","26":"pa_sort-floribund-ehk-paljuoieline-roos","27":"pa_sort-vaikepoosas","28":"pa_taimede-arvestus-ruutmeetri-4-5","29":"pa_talvekindlus-vaga-hea","30":"pa_variatsioon-potis-2l-kevadel","31":"pa_variatsioon-potis-4-6l","33":"first","34":"outofstock","35":"purchasable","36":"product-type-variable"},"acf":[],"_links":{"self":[{"href":"https:\/\/dev.garden.ee\/en\/wp-json\/wp\/v2\/product\/3766","targetHints":{"allow":["GET"]}}],"collection":[{"href":"https:\/\/dev.garden.ee\/en\/wp-json\/wp\/v2\/product"}],"about":[{"href":"https:\/\/dev.garden.ee\/en\/wp-json\/wp\/v2\/types\/product"}],"wp:featuredmedia":[{"embeddable":true,"href":"https:\/\/dev.garden.ee\/en\/wp-json\/wp\/v2\/media\/3767"}],"wp:attachment":[{"href":"https:\/\/dev.garden.ee\/en\/wp-json\/wp\/v2\/media?parent=3766"}],"wp:term":[{"taxonomy":"product_brand","embeddable":true,"href":"https:\/\/dev.garden.ee\/en\/wp-json\/wp\/v2\/product_brand?post=3766"},{"taxonomy":"product_cat","embeddable":true,"href":"https:\/\/dev.garden.ee\/en\/wp-json\/wp\/v2\/product_cat?post=3766"},{"taxonomy":"product_tag","embeddable":true,"href":"https:\/\/dev.garden.ee\/en\/wp-json\/wp\/v2\/product_tag?post=3766"}],"curies":[{"name":"wp","href":"https:\/\/api.w.org\/{rel}","templated":true}]}}