{"id":3762,"date":"2023-01-18T17:29:51","date_gmt":"2023-01-18T15:29:51","guid":{"rendered":"https:\/\/dev.zezz.ee\/garden\/toode\/eryngium-planum-blauer-zwerg\/"},"modified":"2026-02-23T20:59:48","modified_gmt":"2026-02-23T18:59:48","slug":"eryngium-planum-blauer-zwerg","status":"publish","type":"product","link":"https:\/\/dev.garden.ee\/en\/product\/eryngium-planum-blauer-zwerg\/","title":{"rendered":"Eryngium planum &#8216;Blauer Zwerg&#8217;"},"content":{"rendered":"<input class=\"fooboxshare_post_id\" type=\"hidden\" value=\"3762\"\/>","protected":false},"excerpt":{"rendered":"<p>J\u00e4igad kandelehed \u00fcmbritsevad \u00f5itepalle. Varred on kaetud peenikeste, h\u00f5bejassiniste lehtedega. Puhmamoodustav taim on kompaktse kasvuga ning\u00a0rikkalikult hargnenud vartega, mida ehivad rohked \u00fcmmargused \u00f5isikud.\u00a0V\u00e4ga huvitavaks lisandiks lillekimpudesse, lilleseadetesse, kus kasutada v\u00f5ib nii v\u00e4rskelt kui kuivatatult. Kuivatamiseks l\u00f5igata \u00e4ra need \u00f5ied, mis ei ole veel t\u00e4ielikult avanenud. V\u00e4hest hoolt n\u00f5udev, kuid samas v\u00e4ga ebatavalist laadi p\u00fcsik. Teeb edukalt isek\u00fclvi. Vajab p\u00e4ikeselist kasvukohta, minimaalselt 6 tundi p\u00e4evas. P\u00fcsikupeenrasse hea kontrastiks ning samuti sobib see taim alpi-aeda v\u00f5i kiviktaimlasse.<\/p>","protected":false},"featured_media":3763,"template":"","meta":[],"product_brand":[],"product_cat":[4407,9503,4415,4413,6934,4401,22],"product_tag":[],"class_list":{"0":"post-3762","1":"product","2":"type-product","3":"status-publish","4":"has-post-thumbnail","6":"product_cat-aasad","7":"product_cat-kiviktaimla","8":"product_cat-lilleaed","9":"product_cat-loikelilleaed","10":"product_cat-mesilassobralik-aed","11":"product_cat-pusikud","12":"product_cat-taimed","13":"pa_haiguskindlus-vaga-hea","14":"pa_kasvukorgus-50-cm","15":"pa_laius-45-cm","16":"pa_lisainfo-janese-kahjustustele-vastupidav","17":"pa_lisainfo-mesilaste-lemmik","18":"pa_lisainfo-sobib-loikelilleks","19":"pa_oie-varv-sinine","20":"pa_oitsemise-aeg-juuli-august","21":"pa_talvekindlus-hea","22":"pa_tingimused-hea-drenaaz","23":"pa_tingimused-kuiv","24":"pa_tsoon-4-9","25":"pa_valguse-tingimused-paike","26":"pa_variatsioon-suurem-pott","27":"pa_variatsioon-vaiksem-pott","29":"first","30":"instock","31":"purchasable","32":"product-type-variable"},"acf":[],"_links":{"self":[{"href":"https:\/\/dev.garden.ee\/en\/wp-json\/wp\/v2\/product\/3762","targetHints":{"allow":["GET"]}}],"collection":[{"href":"https:\/\/dev.garden.ee\/en\/wp-json\/wp\/v2\/product"}],"about":[{"href":"https:\/\/dev.garden.ee\/en\/wp-json\/wp\/v2\/types\/product"}],"wp:featuredmedia":[{"embeddable":true,"href":"https:\/\/dev.garden.ee\/en\/wp-json\/wp\/v2\/media\/3763"}],"wp:attachment":[{"href":"https:\/\/dev.garden.ee\/en\/wp-json\/wp\/v2\/media?parent=3762"}],"wp:term":[{"taxonomy":"product_brand","embeddable":true,"href":"https:\/\/dev.garden.ee\/en\/wp-json\/wp\/v2\/product_brand?post=3762"},{"taxonomy":"product_cat","embeddable":true,"href":"https:\/\/dev.garden.ee\/en\/wp-json\/wp\/v2\/product_cat?post=3762"},{"taxonomy":"product_tag","embeddable":true,"href":"https:\/\/dev.garden.ee\/en\/wp-json\/wp\/v2\/product_tag?post=3762"}],"curies":[{"name":"wp","href":"https:\/\/api.w.org\/{rel}","templated":true}]}}