{"id":3741,"date":"2023-01-18T17:29:42","date_gmt":"2023-01-18T15:29:42","guid":{"rendered":"https:\/\/dev.zezz.ee\/garden\/toode\/eryngium-x-zabelii-big-blue\/"},"modified":"2026-02-23T22:51:15","modified_gmt":"2026-02-23T20:51:15","slug":"eryngium-x-zabelii-big-blue","status":"publish","type":"product","link":"https:\/\/dev.garden.ee\/en\/product\/eryngium-x-zabelii-big-blue\/","title":{"rendered":"Eryngium x zabelii &#8216;Big Blue&#8217;"},"content":{"rendered":"<input class=\"fooboxshare_post_id\" type=\"hidden\" value=\"3741\"\/>","protected":false},"excerpt":{"rendered":"<p>V\u00e4ljapaistva iseloomuga, kontrastsust lisav taim p\u00e4ikselise lillepeenra sekka. Suurte, (10 cm) elektrisiniste \u00f5ite ebamaine v\u00e4rv p\u00fcsib terve varre ulatuses. Allpool tervitab aga h\u00f5beroheline, ogaline lehestik. Kui taim on korralikult kohanenud, pole p\u00f5ud tema jaoks enam probleemiks. Suurep\u00e4rane lisand lilleseadetesse ja lillekimpudesse nii v\u00e4rskelt kui kuivatatult. Kuivanud varred peenras l\u00f5igata maani maha s\u00fcgisel v\u00f5i varakevadel. Lihtne kasvatada, ei vaja erilist hoolt.<\/p>\n<p>Kaaslastena sobivad nt\u00a0Baptisia australis ja\u00a0<a>Salvia &#8216;Madeline&#8217;<\/a><em>.<\/em><\/p>","protected":false},"featured_media":23727,"template":"","meta":[],"product_brand":[],"product_cat":[4407,4415,4413,6934,4401,22],"product_tag":[],"class_list":{"0":"post-3741","1":"product","2":"type-product","3":"status-publish","4":"has-post-thumbnail","6":"product_cat-aasad","7":"product_cat-lilleaed","8":"product_cat-loikelilleaed","9":"product_cat-mesilassobralik-aed","10":"product_cat-pusikud","11":"product_cat-taimed","12":"pa_haiguskindlus-vaga-hea","13":"pa_kasvukorgus-80-cm","14":"pa_laius-60-cm","15":"pa_lehestikuvarv-hobedane","16":"pa_lehestikuvarv-roheline","17":"pa_lisainfo-mesilaste-lemmik","18":"pa_lisainfo-pilgupuudja","19":"pa_lisainfo-sobib-loikelilleks","20":"pa_lisainfo-talub-pouda","21":"pa_oie-varv-sinine","22":"pa_oitsemise-aeg-juuli-august","23":"pa_talvekindlus-vaga-hea","24":"pa_tingimused-hea-drenaaz","25":"pa_tingimused-liivane","26":"pa_tsoon-4-9","27":"pa_valguse-tingimused-paike","28":"pa_variatsioon-suurem-pott","29":"pa_variatsioon-vaiksem-pott","31":"first","32":"instock","33":"purchasable","34":"product-type-variable"},"acf":[],"_links":{"self":[{"href":"https:\/\/dev.garden.ee\/en\/wp-json\/wp\/v2\/product\/3741","targetHints":{"allow":["GET"]}}],"collection":[{"href":"https:\/\/dev.garden.ee\/en\/wp-json\/wp\/v2\/product"}],"about":[{"href":"https:\/\/dev.garden.ee\/en\/wp-json\/wp\/v2\/types\/product"}],"wp:featuredmedia":[{"embeddable":true,"href":"https:\/\/dev.garden.ee\/en\/wp-json\/wp\/v2\/media\/23727"}],"wp:attachment":[{"href":"https:\/\/dev.garden.ee\/en\/wp-json\/wp\/v2\/media?parent=3741"}],"wp:term":[{"taxonomy":"product_brand","embeddable":true,"href":"https:\/\/dev.garden.ee\/en\/wp-json\/wp\/v2\/product_brand?post=3741"},{"taxonomy":"product_cat","embeddable":true,"href":"https:\/\/dev.garden.ee\/en\/wp-json\/wp\/v2\/product_cat?post=3741"},{"taxonomy":"product_tag","embeddable":true,"href":"https:\/\/dev.garden.ee\/en\/wp-json\/wp\/v2\/product_tag?post=3741"}],"curies":[{"name":"wp","href":"https:\/\/api.w.org\/{rel}","templated":true}]}}