{"id":3734,"date":"2023-01-18T17:29:36","date_gmt":"2023-01-18T15:29:36","guid":{"rendered":"https:\/\/dev.zezz.ee\/garden\/toode\/eupatorium-maculatum-riesenschirm\/"},"modified":"2026-02-23T23:41:15","modified_gmt":"2026-02-23T21:41:15","slug":"eupatorium-maculatum-riesenschirm","status":"publish","type":"product","link":"https:\/\/dev.garden.ee\/en\/product\/eupatorium-maculatum-riesenschirm\/","title":{"rendered":"Eupatorium maculatum &#8216;Riesenschirm&#8217;"},"content":{"rendered":"<input class=\"fooboxshare_post_id\" type=\"hidden\" value=\"3734\"\/>","protected":false},"excerpt":{"rendered":"<p>Purpursed varred, mis terves ulatuses m\u00e4nnasjalt asetsevate lehtedega \u00fcmbritsetud, tipnevad v\u00f5rratult suurte ning kohevate \u00f5isikutega. Roosakaslillad puhmad p\u00fcsivad kuni esimeste k\u00fclmadeni. Taim ise on k\u00f5rgekasvuline, hea tekstuuriga, h\u00e4sti harunev. Lehestik on terve v\u00e4limusega. Ideaalne lisand peenrale arhitektuursuse ning k\u00f5rguse andmiseks istutusaladele, ka veesilma \u00e4\u00e4rde. Sobivad koos erinevate k\u00f5rrelistega v\u00f5i teiste hilisemat \u00f5itsemisperioodi omavate p\u00fcsikutega nagu n\u00e4iteks siilk\u00fcbarad. Kasvukoht v\u00f5iks olla p\u00e4ikeseline, kuid pinnas niiskemapoolsem.<\/p>","protected":false},"featured_media":3735,"template":"","meta":[],"product_brand":[],"product_cat":[4415,4401,4409,4392,22],"product_tag":[],"class_list":{"0":"post-3734","1":"product","2":"type-product","3":"status-publish","4":"has-post-thumbnail","6":"product_cat-lilleaed","7":"product_cat-pusikud","8":"product_cat-tiigiaed","9":"product_cat-tiigitaimed","10":"product_cat-taimed","11":"pa_haiguskindlus-vaga-hea","12":"pa_kasvukorgus-120-150-cm","13":"pa_laius-50-cm","14":"pa_lisainfo-kaldataim","15":"pa_lisainfo-pilgupuudja","16":"pa_lisainfo-sobib-osalise-varjuga-kasvualale","17":"pa_oie-varv-lilla","18":"pa_oitsemise-aeg-august-september","19":"pa_talvekindlus-vaga-hea","20":"pa_tingimused-niiske","21":"pa_tsoon-4-8","22":"pa_valguse-tingimused-paike","23":"pa_valguse-tingimused-poolvari","24":"pa_variatsioon-suurem-pott","25":"pa_variatsioon-vaiksem-pott","27":"first","28":"instock","29":"purchasable","30":"product-type-variable"},"acf":[],"_links":{"self":[{"href":"https:\/\/dev.garden.ee\/en\/wp-json\/wp\/v2\/product\/3734","targetHints":{"allow":["GET"]}}],"collection":[{"href":"https:\/\/dev.garden.ee\/en\/wp-json\/wp\/v2\/product"}],"about":[{"href":"https:\/\/dev.garden.ee\/en\/wp-json\/wp\/v2\/types\/product"}],"wp:featuredmedia":[{"embeddable":true,"href":"https:\/\/dev.garden.ee\/en\/wp-json\/wp\/v2\/media\/3735"}],"wp:attachment":[{"href":"https:\/\/dev.garden.ee\/en\/wp-json\/wp\/v2\/media?parent=3734"}],"wp:term":[{"taxonomy":"product_brand","embeddable":true,"href":"https:\/\/dev.garden.ee\/en\/wp-json\/wp\/v2\/product_brand?post=3734"},{"taxonomy":"product_cat","embeddable":true,"href":"https:\/\/dev.garden.ee\/en\/wp-json\/wp\/v2\/product_cat?post=3734"},{"taxonomy":"product_tag","embeddable":true,"href":"https:\/\/dev.garden.ee\/en\/wp-json\/wp\/v2\/product_tag?post=3734"}],"curies":[{"name":"wp","href":"https:\/\/api.w.org\/{rel}","templated":true}]}}