{"id":3725,"date":"2023-01-18T17:29:31","date_gmt":"2023-01-18T15:29:31","guid":{"rendered":"https:\/\/dev.zezz.ee\/garden\/toode\/festuca-mairei\/"},"modified":"2026-02-24T00:39:30","modified_gmt":"2026-02-23T22:39:30","slug":"festuca-mairei","status":"publish","type":"product","link":"https:\/\/dev.garden.ee\/en\/product\/festuca-mairei\/","title":{"rendered":"Festuca mairei"},"content":{"rendered":"<input class=\"fooboxshare_post_id\" type=\"hidden\" value=\"3725\"\/>","protected":false},"excerpt":{"rendered":"<p>Tegemist on \u00fche lihtsaimalt kasvatatava pinnakatjaga, mis ei vaja l\u00f5ikamist. Ainus, mida tuleks teha, on kevadine vana lehestiku v\u00e4ljaharjamine. Kui taim on korralikult kohanenud, pole talle mureks ei p\u00f5ud ega liigne kuumus. Lehestik on kergelt kaarduv, kuid see on vaid efekt, sest lehed on tegelikult lausa torkavalt tugevad. \u00d5ievarred\u00a0on p\u00fcstised. Parima efekti annab taim, kui on istutatud massina, sama kaunis, kui ilutseb uhkes \u00fcksinduses. Pikaealine ja muretu taim.<\/p>","protected":false},"featured_media":23807,"template":"","meta":[],"product_brand":[],"product_cat":[4407,4400,4415,9702,9200,4401,9550,22],"product_tag":[],"class_list":{"0":"post-3725","1":"product","2":"type-product","3":"status-publish","4":"has-post-thumbnail","6":"product_cat-aasad","7":"product_cat-korrelised","8":"product_cat-lilleaed","9":"product_cat-linnaaed","10":"product_cat-pinnakatjad","11":"product_cat-pusikud","12":"product_cat-rodu-ja-terrass","13":"product_cat-taimed","14":"pa_haiguskindlus-vaga-hea","15":"pa_kasvukorgus-70-90-cm","16":"pa_laius-40-50-cm","17":"pa_lehestikuvarv-hallikasroheline","18":"pa_lisainfo-hea-pinnakatja","19":"pa_lisainfo-sobib-osalise-varjuga-kasvualale","20":"pa_lisainfo-talub-ka-tuulisemat-kasvukohta","21":"pa_lisainfo-talub-pouda","22":"pa_oie-varv-beez","23":"pa_oitsemise-aeg-juuni-juuli","24":"pa_talvekindlus-hea","25":"pa_tingimused-hea-drenaaz","26":"pa_tingimused-niiske","27":"pa_tsoon-4-9","28":"pa_valguse-tingimused-paike","29":"pa_valguse-tingimused-poolvari","30":"pa_variatsioon-suurem-pott","31":"pa_variatsioon-vaiksem-pott","33":"first","34":"instock","35":"purchasable","36":"product-type-variable"},"acf":[],"_links":{"self":[{"href":"https:\/\/dev.garden.ee\/en\/wp-json\/wp\/v2\/product\/3725","targetHints":{"allow":["GET"]}}],"collection":[{"href":"https:\/\/dev.garden.ee\/en\/wp-json\/wp\/v2\/product"}],"about":[{"href":"https:\/\/dev.garden.ee\/en\/wp-json\/wp\/v2\/types\/product"}],"wp:featuredmedia":[{"embeddable":true,"href":"https:\/\/dev.garden.ee\/en\/wp-json\/wp\/v2\/media\/23807"}],"wp:attachment":[{"href":"https:\/\/dev.garden.ee\/en\/wp-json\/wp\/v2\/media?parent=3725"}],"wp:term":[{"taxonomy":"product_brand","embeddable":true,"href":"https:\/\/dev.garden.ee\/en\/wp-json\/wp\/v2\/product_brand?post=3725"},{"taxonomy":"product_cat","embeddable":true,"href":"https:\/\/dev.garden.ee\/en\/wp-json\/wp\/v2\/product_cat?post=3725"},{"taxonomy":"product_tag","embeddable":true,"href":"https:\/\/dev.garden.ee\/en\/wp-json\/wp\/v2\/product_tag?post=3725"}],"curies":[{"name":"wp","href":"https:\/\/api.w.org\/{rel}","templated":true}]}}