{"id":3721,"date":"2023-01-18T17:29:28","date_gmt":"2023-01-18T15:29:28","guid":{"rendered":"https:\/\/dev.zezz.ee\/garden\/toode\/nepeta-x-faassenii-walkers-low\/"},"modified":"2026-03-03T20:45:45","modified_gmt":"2026-03-03T18:45:45","slug":"nepeta-x-faassenii-walkers-low","status":"publish","type":"product","link":"https:\/\/dev.garden.ee\/en\/product\/nepeta-x-faassenii-walkers-low\/","title":{"rendered":"Nepeta x faassenii &#8216;Walker&#8217;s Low&#8217;"},"content":{"rendered":"<input class=\"fooboxshare_post_id\" type=\"hidden\" value=\"3721\"\/>","protected":false},"excerpt":{"rendered":"<p>Puhmjas taim, v\u00e4ikeste hallikasroheliste ja aromaatsete lehtedega. Varasuvel ilmuvad hulgalised s\u00e4ravsinised \u00f5ied. Kui regulaarselt eemaldada vanu n\u00e4rtsinud \u00f5isevarsi, siis j\u00e4tkub \u00f5itsemine kuni k\u00fclmadeni. V\u00e4ga vastupidav taim, laiuva kasvuga. \u00d5ied meelitavad kohale liblikaid. Kaunis r\u00fchmadena, \u00fcksikult, p\u00fcsikupeenras, roosipeenras, bord\u00fc\u00fcriks, taustaks. Valge, p\u00e4ikeseline kasvukoht on selle taime ainus erisoov.\u00a02007. aastal sai taim aasta p\u00fcsiku tiitli.<\/p>","protected":false},"featured_media":3722,"template":"","meta":[],"product_brand":[],"product_cat":[4415,4414,4413,6934,4401,22],"product_tag":[],"class_list":{"0":"post-3721","1":"product","2":"type-product","3":"status-publish","4":"has-post-thumbnail","6":"product_cat-lilleaed","7":"product_cat-lohnaaed","8":"product_cat-loikelilleaed","9":"product_cat-mesilassobralik-aed","10":"product_cat-pusikud","11":"product_cat-taimed","12":"pa_haiguskindlus-vaga-hea","13":"pa_moodud-k-50-70-cm-l-50-70-cm","14":"pa_oie-varv-sinine","15":"pa_oitsemise-aeg-juuni-september","16":"pa_talvekindlus-vaga-hea","17":"pa_tsoon-z-3-8","18":"pa_variatsioon-suurem-pott","19":"pa_variatsioon-vaiksem-pott","21":"first","22":"outofstock","23":"purchasable","24":"product-type-variable"},"acf":[],"_links":{"self":[{"href":"https:\/\/dev.garden.ee\/en\/wp-json\/wp\/v2\/product\/3721","targetHints":{"allow":["GET"]}}],"collection":[{"href":"https:\/\/dev.garden.ee\/en\/wp-json\/wp\/v2\/product"}],"about":[{"href":"https:\/\/dev.garden.ee\/en\/wp-json\/wp\/v2\/types\/product"}],"wp:featuredmedia":[{"embeddable":true,"href":"https:\/\/dev.garden.ee\/en\/wp-json\/wp\/v2\/media\/3722"}],"wp:attachment":[{"href":"https:\/\/dev.garden.ee\/en\/wp-json\/wp\/v2\/media?parent=3721"}],"wp:term":[{"taxonomy":"product_brand","embeddable":true,"href":"https:\/\/dev.garden.ee\/en\/wp-json\/wp\/v2\/product_brand?post=3721"},{"taxonomy":"product_cat","embeddable":true,"href":"https:\/\/dev.garden.ee\/en\/wp-json\/wp\/v2\/product_cat?post=3721"},{"taxonomy":"product_tag","embeddable":true,"href":"https:\/\/dev.garden.ee\/en\/wp-json\/wp\/v2\/product_tag?post=3721"}],"curies":[{"name":"wp","href":"https:\/\/api.w.org\/{rel}","templated":true}]}}