{"id":3709,"date":"2023-01-18T17:29:20","date_gmt":"2023-01-18T15:29:20","guid":{"rendered":"https:\/\/dev.zezz.ee\/garden\/toode\/capri\/"},"modified":"2026-02-06T14:48:40","modified_gmt":"2026-02-06T12:48:40","slug":"capri","status":"publish","type":"product","link":"https:\/\/dev.garden.ee\/en\/product\/capri\/","title":{"rendered":"Capri\u00ae"},"content":{"rendered":"<input class=\"fooboxshare_post_id\" type=\"hidden\" value=\"3709\"\/>","protected":false},"excerpt":{"rendered":"<p data-start=\"112\" data-end=\"409\">Soe oran\u017eikasaprikoositooni \u00f5iev\u00e4rv meenutab p\u00e4ikeseloojangut, p\u00fcsides eriline ja stabiilne ka eredas p\u00e4ikesevalguses. Taim on \u00fcmara ja p\u00f5\u00f5sasja kasvukujuga ning tal on l\u00e4ikiv, keskmise suurusega tumeroheline lehestik, mis toob \u00f5ite v\u00e4rvi kaunilt esile. L\u00f5hnabukett meenutab mesiseid k\u00fcpseid ja aprikoose ning avab meeled \u0161armika Vahemere l\u00f5hnaaeda. 8\u201310 cm \u00f5ied p\u00fcsivad vaasis pikalt.<\/p>\n<p data-start=\"411\" data-end=\"629\">Roos sobib kasutamiseks segapeenardes, peenarde tagaplaanil, segaroosipeenardes, romantilistes aedades koos p\u00fcsikutega, suurtes peenardes, l\u00f5hnaaedades, v\u00e4ikestes gruppides ning h\u00fcbriidtee roosipeenardes.<\/p>","protected":false},"featured_media":3710,"template":"","meta":[],"product_brand":[],"product_cat":[4414,4413,4416,4402,22],"product_tag":[],"class_list":{"0":"post-3709","1":"product","2":"type-product","3":"status-publish","4":"has-post-thumbnail","6":"product_cat-lohnaaed","7":"product_cat-loikelilleaed","8":"product_cat-roosiaed","9":"product_cat-roosid","10":"product_cat-taimed","11":"pa_aretus-rosen-tantau","12":"pa_avalikustamisaasta-saksamaa-2014","13":"pa_haiguskindlus-vaga-hea","14":"pa_kasvukorgus-70-100-cm","15":"pa_laius-45-50-cm","16":"pa_lisainfo-sobib-lohnaaeda","17":"pa_lisainfo-sobib-loikelilleks","18":"pa_lohn-tugev","19":"pa_lohn-aprikoosi-mee","20":"pa_oie-suurus-suur","21":"pa_oie-varv-aprikoos","22":"pa_oie-varv-kollane","23":"pa_oie-varv-oranz","24":"pa_oietuup-taidisois","25":"pa_oitsemine-korduvalt-oitsev","26":"pa_sort-nostalgiline-teehubriidroos","27":"pa_talvekindlus-hea","28":"pa_variatsioon-potis-2l-kevadel","29":"pa_variatsioon-potis-4-6l","31":"first","32":"outofstock","33":"purchasable","34":"product-type-variable"},"acf":[],"_links":{"self":[{"href":"https:\/\/dev.garden.ee\/en\/wp-json\/wp\/v2\/product\/3709","targetHints":{"allow":["GET"]}}],"collection":[{"href":"https:\/\/dev.garden.ee\/en\/wp-json\/wp\/v2\/product"}],"about":[{"href":"https:\/\/dev.garden.ee\/en\/wp-json\/wp\/v2\/types\/product"}],"wp:featuredmedia":[{"embeddable":true,"href":"https:\/\/dev.garden.ee\/en\/wp-json\/wp\/v2\/media\/3710"}],"wp:attachment":[{"href":"https:\/\/dev.garden.ee\/en\/wp-json\/wp\/v2\/media?parent=3709"}],"wp:term":[{"taxonomy":"product_brand","embeddable":true,"href":"https:\/\/dev.garden.ee\/en\/wp-json\/wp\/v2\/product_brand?post=3709"},{"taxonomy":"product_cat","embeddable":true,"href":"https:\/\/dev.garden.ee\/en\/wp-json\/wp\/v2\/product_cat?post=3709"},{"taxonomy":"product_tag","embeddable":true,"href":"https:\/\/dev.garden.ee\/en\/wp-json\/wp\/v2\/product_tag?post=3709"}],"curies":[{"name":"wp","href":"https:\/\/api.w.org\/{rel}","templated":true}]}}