{"id":3705,"date":"2023-01-18T17:29:17","date_gmt":"2023-01-18T15:29:17","guid":{"rendered":"https:\/\/dev.zezz.ee\/garden\/toode\/imperata-cylindrica-red-baron\/"},"modified":"2026-02-28T10:10:58","modified_gmt":"2026-02-28T08:10:58","slug":"imperata-cylindrica-red-baron","status":"publish","type":"product","link":"https:\/\/dev.garden.ee\/en\/product\/imperata-cylindrica-red-baron\/","title":{"rendered":"Imperata cylindrica &#8216;Red Baron&#8217;"},"content":{"rendered":"<input class=\"fooboxshare_post_id\" type=\"hidden\" value=\"3705\"\/>","protected":false},"excerpt":{"rendered":"<p>Kevadisel noorel lehestikul on lehe alumine osa veel roheline, \u00fclemised otsad aga juba veripunased. Aja jooksul muutub punane s\u00fcgavamaks ning peagi katab tervet lehestikku vaid kirgas punane pealispind. Kaunis ja omap\u00e4rane ongi just tema lehestik. Vahel harva v\u00f5ib kohata ka tagasihoidlikke valgeid \u00f5isi. Taime v\u00f5ib istutada hajutatult teiste taimede\u00a0sekka v\u00f5i\u00a0ka lihtsalt \u00fche suure massina. Sobib kasvatamiseks kiviktaimlat, alpi-aeda, \u00e4\u00e4ristusena. Nii v\u00f5i teisiti on imetlusv\u00e4\u00e4rne vaatepilt tagatud. Antud sordil puuduvad\u00a0v\u00f5i esinevad v\u00e4ga \u00fcksikud \u00f5ied.\u00a0Puhmikuid v\u00f5ib jagada kevadeti. Ei saa paljundada seemnetega. Kui ilmub m\u00f5ni \u00fcleni roheline leht, siis tuleks\u00a0see kohe eemaldada. Mullastiku suhtes leplik, kuid ei talu seisvat vett ega sellet\u00f5ttu l\u00e4bik\u00fclmumist, eriti talvel. Istutada veidi k\u00f5rgemasse aiaossa, p\u00e4ikesepaistelisse kasvukohta, viljakasse mulda.<\/p>","protected":false},"featured_media":3706,"template":"","meta":[],"product_brand":[],"product_cat":[4400,4415,4401,22],"product_tag":[],"class_list":{"0":"post-3705","1":"product","2":"type-product","3":"status-publish","4":"has-post-thumbnail","6":"product_cat-korrelised","7":"product_cat-lilleaed","8":"product_cat-pusikud","9":"product_cat-taimed","10":"pa_haiguskindlus-hea","11":"pa_moodud-k-30-40-cm-l-30-45-cm","12":"pa_oie-varv-beez","13":"pa_talvekindlus-hea","14":"pa_tsoon-z-5-9","15":"pa_variatsioon-suurem-pott","16":"pa_variatsioon-vaiksem-pott","18":"first","19":"instock","20":"purchasable","21":"product-type-variable"},"acf":[],"_links":{"self":[{"href":"https:\/\/dev.garden.ee\/en\/wp-json\/wp\/v2\/product\/3705","targetHints":{"allow":["GET"]}}],"collection":[{"href":"https:\/\/dev.garden.ee\/en\/wp-json\/wp\/v2\/product"}],"about":[{"href":"https:\/\/dev.garden.ee\/en\/wp-json\/wp\/v2\/types\/product"}],"wp:featuredmedia":[{"embeddable":true,"href":"https:\/\/dev.garden.ee\/en\/wp-json\/wp\/v2\/media\/3706"}],"wp:attachment":[{"href":"https:\/\/dev.garden.ee\/en\/wp-json\/wp\/v2\/media?parent=3705"}],"wp:term":[{"taxonomy":"product_brand","embeddable":true,"href":"https:\/\/dev.garden.ee\/en\/wp-json\/wp\/v2\/product_brand?post=3705"},{"taxonomy":"product_cat","embeddable":true,"href":"https:\/\/dev.garden.ee\/en\/wp-json\/wp\/v2\/product_cat?post=3705"},{"taxonomy":"product_tag","embeddable":true,"href":"https:\/\/dev.garden.ee\/en\/wp-json\/wp\/v2\/product_tag?post=3705"}],"curies":[{"name":"wp","href":"https:\/\/api.w.org\/{rel}","templated":true}]}}