{"id":3697,"date":"2023-01-18T17:29:12","date_gmt":"2023-01-18T15:29:12","guid":{"rendered":"https:\/\/dev.zezz.ee\/garden\/toode\/knautia-macedonica\/"},"modified":"2026-03-01T11:20:21","modified_gmt":"2026-03-01T09:20:21","slug":"knautia-macedonica","status":"publish","type":"product","link":"https:\/\/dev.garden.ee\/en\/product\/knautia-macedonica\/","title":{"rendered":"Knautia macedonica"},"content":{"rendered":"<input class=\"fooboxshare_post_id\" type=\"hidden\" value=\"3697\"\/>","protected":false},"excerpt":{"rendered":"<p>P\u00fcstised varred kannavad rohkeid pisikesi karmiinpunaseid n\u00f5elapatju meenutavaid \u00f5isi. \u00d5ied kestavad suvest kuni k\u00fclmadeni, meelitades kohale ka liblikaid. Sobivad kasvatamiseks n\u00e4iteks koos dekoratiivsete k\u00f5rrelistega v\u00f5i niidutaimedega, avatud ja \u00f5hulisse paika. Tihedama istutusega taimealas v\u00f5ivad nakatuda jahukastesse. Taimed sobivad suurep\u00e4raselt kokku oma h\u00f5bedase lehestikuga, mis asub taime alaosas. Nad\u00a0on pigem l\u00fchiealised, kuid muretsemiseks pole p\u00f5hjust, sest taim saab v\u00e4ga edukalt ise oma paljundamisega hakkama, seega kaunis lilleilu nii kergelt juba ei kao. Mullastiku suhtes \u00fcldjuhul leplik, saab hakkama ka p\u00f5uasemates tingimustes, m\u00f5neti on aga siiski tundlik liigniiskuse suhtes.<\/p>\n<p>Kaaslastena sobivad nt\u00a0Deschampsia cespitosa, Echinacea purpurea &#8216;Magnus&#8217;.<\/p>","protected":false},"featured_media":3698,"template":"","meta":[],"product_brand":[],"product_cat":[4407,4415,4413,6934,4401,22],"product_tag":[],"class_list":{"0":"post-3697","1":"product","2":"type-product","3":"status-publish","4":"has-post-thumbnail","6":"product_cat-aasad","7":"product_cat-lilleaed","8":"product_cat-loikelilleaed","9":"product_cat-mesilassobralik-aed","10":"product_cat-pusikud","11":"product_cat-taimed","12":"pa_haiguskindlus-keskmine","13":"pa_moodud-k-50-70-cm-l-60-cm","14":"pa_oie-varv-purpurne","15":"pa_oitsemise-aeg-juuli-september","16":"pa_talvekindlus-hea","17":"pa_tsoon-z-5-9","18":"pa_variatsioon-suurem-pott","19":"pa_variatsioon-vaiksem-pott","21":"first","22":"outofstock","23":"purchasable","24":"product-type-variable"},"acf":[],"_links":{"self":[{"href":"https:\/\/dev.garden.ee\/en\/wp-json\/wp\/v2\/product\/3697","targetHints":{"allow":["GET"]}}],"collection":[{"href":"https:\/\/dev.garden.ee\/en\/wp-json\/wp\/v2\/product"}],"about":[{"href":"https:\/\/dev.garden.ee\/en\/wp-json\/wp\/v2\/types\/product"}],"wp:featuredmedia":[{"embeddable":true,"href":"https:\/\/dev.garden.ee\/en\/wp-json\/wp\/v2\/media\/3698"}],"wp:attachment":[{"href":"https:\/\/dev.garden.ee\/en\/wp-json\/wp\/v2\/media?parent=3697"}],"wp:term":[{"taxonomy":"product_brand","embeddable":true,"href":"https:\/\/dev.garden.ee\/en\/wp-json\/wp\/v2\/product_brand?post=3697"},{"taxonomy":"product_cat","embeddable":true,"href":"https:\/\/dev.garden.ee\/en\/wp-json\/wp\/v2\/product_cat?post=3697"},{"taxonomy":"product_tag","embeddable":true,"href":"https:\/\/dev.garden.ee\/en\/wp-json\/wp\/v2\/product_tag?post=3697"}],"curies":[{"name":"wp","href":"https:\/\/api.w.org\/{rel}","templated":true}]}}