{"id":3687,"date":"2023-01-18T17:29:06","date_gmt":"2023-01-18T15:29:06","guid":{"rendered":"https:\/\/dev.zezz.ee\/garden\/toode\/liatris-spicata-floristan-white\/"},"modified":"2026-03-01T20:40:58","modified_gmt":"2026-03-01T18:40:58","slug":"liatris-spicata-floristan-white","status":"publish","type":"product","link":"https:\/\/dev.garden.ee\/en\/product\/liatris-spicata-floristan-white\/","title":{"rendered":"Liatris spicata &#8216;Floristan White&#8217;"},"content":{"rendered":"<input class=\"fooboxshare_post_id\" type=\"hidden\" value=\"3687\"\/>","protected":false},"excerpt":{"rendered":"<p>Taim moodustab k\u00f5rrelistele sarnase lehestikuga puhma, mille\u00a0kohal k\u00f5rguvad valged p\u00fcstised \u00f5isikud. Viimastest saavad hiljem seemnekobarad, mis pakuvad huvi mitmetele lindudele. Pikkade \u00f5ievarte ladvast alates avanevad j\u00e4rjest allapoole valged \u00f5isikud.\u00a0Taim sobib imeh\u00e4sti n\u00e4iteks purpursetes toonides olevasse segapeenrasse.\u00a0Puhmikuid v\u00f5ib jagada kevadeti iga 3 kuni 4 aasta tagant.\u00a0Meelitab liblikaid, sobib ka l\u00f5ikelilleks. Ei talu liigniiskust.<\/p>","protected":false},"featured_media":25708,"template":"","meta":[],"product_brand":[],"product_cat":[4407,4415,4413,6934,4401,22],"product_tag":[],"class_list":{"0":"post-3687","1":"product","2":"type-product","3":"status-publish","4":"has-post-thumbnail","6":"product_cat-aasad","7":"product_cat-lilleaed","8":"product_cat-loikelilleaed","9":"product_cat-mesilassobralik-aed","10":"product_cat-pusikud","11":"product_cat-taimed","12":"pa_haiguskindlus-vaga-hea","13":"pa_moodud-k-80-cm-l-40-cm","14":"pa_oie-varv-valge","15":"pa_oitsemise-aeg-juuli-august","16":"pa_talvekindlus-vaga-hea","17":"pa_tsoon-z-3-9","18":"pa_variatsioon-suurem-pott","19":"pa_variatsioon-vaiksem-pott","21":"first","22":"outofstock","23":"purchasable","24":"product-type-variable"},"acf":[],"_links":{"self":[{"href":"https:\/\/dev.garden.ee\/en\/wp-json\/wp\/v2\/product\/3687","targetHints":{"allow":["GET"]}}],"collection":[{"href":"https:\/\/dev.garden.ee\/en\/wp-json\/wp\/v2\/product"}],"about":[{"href":"https:\/\/dev.garden.ee\/en\/wp-json\/wp\/v2\/types\/product"}],"wp:featuredmedia":[{"embeddable":true,"href":"https:\/\/dev.garden.ee\/en\/wp-json\/wp\/v2\/media\/25708"}],"wp:attachment":[{"href":"https:\/\/dev.garden.ee\/en\/wp-json\/wp\/v2\/media?parent=3687"}],"wp:term":[{"taxonomy":"product_brand","embeddable":true,"href":"https:\/\/dev.garden.ee\/en\/wp-json\/wp\/v2\/product_brand?post=3687"},{"taxonomy":"product_cat","embeddable":true,"href":"https:\/\/dev.garden.ee\/en\/wp-json\/wp\/v2\/product_cat?post=3687"},{"taxonomy":"product_tag","embeddable":true,"href":"https:\/\/dev.garden.ee\/en\/wp-json\/wp\/v2\/product_tag?post=3687"}],"curies":[{"name":"wp","href":"https:\/\/api.w.org\/{rel}","templated":true}]}}