{"id":3683,"date":"2023-01-18T17:29:03","date_gmt":"2023-01-18T15:29:03","guid":{"rendered":"https:\/\/dev.zezz.ee\/garden\/toode\/liatris-spicata-floristan-violet\/"},"modified":"2026-03-01T20:35:32","modified_gmt":"2026-03-01T18:35:32","slug":"liatris-spicata-floristan-violet","status":"publish","type":"product","link":"https:\/\/dev.garden.ee\/en\/product\/liatris-spicata-floristan-violet\/","title":{"rendered":"Liatris spicata &#8216;Floristan Violet&#8217;"},"content":{"rendered":"<input class=\"fooboxshare_post_id\" type=\"hidden\" value=\"3683\"\/>","protected":false},"excerpt":{"rendered":"<p>Puhmamoodustaval taimel on pikad sirged keskmiserohelisega lehed. Suvel k\u00f5rguvad lehestiku kohal p\u00fcstised lillad \u00f5isikud. Esmalt avaneb \u00f5isiku \u00fclemine ots,\u00a0edasi liigub avanenud \u00f5ite hulk allapoole, kuni l\u00f5puks s\u00e4rab avanenud \u00f5isik oma t\u00e4ies kauniduses. Ideaalne k\u00f5rgemakasvuliste p\u00fcsikutega segapeenrasse v\u00f5i hoopiski madalakasvulistele daaliatele taustaks. \u00d5isikud meelitavad ligi\u00a0liblikaid ning mesilasi. Lilled sobivad suurep\u00e4raselt ka vaasipanekuks. Taim ei talu liigniiskust.<\/p>","protected":false},"featured_media":25707,"template":"","meta":[],"product_brand":[],"product_cat":[4407,4415,4413,6934,4401,22],"product_tag":[],"class_list":{"0":"post-3683","1":"product","2":"type-product","3":"status-publish","4":"has-post-thumbnail","6":"product_cat-aasad","7":"product_cat-lilleaed","8":"product_cat-loikelilleaed","9":"product_cat-mesilassobralik-aed","10":"product_cat-pusikud","11":"product_cat-taimed","12":"pa_haiguskindlus-vaga-hea","13":"pa_moodud-k-60-80-cm-l-40-45-cm","14":"pa_oie-varv-lilla","15":"pa_oitsemise-aeg-juuli-august","16":"pa_talvekindlus-hea","17":"pa_tsoon-2-9","18":"pa_variatsioon-suurem-pott","19":"pa_variatsioon-vaiksem-pott","21":"first","22":"outofstock","23":"purchasable","24":"product-type-variable"},"acf":[],"_links":{"self":[{"href":"https:\/\/dev.garden.ee\/en\/wp-json\/wp\/v2\/product\/3683","targetHints":{"allow":["GET"]}}],"collection":[{"href":"https:\/\/dev.garden.ee\/en\/wp-json\/wp\/v2\/product"}],"about":[{"href":"https:\/\/dev.garden.ee\/en\/wp-json\/wp\/v2\/types\/product"}],"wp:featuredmedia":[{"embeddable":true,"href":"https:\/\/dev.garden.ee\/en\/wp-json\/wp\/v2\/media\/25707"}],"wp:attachment":[{"href":"https:\/\/dev.garden.ee\/en\/wp-json\/wp\/v2\/media?parent=3683"}],"wp:term":[{"taxonomy":"product_brand","embeddable":true,"href":"https:\/\/dev.garden.ee\/en\/wp-json\/wp\/v2\/product_brand?post=3683"},{"taxonomy":"product_cat","embeddable":true,"href":"https:\/\/dev.garden.ee\/en\/wp-json\/wp\/v2\/product_cat?post=3683"},{"taxonomy":"product_tag","embeddable":true,"href":"https:\/\/dev.garden.ee\/en\/wp-json\/wp\/v2\/product_tag?post=3683"}],"curies":[{"name":"wp","href":"https:\/\/api.w.org\/{rel}","templated":true}]}}