{"id":3670,"date":"2023-01-18T17:28:55","date_gmt":"2023-01-18T15:28:55","guid":{"rendered":"https:\/\/dev.zezz.ee\/garden\/toode\/hosta-plantaginea\/"},"modified":"2026-02-27T16:24:48","modified_gmt":"2026-02-27T14:24:48","slug":"hosta-plantaginea","status":"publish","type":"product","link":"https:\/\/dev.garden.ee\/en\/product\/hosta-plantaginea\/","title":{"rendered":"Hosta plantaginea"},"content":{"rendered":"<input class=\"fooboxshare_post_id\" type=\"hidden\" value=\"3670\"\/>","protected":false},"excerpt":{"rendered":"<p>Sellel hostasordi l\u00e4ikivad lehed on \u00f5hukesed, kergelt lainelise servaga, laiad ja s\u00fcdamekujulised.\u00a0Silmapaistev hosta pole mitte ainult tuntud oma kauni helerohelise l\u00e4ikiva lehestiku t\u00f5ttu.\u00a0Suve l\u00f5pus ilmuvad v\u00e4lja k\u00fcllaltki suured trompetliiliale sarnased valged \u00f5ied, mis avanedes loovad aeda imelise aroomioaasi. \u00d5ite poolest peetakse taime \u00fcheks parimaks hostade seas. J\u00f5uline ning tiheda lehestikuga sort on suurep\u00e4rane valik, kuna takistab t\u00fc\u00fctu umbrohu levikut.\u00a0Eelistab pigem poolvarjulist kasvuala.\u00a0See liik p\u00e4rineb Hiinast. \u00d5isikuvars v\u00f5ib kasvada kuni 60 cm k\u00f5rguseks. Valged, ilusad \u00f5ied l\u00f5hnavad, eriti sumedatel suve\u00f6\u00f6del. Seda sorti hosta ei ole Eestis laialt levinud.\u00a0Kuival liivmullal v\u00f5ib j\u00e4\u00e4da kiduraks, samuti ei talu pinnale seisma j\u00e4\u00e4nud vett. Sobib h\u00e4sti nii p\u00fcsilillepeenardesse kui ka haljasaladele murudesse ja mitmesugustele istutusaladele kas \u00fcksikp\u00f5\u00f5saste v\u00f5i r\u00fchmadena.<\/p>\n<p>Hooldus: hostataim tuleks istutada rammusasse mulda, kindlasti peale istutamist aeg-ajalt kasta, kuni juurdunud. Kasta tuleks juurte \u00fcmbert, mitte lehtede pealt. Taime saab paljundada jagamise teel.<\/p>","protected":false},"featured_media":3671,"template":"","meta":[],"product_brand":[],"product_cat":[4406,4401,4412,22],"product_tag":[],"class_list":{"0":"post-3670","1":"product","2":"type-product","3":"status-publish","4":"has-post-thumbnail","6":"product_cat-park","7":"product_cat-pusikud","8":"product_cat-varjuaed","9":"product_cat-taimed","10":"pa_haiguskindlus-hea","11":"pa_moodud-k-60-cm-l-90-cm","12":"pa_oie-varv-valge","13":"pa_oitsemise-aeg-august","14":"pa_talvekindlus-hea","15":"pa_tsoon-5-8","16":"pa_variatsioon-suurem-pott","17":"pa_variatsioon-vaiksem-pott","19":"first","20":"instock","21":"purchasable","22":"product-type-variable"},"acf":[],"_links":{"self":[{"href":"https:\/\/dev.garden.ee\/en\/wp-json\/wp\/v2\/product\/3670","targetHints":{"allow":["GET"]}}],"collection":[{"href":"https:\/\/dev.garden.ee\/en\/wp-json\/wp\/v2\/product"}],"about":[{"href":"https:\/\/dev.garden.ee\/en\/wp-json\/wp\/v2\/types\/product"}],"wp:featuredmedia":[{"embeddable":true,"href":"https:\/\/dev.garden.ee\/en\/wp-json\/wp\/v2\/media\/3671"}],"wp:attachment":[{"href":"https:\/\/dev.garden.ee\/en\/wp-json\/wp\/v2\/media?parent=3670"}],"wp:term":[{"taxonomy":"product_brand","embeddable":true,"href":"https:\/\/dev.garden.ee\/en\/wp-json\/wp\/v2\/product_brand?post=3670"},{"taxonomy":"product_cat","embeddable":true,"href":"https:\/\/dev.garden.ee\/en\/wp-json\/wp\/v2\/product_cat?post=3670"},{"taxonomy":"product_tag","embeddable":true,"href":"https:\/\/dev.garden.ee\/en\/wp-json\/wp\/v2\/product_tag?post=3670"}],"curies":[{"name":"wp","href":"https:\/\/api.w.org\/{rel}","templated":true}]}}