{"id":3665,"date":"2023-01-18T17:28:52","date_gmt":"2023-01-18T15:28:52","guid":{"rendered":"https:\/\/dev.zezz.ee\/garden\/toode\/lilium-tiger-babies\/"},"modified":"2026-01-16T10:05:55","modified_gmt":"2026-01-16T08:05:55","slug":"lilium-tiger-babies","status":"publish","type":"product","link":"https:\/\/dev.garden.ee\/en\/product\/lilium-tiger-babies\/","title":{"rendered":"Lilium &#8216;Tiger Babies&#8217;"},"content":{"rendered":"<input class=\"fooboxshare_post_id\" type=\"hidden\" value=\"3665\"\/>","protected":false},"excerpt":{"rendered":"<p>\u00dcks ainulaadsemaid liiliaid, mille vanemateks on Lilium lancifolium ja Lilium regale. Aretatud Ameerika \u00dchendriikides pea 30 aastat tagasi Judith Freemani poolt. Hea suurusega pastelsed virsikukarva \u00f5ied tugevasti t\u00e4pistatud ja need on \u00f5rnalt aromaatsed. Varred on tugevad ja j\u00e4medad, seet\u00f5ttu pole teda vaja toestada. V\u00e4ga lihtne kasvatada ja kiire paljunema, m\u00e4rkimisv\u00e4\u00e4rselt t\u00e4nuv\u00e4\u00e4rne liiliasort.<\/p>\n<p>Sibula suurus\u00a016\/18 cm.<\/p>","protected":false},"featured_media":3666,"template":"","meta":[],"product_brand":[],"product_cat":[4403,4415,4413,4401,4391,22],"product_tag":[9450,9417],"class_list":{"0":"post-3665","1":"product","2":"type-product","3":"status-publish","4":"has-post-thumbnail","6":"product_cat-kodu","7":"product_cat-lilleaed","8":"product_cat-loikelilleaed","9":"product_cat-pusikud","10":"product_cat-sibullilled","11":"product_cat-taimed","12":"product_tag-aasia-liilia","13":"product_tag-soodushind-50","14":"pa_lohn-orn","15":"pa_moodud-k-1-m-l-30-cm","16":"pa_oie-varv-oranz","17":"pa_oitsemise-aeg-juuli","18":"pa_talvekindlus-hea","19":"pa_tsoon-z-3-9","20":"pa_variatsioon-sibul-ainult-kevadel","21":"pa_variatsioon-suurem-pott","23":"first","24":"instock","25":"sale","26":"taxable","27":"shipping-taxable","28":"purchasable","29":"product-type-variable"},"acf":[],"_links":{"self":[{"href":"https:\/\/dev.garden.ee\/en\/wp-json\/wp\/v2\/product\/3665","targetHints":{"allow":["GET"]}}],"collection":[{"href":"https:\/\/dev.garden.ee\/en\/wp-json\/wp\/v2\/product"}],"about":[{"href":"https:\/\/dev.garden.ee\/en\/wp-json\/wp\/v2\/types\/product"}],"wp:featuredmedia":[{"embeddable":true,"href":"https:\/\/dev.garden.ee\/en\/wp-json\/wp\/v2\/media\/3666"}],"wp:attachment":[{"href":"https:\/\/dev.garden.ee\/en\/wp-json\/wp\/v2\/media?parent=3665"}],"wp:term":[{"taxonomy":"product_brand","embeddable":true,"href":"https:\/\/dev.garden.ee\/en\/wp-json\/wp\/v2\/product_brand?post=3665"},{"taxonomy":"product_cat","embeddable":true,"href":"https:\/\/dev.garden.ee\/en\/wp-json\/wp\/v2\/product_cat?post=3665"},{"taxonomy":"product_tag","embeddable":true,"href":"https:\/\/dev.garden.ee\/en\/wp-json\/wp\/v2\/product_tag?post=3665"}],"curies":[{"name":"wp","href":"https:\/\/api.w.org\/{rel}","templated":true}]}}