{"id":3644,"date":"2023-01-18T17:28:40","date_gmt":"2023-01-18T15:28:40","guid":{"rendered":"https:\/\/dev.zezz.ee\/garden\/toode\/helenium-moerheim-beauty\/"},"modified":"2026-02-24T17:41:45","modified_gmt":"2026-02-24T15:41:45","slug":"helenium-moerheim-beauty","status":"publish","type":"product","link":"https:\/\/dev.garden.ee\/en\/product\/helenium-moerheim-beauty\/","title":{"rendered":"Helenium &#8216;Moerheim Beauty&#8217;"},"content":{"rendered":"<input class=\"fooboxshare_post_id\" type=\"hidden\" value=\"3644\"\/>","protected":false},"excerpt":{"rendered":"<p>Efektne pikaajaline \u00f5itseja. N\u00e4rtsinud \u00f5ite eemaldamine ergutab \u00fcha uut \u00f5itsengut. Kaunis kombinatsioon v\u00e4rske rohelise lehestiku ning tumeda s\u00fcdamikuga oran\u017eikirjude \u00f5ite vahel. Heleeniumid on kauneimad massistutusena v\u00f5i vabaistutusega peenardes, segatuna koos teiste p\u00fcsikute ning k\u00f5rrelistega. Meelitab oma \u00f5itega kohale ka liblikaid.\u00a0Sordi aretusega tegeles Messrs B. Ruys 1930. aasta Hollandis.\u00a0\u00d5ied sobivad suurep\u00e4raselt l\u00f5ikelilleks. Taime k\u00e4sitlemisel tuleks aga olla v\u00e4ga t\u00e4helepanelik, kuna lehestik v\u00f5ib p\u00f5hjustada naha\u00e4rritust.\u00a0Lihtsalt kasvatatav taim, talle sobib eelk\u00f5ige m\u00e4rjemapoolsem pinnas, tavaline aiamuld. Tavaliselt tuge ei vaja. Haigused \u00fcldjuhul teda ei kimbuta. Sobib \u00fclih\u00e4sti p\u00fcsikute peenrasse, maakodu-aeda. Heleeniumid on natuke hilisemad \u00f5itsejad. Selle eest \u00f5itsevad kuni k\u00fclmadeni v\u00e4lja. Meie tingimustes v\u00e4ga hea talvituja. S\u00fcgisel v\u00f5ib kuivanud varred k\u00f5ik maani maha l\u00f5igata. Kevadel alustab uute kasvudega.<\/p>\n<p>Kaaslastena sobivad nt Stipa gigantea ja Calamagrostis \u00d7 acutiflora &#8216;Karl Foerster&#8217;.<\/p>","protected":false},"featured_media":3645,"template":"","meta":[],"product_brand":[],"product_cat":[4415,4413,6934,4401,22],"product_tag":[],"class_list":{"0":"post-3644","1":"product","2":"type-product","3":"status-publish","4":"has-post-thumbnail","6":"product_cat-lilleaed","7":"product_cat-loikelilleaed","8":"product_cat-mesilassobralik-aed","9":"product_cat-pusikud","10":"product_cat-taimed","11":"pa_haiguskindlus-hea","12":"pa_moodud-k-80-90-cm-l-60-cm","13":"pa_oie-varv-oranz","14":"pa_oitsemise-aeg-juuni-september","15":"pa_talvekindlus-vaga-hea","16":"pa_tsoon-z-4-9","17":"pa_variatsioon-suurem-pott","18":"pa_variatsioon-vaiksem-pott","20":"first","21":"instock","22":"purchasable","23":"product-type-variable"},"acf":[],"_links":{"self":[{"href":"https:\/\/dev.garden.ee\/en\/wp-json\/wp\/v2\/product\/3644","targetHints":{"allow":["GET"]}}],"collection":[{"href":"https:\/\/dev.garden.ee\/en\/wp-json\/wp\/v2\/product"}],"about":[{"href":"https:\/\/dev.garden.ee\/en\/wp-json\/wp\/v2\/types\/product"}],"wp:featuredmedia":[{"embeddable":true,"href":"https:\/\/dev.garden.ee\/en\/wp-json\/wp\/v2\/media\/3645"}],"wp:attachment":[{"href":"https:\/\/dev.garden.ee\/en\/wp-json\/wp\/v2\/media?parent=3644"}],"wp:term":[{"taxonomy":"product_brand","embeddable":true,"href":"https:\/\/dev.garden.ee\/en\/wp-json\/wp\/v2\/product_brand?post=3644"},{"taxonomy":"product_cat","embeddable":true,"href":"https:\/\/dev.garden.ee\/en\/wp-json\/wp\/v2\/product_cat?post=3644"},{"taxonomy":"product_tag","embeddable":true,"href":"https:\/\/dev.garden.ee\/en\/wp-json\/wp\/v2\/product_tag?post=3644"}],"curies":[{"name":"wp","href":"https:\/\/api.w.org\/{rel}","templated":true}]}}