{"id":3640,"date":"2023-01-18T17:28:37","date_gmt":"2023-01-18T15:28:37","guid":{"rendered":"https:\/\/dev.zezz.ee\/garden\/toode\/hosta-fire-and-ice\/"},"modified":"2026-02-27T15:59:44","modified_gmt":"2026-02-27T13:59:44","slug":"hosta-fire-and-ice","status":"publish","type":"product","link":"https:\/\/dev.garden.ee\/en\/product\/hosta-fire-and-ice\/","title":{"rendered":"Hosta &#8216;Fire and Ice&#8217;"},"content":{"rendered":"<input class=\"fooboxshare_post_id\" type=\"hidden\" value=\"3640\"\/>","protected":false},"excerpt":{"rendered":"<p>S\u00e4ravvalgel s\u00fcdamekujulisel keskosal on tumeroheline s\u00e4bruline \u00e4\u00e4ristus. H\u00e4sti vahva v\u00e4rvikooslus. Lillakad \u00f5ied avanevad \u00fcle lehestiku k\u00f5rguvate varte tipus ning p\u00fcsivad kuni suve l\u00f5puni. Keskmise kasvuga hostasort, mis on eriti kaunis, kui istutada k\u00f5rvuti p\u00e4evaliiliatega v\u00f5i n\u00e4iteks punaste astilbedega. Hostad on tegelikult liilialiste sugukonda kuuluvad lehtdekoratiivsed, hea kohanemisv\u00f5imega taimed. Taluvad jahedamat kliimat sama h\u00e4sti kui n\u00e4iteks subtroopilist. Sellele hostasordile meeldib kasvada enamasti poolvarjus. V\u00e4ga varjulises kohas venivad lehed pikaks, taim j\u00e4\u00e4b kiduraks ning sordile omane v\u00e4rvus tuhmub v\u00f5i isegi kaob.<\/p>\n<p>Hooldus: Hostataim istutada rammusasse mulda, kindlasti peale istutamist aeg-ajalt kasta, kuni juurdunud. Kasta tuleks juurte \u00fcmbert, mitte lehtede pealt. Taime saab paljundada jagamise teel.<\/p>","protected":false},"featured_media":3641,"template":"","meta":[],"product_brand":[],"product_cat":[4406,4401,4412,22],"product_tag":[],"class_list":{"0":"post-3640","1":"product","2":"type-product","3":"status-publish","4":"has-post-thumbnail","6":"product_cat-park","7":"product_cat-pusikud","8":"product_cat-varjuaed","9":"product_cat-taimed","10":"pa_haiguskindlus-hea","11":"pa_moodud-k-25-cm-l-40-cm","12":"pa_oie-varv-lilla","13":"pa_oitsemise-aeg-juuli-august","14":"pa_talvekindlus-vaga-hea","15":"pa_tsoon-3-9","16":"pa_variatsioon-suurem-pott","17":"pa_variatsioon-suurem-pott-soodushind-50","18":"pa_variatsioon-vaiksem-pott","20":"first","21":"instock","22":"sale","23":"purchasable","24":"product-type-variable"},"acf":[],"_links":{"self":[{"href":"https:\/\/dev.garden.ee\/en\/wp-json\/wp\/v2\/product\/3640","targetHints":{"allow":["GET"]}}],"collection":[{"href":"https:\/\/dev.garden.ee\/en\/wp-json\/wp\/v2\/product"}],"about":[{"href":"https:\/\/dev.garden.ee\/en\/wp-json\/wp\/v2\/types\/product"}],"wp:featuredmedia":[{"embeddable":true,"href":"https:\/\/dev.garden.ee\/en\/wp-json\/wp\/v2\/media\/3641"}],"wp:attachment":[{"href":"https:\/\/dev.garden.ee\/en\/wp-json\/wp\/v2\/media?parent=3640"}],"wp:term":[{"taxonomy":"product_brand","embeddable":true,"href":"https:\/\/dev.garden.ee\/en\/wp-json\/wp\/v2\/product_brand?post=3640"},{"taxonomy":"product_cat","embeddable":true,"href":"https:\/\/dev.garden.ee\/en\/wp-json\/wp\/v2\/product_cat?post=3640"},{"taxonomy":"product_tag","embeddable":true,"href":"https:\/\/dev.garden.ee\/en\/wp-json\/wp\/v2\/product_tag?post=3640"}],"curies":[{"name":"wp","href":"https:\/\/api.w.org\/{rel}","templated":true}]}}