{"id":3625,"date":"2023-01-18T17:28:30","date_gmt":"2023-01-18T15:28:30","guid":{"rendered":"https:\/\/dev.zezz.ee\/garden\/toode\/leucanthemum-x-superbum-wirral-supreme\/"},"modified":"2026-03-01T15:45:58","modified_gmt":"2026-03-01T13:45:58","slug":"leucanthemum-x-superbum-wirral-supreme","status":"publish","type":"product","link":"https:\/\/dev.garden.ee\/en\/product\/leucanthemum-x-superbum-wirral-supreme\/","title":{"rendered":"Leucanthemum \u00d7 superbum &#8216;Wirral Supreme&#8217;"},"content":{"rendered":"<input class=\"fooboxshare_post_id\" type=\"hidden\" value=\"3625\"\/>","protected":false},"excerpt":{"rendered":"<p>Imetlusv\u00e4\u00e4rset topelt\u00f5itega sorti peetakse h\u00e4rjasilmade seas \u00fcheks parimaks. \u00d5ite kollast s\u00fcdamikku \u00fcmbritsevad kitsamad ning pisemad kroonlehed, v\u00e4limised kroonlehed on eelmistest m\u00e4rgatavalt laiemad ning pikemad, asetsedes\u00a0allapoole kaardu. Tulemuseks on \u00fcliarmsad s\u00e4ravvalged \u00f5ienupsud. Ilus roheline lehestik pakub \u00f5itele kaunist kontrasti. Kuigi koos p\u00e4ikesega l\u00f6\u00f6vad \u00f5ied justkui s\u00e4rama, suudavad nad valgust tuua ka sombusema ilmaga p\u00e4evadesse. Aeg-ajalt kontrollida, et kiriteod pole taime kahjustanud.<\/p>","protected":false},"featured_media":3626,"template":"","meta":[],"product_brand":[],"product_cat":[4415,4413,6934,4401,22],"product_tag":[],"class_list":{"0":"post-3625","1":"product","2":"type-product","3":"status-publish","4":"has-post-thumbnail","6":"product_cat-lilleaed","7":"product_cat-loikelilleaed","8":"product_cat-mesilassobralik-aed","9":"product_cat-pusikud","10":"product_cat-taimed","11":"pa_haiguskindlus-hea","12":"pa_moodud-k-80-cm-l-60-cm","13":"pa_oie-varv-valge","14":"pa_oitsemise-aeg-juuni-september","15":"pa_talvekindlus-vaga-hea","16":"pa_tsoon-z-3-9","17":"pa_variatsioon-suurem-pott","18":"pa_variatsioon-vaiksem-pott","20":"first","21":"outofstock","22":"purchasable","23":"product-type-variable"},"acf":[],"_links":{"self":[{"href":"https:\/\/dev.garden.ee\/en\/wp-json\/wp\/v2\/product\/3625","targetHints":{"allow":["GET"]}}],"collection":[{"href":"https:\/\/dev.garden.ee\/en\/wp-json\/wp\/v2\/product"}],"about":[{"href":"https:\/\/dev.garden.ee\/en\/wp-json\/wp\/v2\/types\/product"}],"wp:featuredmedia":[{"embeddable":true,"href":"https:\/\/dev.garden.ee\/en\/wp-json\/wp\/v2\/media\/3626"}],"wp:attachment":[{"href":"https:\/\/dev.garden.ee\/en\/wp-json\/wp\/v2\/media?parent=3625"}],"wp:term":[{"taxonomy":"product_brand","embeddable":true,"href":"https:\/\/dev.garden.ee\/en\/wp-json\/wp\/v2\/product_brand?post=3625"},{"taxonomy":"product_cat","embeddable":true,"href":"https:\/\/dev.garden.ee\/en\/wp-json\/wp\/v2\/product_cat?post=3625"},{"taxonomy":"product_tag","embeddable":true,"href":"https:\/\/dev.garden.ee\/en\/wp-json\/wp\/v2\/product_tag?post=3625"}],"curies":[{"name":"wp","href":"https:\/\/api.w.org\/{rel}","templated":true}]}}