{"id":3601,"date":"2023-01-18T17:28:13","date_gmt":"2023-01-18T15:28:13","guid":{"rendered":"https:\/\/dev.zezz.ee\/garden\/toode\/lavandula-angustifolia-hidcote\/"},"modified":"2026-03-01T14:56:02","modified_gmt":"2026-03-01T12:56:02","slug":"lavandula-angustifolia-hidcote","status":"publish","type":"product","link":"https:\/\/dev.garden.ee\/en\/product\/lavandula-angustifolia-hidcote\/","title":{"rendered":"Lavandula angustifolia &#8216;Hidcote&#8217;"},"content":{"rendered":"<input class=\"fooboxshare_post_id\" type=\"hidden\" value=\"3601\"\/>","protected":false},"excerpt":{"rendered":"<p>Sort on h\u00f5bedase lehestikuga ning tumelilla \u00f5iestikuga. Oma kaunite ja silmatorkavat v\u00e4rvi \u00f5itega on ta ehteks igasse aeda, eriti \u00fcrdiaeda. T\u00e4nu oma heledale lehestikule on taim suuteline vastu pidama ka kuivemates oludes, kuna kaotab l\u00e4bi lehestiku v\u00e4hem niiskust kui rohelise lehestikuga taimed.\u00a0&#8216;Hidcote&#8217; on \u00fcks klassikalisi ja v\u00e4ga laialt kasutatavaid lavendleid. Sobib suurep\u00e4raselt rooside ja p\u00fcsikute juurde, ideaalne ka bord\u00fc\u00fcriks. Lumevaesel talvel v\u00f5iks teda veidi katta.<\/p>\n<p>Lisav\u00e4\u00e4rtustena v\u00f5ib esile tuua mitmeid. Esiteks saab noori v\u00f5rseid kasutada erinevate toitude maitsestamisel. Samuti on taimel \u00a0ka raviomadused: \u00fchena aitab korrastada seedimist. Kui n\u00e4iteks riidekappe kimbutavad koid, siis kuivatatud aromaatsed \u00f5ied on abiks ka nende vastu. Peletab eemale aiakahjureid.<\/p>","protected":false},"featured_media":3602,"template":"","meta":[],"product_brand":[],"product_cat":[4415,4414,4413,6934,4401,4410,4393,22],"product_tag":[],"class_list":{"0":"post-3601","1":"product","2":"type-product","3":"status-publish","4":"has-post-thumbnail","6":"product_cat-lilleaed","7":"product_cat-lohnaaed","8":"product_cat-loikelilleaed","9":"product_cat-mesilassobralik-aed","10":"product_cat-pusikud","11":"product_cat-tarbeaed","12":"product_cat-urdid","13":"product_cat-taimed","14":"pa_lohn-lohnav","15":"pa_moodud-k-40-50-cm-l-50-60-cm","16":"pa_oie-varv-lilla","17":"pa_oitsemise-aeg-juuli-august","18":"pa_talvekindlus-hea","19":"pa_tsoon-z-5-9","20":"pa_variatsioon-suurem-pott","21":"pa_variatsioon-vaiksem-pott","23":"first","24":"outofstock","25":"purchasable","26":"product-type-variable"},"acf":[],"_links":{"self":[{"href":"https:\/\/dev.garden.ee\/en\/wp-json\/wp\/v2\/product\/3601","targetHints":{"allow":["GET"]}}],"collection":[{"href":"https:\/\/dev.garden.ee\/en\/wp-json\/wp\/v2\/product"}],"about":[{"href":"https:\/\/dev.garden.ee\/en\/wp-json\/wp\/v2\/types\/product"}],"wp:featuredmedia":[{"embeddable":true,"href":"https:\/\/dev.garden.ee\/en\/wp-json\/wp\/v2\/media\/3602"}],"wp:attachment":[{"href":"https:\/\/dev.garden.ee\/en\/wp-json\/wp\/v2\/media?parent=3601"}],"wp:term":[{"taxonomy":"product_brand","embeddable":true,"href":"https:\/\/dev.garden.ee\/en\/wp-json\/wp\/v2\/product_brand?post=3601"},{"taxonomy":"product_cat","embeddable":true,"href":"https:\/\/dev.garden.ee\/en\/wp-json\/wp\/v2\/product_cat?post=3601"},{"taxonomy":"product_tag","embeddable":true,"href":"https:\/\/dev.garden.ee\/en\/wp-json\/wp\/v2\/product_tag?post=3601"}],"curies":[{"name":"wp","href":"https:\/\/api.w.org\/{rel}","templated":true}]}}