{"id":3593,"date":"2023-01-18T17:28:06","date_gmt":"2023-01-18T15:28:06","guid":{"rendered":"https:\/\/dev.zezz.ee\/garden\/toode\/lavandula-angustifolia-rosea\/"},"modified":"2026-03-01T14:53:22","modified_gmt":"2026-03-01T12:53:22","slug":"lavandula-angustifolia-rosea","status":"publish","type":"product","link":"https:\/\/dev.garden.ee\/en\/product\/lavandula-angustifolia-rosea\/","title":{"rendered":"Lavandula angustifolia &#8216;Rosea&#8217;"},"content":{"rendered":"<input class=\"fooboxshare_post_id\" type=\"hidden\" value=\"3593\"\/>","protected":false},"excerpt":{"rendered":"<p>Antud sordi puhul l\u00f6\u00f6vad hallikasrohelise lehestiku seast s\u00e4rama armsad roosad \u00f5ied. Nii lehestik kui ka \u00f5ied on v\u00e4ga aromaatsed. Seet\u00f5ttu on t\u00e4hklavendlitele omaselt\u00a0ka antud\u00a0taim v\u00e4ga populaarne parf\u00fc\u00fcmit\u00f6\u00f6stuses. Koit\u00f5rjena v\u00f5ib kasutada taime meeldivalt aromaatseid kuivatatud lehti ning \u00f5isi. Samuti kuluvad noored v\u00f5rsed \u00e4ra toidu maitsestamisel.<\/p>\n<p>Lavendleid tuleks igal aastal veidi tagasi p\u00fcgada, et s\u00e4ilitada\u00a0nende komapktne vorm. Suurep\u00e4rane valik nii moodsasse linnaaeda kui ka \u00fcrdiaeda. Istuta kas\u00a0madala hekina\u00a0v\u00f5i\u00a0p\u00fcsikute hulka. Klassikaline rooside kaaslane.\u00a0Lumevaesel talvel v\u00f5id veidi katta.<\/p>","protected":false},"featured_media":25691,"template":"","meta":[],"product_brand":[],"product_cat":[4415,4414,4413,6934,4401,4410,4411,4393,22],"product_tag":[],"class_list":{"0":"post-3593","1":"product","2":"type-product","3":"status-publish","4":"has-post-thumbnail","6":"product_cat-lilleaed","7":"product_cat-lohnaaed","8":"product_cat-loikelilleaed","9":"product_cat-mesilassobralik-aed","10":"product_cat-pusikud","11":"product_cat-tarbeaed","12":"product_cat-urdiaed","13":"product_cat-urdid","14":"product_cat-taimed","15":"pa_haiguskindlus-hea","16":"pa_lohn-lohnav","17":"pa_moodud-k-50-60-cm-l-60-cm","18":"pa_oie-varv-roosa","19":"pa_oitsemise-aeg-juuli-august","20":"pa_talvekindlus-hea","21":"pa_tsoon-5-10","22":"pa_variatsioon-suurem-pott","23":"pa_variatsioon-vaiksem-pott","25":"first","26":"outofstock","27":"purchasable","28":"product-type-variable"},"acf":[],"_links":{"self":[{"href":"https:\/\/dev.garden.ee\/en\/wp-json\/wp\/v2\/product\/3593","targetHints":{"allow":["GET"]}}],"collection":[{"href":"https:\/\/dev.garden.ee\/en\/wp-json\/wp\/v2\/product"}],"about":[{"href":"https:\/\/dev.garden.ee\/en\/wp-json\/wp\/v2\/types\/product"}],"wp:featuredmedia":[{"embeddable":true,"href":"https:\/\/dev.garden.ee\/en\/wp-json\/wp\/v2\/media\/25691"}],"wp:attachment":[{"href":"https:\/\/dev.garden.ee\/en\/wp-json\/wp\/v2\/media?parent=3593"}],"wp:term":[{"taxonomy":"product_brand","embeddable":true,"href":"https:\/\/dev.garden.ee\/en\/wp-json\/wp\/v2\/product_brand?post=3593"},{"taxonomy":"product_cat","embeddable":true,"href":"https:\/\/dev.garden.ee\/en\/wp-json\/wp\/v2\/product_cat?post=3593"},{"taxonomy":"product_tag","embeddable":true,"href":"https:\/\/dev.garden.ee\/en\/wp-json\/wp\/v2\/product_tag?post=3593"}],"curies":[{"name":"wp","href":"https:\/\/api.w.org\/{rel}","templated":true}]}}