{"id":3589,"date":"2023-01-18T17:28:03","date_gmt":"2023-01-18T15:28:03","guid":{"rendered":"https:\/\/dev.zezz.ee\/garden\/toode\/lavandula-angustifolia-munstead\/"},"modified":"2026-03-01T14:35:11","modified_gmt":"2026-03-01T12:35:11","slug":"lavandula-angustifolia-munstead","status":"publish","type":"product","link":"https:\/\/dev.garden.ee\/en\/product\/lavandula-angustifolia-munstead\/","title":{"rendered":"Lavandula angustifolia &#8216;Munstead&#8217;"},"content":{"rendered":"<input class=\"fooboxshare_post_id\" type=\"hidden\" value=\"3589\"\/>","protected":false},"excerpt":{"rendered":"<p>Samuti \u00fcks lilla\u00f5ieline t\u00e4hklavendel, tema lehestik on v\u00f5rreldes teistega veidi rohelisem. Tegemist on osaliselt puituva taimega. Kompaktset sorti tutvustati laiemale avalikkusele 1916. aastal. Sordi nimetus &#8216;Munstead&#8217; p\u00e4rineb v\u00e4idetavalt Inglismaalt Munstead Woodist, kus aiadisainer Gertrude Jekyll teda oma aias olevat kasvatanud.\u00a0Sarnaselt teistele liigikaaslastele on ka antud sordi nii \u00f5ied kui ka lehestik v\u00e4ga aromaatsed. Seet\u00f5ttu on antud sort v\u00e4ga populaarne parf\u00fc\u00fcmit\u00f6\u00f6stustes. Valmistades kuivatatud \u00f5itest ning lehtedest pisikesi l\u00f5hnakotikesi v\u00f5ib v\u00e4ga edukalt peletada ka t\u00fc\u00fctuid koisid. Samuti saab lavendli v\u00f5rseid suurep\u00e4raselt kasutada ka toidu maitsestamisel. Hea valik \u00fcrdiaeda, sobib katma kallakuid. Sobib tavaline v\u00f5i kergelt liivane muld. Lumevaesel talvel on talvekate soovitav.<\/p>","protected":false},"featured_media":3590,"template":"","meta":[],"product_brand":[],"product_cat":[4415,4414,4413,6934,4401,4410,4411,4393,22],"product_tag":[],"class_list":{"0":"post-3589","1":"product","2":"type-product","3":"status-publish","4":"has-post-thumbnail","6":"product_cat-lilleaed","7":"product_cat-lohnaaed","8":"product_cat-loikelilleaed","9":"product_cat-mesilassobralik-aed","10":"product_cat-pusikud","11":"product_cat-tarbeaed","12":"product_cat-urdiaed","13":"product_cat-urdid","14":"product_cat-taimed","15":"pa_haiguskindlus-hea","16":"pa_lohn-lohnav","17":"pa_moodud-k-30-45-cm-l-60-cm","18":"pa_oie-varv-lilla","19":"pa_oitsemise-aeg-juuli-august","20":"pa_talvekindlus-hea","21":"pa_tsoon-z-5-9","22":"pa_variatsioon-suurem-pott","23":"pa_variatsioon-vaiksem-pott","25":"first","26":"outofstock","27":"purchasable","28":"product-type-variable"},"acf":[],"_links":{"self":[{"href":"https:\/\/dev.garden.ee\/en\/wp-json\/wp\/v2\/product\/3589","targetHints":{"allow":["GET"]}}],"collection":[{"href":"https:\/\/dev.garden.ee\/en\/wp-json\/wp\/v2\/product"}],"about":[{"href":"https:\/\/dev.garden.ee\/en\/wp-json\/wp\/v2\/types\/product"}],"wp:featuredmedia":[{"embeddable":true,"href":"https:\/\/dev.garden.ee\/en\/wp-json\/wp\/v2\/media\/3590"}],"wp:attachment":[{"href":"https:\/\/dev.garden.ee\/en\/wp-json\/wp\/v2\/media?parent=3589"}],"wp:term":[{"taxonomy":"product_brand","embeddable":true,"href":"https:\/\/dev.garden.ee\/en\/wp-json\/wp\/v2\/product_brand?post=3589"},{"taxonomy":"product_cat","embeddable":true,"href":"https:\/\/dev.garden.ee\/en\/wp-json\/wp\/v2\/product_cat?post=3589"},{"taxonomy":"product_tag","embeddable":true,"href":"https:\/\/dev.garden.ee\/en\/wp-json\/wp\/v2\/product_tag?post=3589"}],"curies":[{"name":"wp","href":"https:\/\/api.w.org\/{rel}","templated":true}]}}