{"id":3543,"date":"2023-01-18T17:27:34","date_gmt":"2023-01-18T15:27:34","guid":{"rendered":"https:\/\/dev.zezz.ee\/garden\/toode\/hosta-blue-mouse-ears\/"},"modified":"2026-02-27T15:38:45","modified_gmt":"2026-02-27T13:38:45","slug":"hosta-blue-mouse-ears","status":"publish","type":"product","link":"https:\/\/dev.garden.ee\/en\/product\/hosta-blue-mouse-ears\/","title":{"rendered":"Hosta fortunei &#8216;Blue Mouse Ears&#8217;"},"content":{"rendered":"<input class=\"fooboxshare_post_id\" type=\"hidden\" value=\"3543\"\/>","protected":false},"excerpt":{"rendered":"<p>T\u00e4nu kaunitele \u00f5isikutele ning imearmsatele pisikestele lehtedele on tegemist \u00fche populaarseima ja madalama sordiga hostade seas. Sinine lehestik on oma m\u00f5\u00f5tmetelt v\u00e4ike, \u00fcmar ning\u00a0tihke struktuuriga.\u00a0Kahvatu lavendli v\u00e4rvi, suhteliselt suured \u00f5ied meenutavad oma kujult aga armsaid kellukesi. Sobib kiviktaimlatesse ja peenra \u00e4\u00e4ristuseks.\u00a02008. aastal p\u00e4lvis teisend USA-s AGHA poolt Aasta Hosta tiitli.\u00a0Hostad on tegelikult liilialiste sugukonda kuuluvad lehtdekoratiivsed, hea kohanemisv\u00f5imega taimed. Taluvad \u00a0jahedamat kliimat sama h\u00e4sti kui n\u00e4iteks subtroopilist. Hostadele meeldib kasvada enamasti poolvarjus. V\u00e4ga varjulises kohas venivad lehed pikaks ja taim j\u00e4\u00e4b kiduraks ning sordiomane v\u00e4rvus v\u00f5ib muutuda lihtsalt tavaliseks roheliseks.<\/p>\n<p>Hooldus: Hostataim tuleks istutada rammusasse mulda, kindlasti peale istutamist aeg-ajalt kasta, kuni juurdunud. Kasta tuleks juurte \u00fcmbert, mitte lehtede pealt. Taime saab paljundada jagamise teel.<\/p>","protected":false},"featured_media":3544,"template":"","meta":[],"product_brand":[],"product_cat":[4406,4401,4412,22],"product_tag":[],"class_list":{"0":"post-3543","1":"product","2":"type-product","3":"status-publish","4":"has-post-thumbnail","6":"product_cat-park","7":"product_cat-pusikud","8":"product_cat-varjuaed","9":"product_cat-taimed","10":"pa_haiguskindlus-hea","11":"pa_moodud-k-15-25-cm-l-20-30-cm","12":"pa_oie-varv-lilla","13":"pa_oitsemise-aeg-juuli-august","14":"pa_talvekindlus-vaga-hea","15":"pa_tsoon-4-9","16":"pa_variatsioon-suurem-pott","17":"pa_variatsioon-vaiksem-pott","19":"first","20":"onbackorder","21":"purchasable","22":"product-type-variable"},"acf":[],"_links":{"self":[{"href":"https:\/\/dev.garden.ee\/en\/wp-json\/wp\/v2\/product\/3543","targetHints":{"allow":["GET"]}}],"collection":[{"href":"https:\/\/dev.garden.ee\/en\/wp-json\/wp\/v2\/product"}],"about":[{"href":"https:\/\/dev.garden.ee\/en\/wp-json\/wp\/v2\/types\/product"}],"wp:featuredmedia":[{"embeddable":true,"href":"https:\/\/dev.garden.ee\/en\/wp-json\/wp\/v2\/media\/3544"}],"wp:attachment":[{"href":"https:\/\/dev.garden.ee\/en\/wp-json\/wp\/v2\/media?parent=3543"}],"wp:term":[{"taxonomy":"product_brand","embeddable":true,"href":"https:\/\/dev.garden.ee\/en\/wp-json\/wp\/v2\/product_brand?post=3543"},{"taxonomy":"product_cat","embeddable":true,"href":"https:\/\/dev.garden.ee\/en\/wp-json\/wp\/v2\/product_cat?post=3543"},{"taxonomy":"product_tag","embeddable":true,"href":"https:\/\/dev.garden.ee\/en\/wp-json\/wp\/v2\/product_tag?post=3543"}],"curies":[{"name":"wp","href":"https:\/\/api.w.org\/{rel}","templated":true}]}}